{"id":93914,"date":"2025-09-14T01:11:24","date_gmt":"2025-09-13T22:11:24","guid":{"rendered":"https:\/\/www.bakirkoyrotaract.org\/tr\/?page_id=93914"},"modified":"2025-09-14T01:28:26","modified_gmt":"2025-09-13T22:28:26","slug":"2023-2024-arsivi","status":"publish","type":"page","link":"https:\/\/www.bakirkoyrotaract.org\/tr\/projeler\/2023-2024-arsivi\/","title":{"rendered":"2023-2024 Ar\u015fivi"},"content":{"rendered":"<section class=\"kc-elm kc-css-409875 kc_row xt_kc_row_has_container xt_kc_row_has_padding\"><div class=\"kc-row-container  kc-container\"><div class=\"kc-wrap-columns\"><div class=\"kc-elm kc-css-644653 kc_col-sm-12 kc_column kc_col-sm-12\"><div class=\"kc-col-container\">\n<div class=\"kc-elm kc-css-605741 kc-blog-posts kc-blog-posts-2 kc-image-align-both\">\n\t\n\t\t\n\t\t\t\t<div class=\"kc-list-item-2\">\n\n\t\t\t\t\t\n\t\t\t\t\t\t<div class=\"post-item-left\">\n\t\t\t\t\t\t\t<div class=\"post_details\">\n\t\t\t\t\t\t\t\t<h2 class=\"post-title-alt\"><a\n\t\t\t\t\t\t\t\t\t\thref=\"https:\/\/www.bakirkoyrotaract.org\/tr\/18-07-2024-2024-2025-donemi-devir-teslim-toreni\/\"\n\t\t\t\t\t\t\t\t\t\ttitle=\"18.07.2024 \/ 2024 &#8211; 2025 D\u00f6nemi Devir Teslim T\u00f6reni\">18.07.2024 \/ 2024 &#8211; 2025 D\u00f6nemi Devir Teslim T\u00f6reni<\/a>\n\t\t\t\t\t\t\t\t<\/h2>\n\t\t\t\t\t\t\t\t\t\t\t\t\t\t\t\t\t<div class=\"post-meta\">\n\t\t\t\t\t\t\t\t\t\t\t\t\t\t\t\t\t\t\t\t\t\t\t\t\t\t\t\t\t\t\t<span class=\"post-date\"><i class=\"fa fa-clock-o\"><\/i> <a\n\t\t\t\t\t\t\t\t\t\t\t\thref=\"https:\/\/www.bakirkoyrotaract.org\/tr\/2024\/07\/\">Temmuz 18 2024<\/a> <\/span>\n\t\t\t\t\t\t\t\t\t\t\t\t\t\t\t\t\t\t\t\t\t\t\t\t\t\t\t\t\t\t\t\t\t\t\t\t\t\t\t\t\t\t\t<span class=\"post-cats\"><i class=\"fa fa-folder-o\"\n\t\t\t\t\t\t\t\t\t\t\t                           aria-hidden=\"true\"><\/i> <a href=\"https:\/\/www.bakirkoyrotaract.org\/tr\/category\/2023-2024\/\" rel=\"category tag\">2023-2024<\/a>, <a href=\"https:\/\/www.bakirkoyrotaract.org\/tr\/category\/2024-2025\/\" rel=\"category tag\">2024-2025<\/a>, <a href=\"https:\/\/www.bakirkoyrotaract.org\/tr\/category\/genel\/\" rel=\"category tag\">Genel<\/a>, <a href=\"https:\/\/www.bakirkoyrotaract.org\/tr\/category\/kyk\/\" rel=\"category tag\">Kul\u00fcp Y\u00f6netimi Kom.<\/a><\/span>\n\t\t\t\t\t\t\t\t\t\t\t\t\t\t\t\t\t\t\t\t\t\t\t\t\t\t\t\t\t\t<\/div>\n\t\t\t\t\t\t\t\t\t\t\t\t\t\t\t<\/div>\n\t\t\t\t\t\t\t\t\t\t\t\t\t\t\t<p>Devir Teslim T\u00f6renimizi 18.07.2024 tarihinde ger\u00e7ekle\u015ftirdik. 2023 - 2024 D\u00f6nemi&hellip;<\/p>\n\t\t\t\t\t\t\t\t\t\t\t\t\t\t<a href=\"https:\/\/www.bakirkoyrotaract.org\/tr\/18-07-2024-2024-2025-donemi-devir-teslim-toreni\/\"\n\t\t\t\t\t\t\t   class=\"kc-post-2-button\">Devam\u0131n\u0131 Oku <i\n\t\t\t\t\t\t\t\t\tclass=\"fa fa-angle-right\" aria-hidden=\"true\"><\/i><\/a>\n\t\t\t\t\t\t\t\t\t\t\t\t\t<\/div>\n\t\t\t\t\t\t<div class=\"post-item-right\">\n\t\t\t\t\t\t\t<figure>\n\t\t\t\t\t\t\t\t<img decoding=\"async\" src=\"https:\/\/www.bakirkoyrotaract.org\/tr\/wp-content\/uploads\/2026\/01\/Ekran-Resmi-2026-01-31-19.06.24-543x304xct.png\"\n\t\t\t\t\t\t\t\t     alt=\"18.07.2024 \/ 2024 &#8211; 2025 D\u00f6nemi Devir Teslim T\u00f6reni\">\n\t\t\t\t\t\t\t<\/figure>\n\t\t\t\t\t\t<\/div>\n\n\t\t\t\t\t\n\t\t\t\t<\/div>\n\n\t\t\t\t\n\t\t\t\t<div class=\"kc-list-item-2\">\n\n\t\t\t\t\t\t\t\t\t\t\t\t\t\t\t\t\t\t<div class=\"post-item-left\">\n\t\t\t\t\t\t\t\t<figure>\n\t\t\t\t\t\t\t\t\t<img decoding=\"async\" src=\"https:\/\/www.bakirkoyrotaract.org\/tr\/wp-content\/uploads\/2024\/07\/WhatsApp-Image-2024-07-22-at-11.52.34-e1721657914958-543x304xct.jpeg\"\n\t\t\t\t\t\t\t\t\t     alt=\"26.05.2024 \/ Kelebek Festivali Y\u00fcz Boyama Stand\u0131\">\n\t\t\t\t\t\t\t\t<\/figure>\n\t\t\t\t\t\t\t<\/div>\n\t\t\t\t\t\t\t\t\t\t\t\t<div class=\"post-item-right\">\n\t\t\t\t\t\t\t<div class=\"post_details\">\n\t\t\t\t\t\t\t\t<h2 class=\"post-title-alt\"><a\n\t\t\t\t\t\t\t\t\t\thref=\"https:\/\/www.bakirkoyrotaract.org\/tr\/93835-2\/\"\n\t\t\t\t\t\t\t\t\t\ttitle=\"26.05.2024 \/ Kelebek Festivali Y\u00fcz Boyama Stand\u0131\">26.05.2024 \/ Kelebek Festivali Y\u00fcz Boyama Stand\u0131<\/a>\n\t\t\t\t\t\t\t\t<\/h2>\n\n\t\t\t\t\t\t\t\t\t\t\t\t\t\t\t\t\t<div class=\"post-meta\">\n\t\t\t\t\t\t\t\t\t\t\t\t\t\t\t\t\t\t\t\t\t\t\t\t\t\t\t\t\t\t\t<span class=\"post-date\"><i class=\"fa fa-clock-o\"><\/i> <a\n\t\t\t\t\t\t\t\t\t\t\t\thref=\"https:\/\/www.bakirkoyrotaract.org\/tr\/2024\/05\/\">May\u0131s 26 2024<\/a> <\/span>\n\t\t\t\t\t\t\t\t\t\t\t\t\t\t\t\t\t\t\t\t\t\t\t\t\t\t\t\t\t\t\t\t\t\t\t\t\t\t\t\t\t\t\t<span class=\"post-cats\"><i class=\"fa fa-folder-o\"\n\t\t\t\t\t\t\t\t\t\t\t\t                           aria-hidden=\"true\"><\/i> <a href=\"https:\/\/www.bakirkoyrotaract.org\/tr\/category\/2023-2024\/\" rel=\"category tag\">2023-2024<\/a>, <a href=\"https:\/\/www.bakirkoyrotaract.org\/tr\/category\/genel\/\" rel=\"category tag\">Genel<\/a>, <a href=\"https:\/\/www.bakirkoyrotaract.org\/tr\/category\/hpk\/\" rel=\"category tag\">Hizmet Projeleri Kom.<\/a><\/span>\n\t\t\t\t\t\t\t\t\t\t\t\t\t\t\t\t\t\t\t\t\t\t\t\t\t\t\t\t\t\t<\/div>\n\t\t\t\t\t\t\t\t\t\t\t\t\t\t\t<\/div>\n\t\t\t\t\t\t\t\t\t\t\t\t\t\t\t<p>U.R. 2420. B\u00f6lge Rotaract Temsilcili\u011fi Hizmet Projeleri Komitesi taraf\u0131ndan geleneksel&hellip;<\/p>\n\t\t\t\t\t\t\t\t\t\t\t\t\t\t<a href=\"https:\/\/www.bakirkoyrotaract.org\/tr\/93835-2\/\"\n\t\t\t\t\t\t\t   class=\"kc-post-2-button\">Devam\u0131n\u0131 Oku <i\n\t\t\t\t\t\t\t\t\tclass=\"fa fa-angle-right\" aria-hidden=\"true\"><\/i><\/a>\n\t\t\t\t\t\t\t\t\t\t\t\t\t<\/div>\n\n\t\t\t\t\t\n\t\t\t\t<\/div>\n\n\t\t\t\t\n\t\t\t\t<div class=\"kc-list-item-2\">\n\n\t\t\t\t\t\n\t\t\t\t\t\t<div class=\"post-item-left\">\n\t\t\t\t\t\t\t<div class=\"post_details\">\n\t\t\t\t\t\t\t\t<h2 class=\"post-title-alt\"><a\n\t\t\t\t\t\t\t\t\t\thref=\"https:\/\/www.bakirkoyrotaract.org\/tr\/04-05-2024-kulup-ici-etkinlik-voleybol-maci\/\"\n\t\t\t\t\t\t\t\t\t\ttitle=\"04.05.2024 \/ Kul\u00fcp \u0130\u00e7i Etkinlik [Voleybol Ma\u00e7\u0131]\">04.05.2024 \/ Kul\u00fcp \u0130\u00e7i Etkinlik [Voleybol Ma\u00e7\u0131]<\/a>\n\t\t\t\t\t\t\t\t<\/h2>\n\t\t\t\t\t\t\t\t\t\t\t\t\t\t\t\t\t<div class=\"post-meta\">\n\t\t\t\t\t\t\t\t\t\t\t\t\t\t\t\t\t\t\t\t\t\t\t\t\t\t\t\t\t\t\t<span class=\"post-date\"><i class=\"fa fa-clock-o\"><\/i> <a\n\t\t\t\t\t\t\t\t\t\t\t\thref=\"https:\/\/www.bakirkoyrotaract.org\/tr\/2024\/05\/\">May\u0131s 4 2024<\/a> <\/span>\n\t\t\t\t\t\t\t\t\t\t\t\t\t\t\t\t\t\t\t\t\t\t\t\t\t\t\t\t\t\t\t\t\t\t\t\t\t\t\t\t\t\t\t<span class=\"post-cats\"><i class=\"fa fa-folder-o\"\n\t\t\t\t\t\t\t\t\t\t\t                           aria-hidden=\"true\"><\/i> <a href=\"https:\/\/www.bakirkoyrotaract.org\/tr\/category\/2023-2024\/\" rel=\"category tag\">2023-2024<\/a>, <a href=\"https:\/\/www.bakirkoyrotaract.org\/tr\/category\/genel\/\" rel=\"category tag\">Genel<\/a>, <a href=\"https:\/\/www.bakirkoyrotaract.org\/tr\/category\/kyk\/\" rel=\"category tag\">Kul\u00fcp Y\u00f6netimi Kom.<\/a><\/span>\n\t\t\t\t\t\t\t\t\t\t\t\t\t\t\t\t\t\t\t\t\t\t\t\t\t\t\t\t\t\t<\/div>\n\t\t\t\t\t\t\t\t\t\t\t\t\t\t\t<\/div>\n\t\t\t\t\t\t\t\t\t\t\t\t\t\t\t<p>04.05.2024 tarihinde kul\u00fcp i\u00e7i etkinlik olarak voleybol ma\u00e7\u0131 yapt\u0131k. Yeni&hellip;<\/p>\n\t\t\t\t\t\t\t\t\t\t\t\t\t\t<a href=\"https:\/\/www.bakirkoyrotaract.org\/tr\/04-05-2024-kulup-ici-etkinlik-voleybol-maci\/\"\n\t\t\t\t\t\t\t   class=\"kc-post-2-button\">Devam\u0131n\u0131 Oku <i\n\t\t\t\t\t\t\t\t\tclass=\"fa fa-angle-right\" aria-hidden=\"true\"><\/i><\/a>\n\t\t\t\t\t\t\t\t\t\t\t\t\t<\/div>\n\t\t\t\t\t\t<div class=\"post-item-right\">\n\t\t\t\t\t\t\t<figure>\n\t\t\t\t\t\t\t\t<img decoding=\"async\" src=\"https:\/\/www.bakirkoyrotaract.org\/tr\/wp-content\/uploads\/2024\/07\/WhatsApp-Image-2024-07-22-at-11.52.33-1-e1721658220640-543x304xct.jpeg\"\n\t\t\t\t\t\t\t\t     alt=\"04.05.2024 \/ Kul\u00fcp \u0130\u00e7i Etkinlik [Voleybol Ma\u00e7\u0131]\">\n\t\t\t\t\t\t\t<\/figure>\n\t\t\t\t\t\t<\/div>\n\n\t\t\t\t\t\n\t\t\t\t<\/div>\n\n\t\t\t\t\n\t\t\t\t<div class=\"kc-list-item-2\">\n\n\t\t\t\t\t\t\t\t\t\t\t\t\t\t\t\t\t\t<div class=\"post-item-left\">\n\t\t\t\t\t\t\t\t<figure>\n\t\t\t\t\t\t\t\t\t<img decoding=\"async\" src=\"https:\/\/www.bakirkoyrotaract.org\/tr\/wp-content\/uploads\/2024\/07\/WhatsApp-Image-2024-07-22-at-11.52.33-e1721658570339-543x304xct.jpeg\"\n\t\t\t\t\t\t\t\t\t     alt=\"04.05.2024 \/ Hijyen E\u011fitimi ve Di\u015f Taramas\u0131\">\n\t\t\t\t\t\t\t\t<\/figure>\n\t\t\t\t\t\t\t<\/div>\n\t\t\t\t\t\t\t\t\t\t\t\t<div class=\"post-item-right\">\n\t\t\t\t\t\t\t<div class=\"post_details\">\n\t\t\t\t\t\t\t\t<h2 class=\"post-title-alt\"><a\n\t\t\t\t\t\t\t\t\t\thref=\"https:\/\/www.bakirkoyrotaract.org\/tr\/hijyen-egitimi-ve-dis-taramasi\/\"\n\t\t\t\t\t\t\t\t\t\ttitle=\"04.05.2024 \/ Hijyen E\u011fitimi ve Di\u015f Taramas\u0131\">04.05.2024 \/ Hijyen E\u011fitimi ve Di\u015f Taramas\u0131<\/a>\n\t\t\t\t\t\t\t\t<\/h2>\n\n\t\t\t\t\t\t\t\t\t\t\t\t\t\t\t\t\t<div class=\"post-meta\">\n\t\t\t\t\t\t\t\t\t\t\t\t\t\t\t\t\t\t\t\t\t\t\t\t\t\t\t\t\t\t\t<span class=\"post-date\"><i class=\"fa fa-clock-o\"><\/i> <a\n\t\t\t\t\t\t\t\t\t\t\t\thref=\"https:\/\/www.bakirkoyrotaract.org\/tr\/2024\/05\/\">May\u0131s 4 2024<\/a> <\/span>\n\t\t\t\t\t\t\t\t\t\t\t\t\t\t\t\t\t\t\t\t\t\t\t\t\t\t\t\t\t\t\t\t\t\t\t\t\t\t\t\t\t\t\t<span class=\"post-cats\"><i class=\"fa fa-folder-o\"\n\t\t\t\t\t\t\t\t\t\t\t\t                           aria-hidden=\"true\"><\/i> <a href=\"https:\/\/www.bakirkoyrotaract.org\/tr\/category\/2023-2024\/\" rel=\"category tag\">2023-2024<\/a>, <a href=\"https:\/\/www.bakirkoyrotaract.org\/tr\/category\/genel\/\" rel=\"category tag\">Genel<\/a>, <a href=\"https:\/\/www.bakirkoyrotaract.org\/tr\/category\/hpk\/\" rel=\"category tag\">Hizmet Projeleri Kom.<\/a><\/span>\n\t\t\t\t\t\t\t\t\t\t\t\t\t\t\t\t\t\t\t\t\t\t\t\t\t\t\t\t\t\t<\/div>\n\t\t\t\t\t\t\t\t\t\t\t\t\t\t\t<\/div>\n\t\t\t\t\t\t\t\t\t\t\t\t\t\t\t<p>04.05.2024 tarihinde Fatih Rotaract ve Kozyata\u011f\u0131 Rotaract Kul\u00fcpleri ortakl\u0131\u011f\u0131nda Atlas&hellip;<\/p>\n\t\t\t\t\t\t\t\t\t\t\t\t\t\t<a href=\"https:\/\/www.bakirkoyrotaract.org\/tr\/hijyen-egitimi-ve-dis-taramasi\/\"\n\t\t\t\t\t\t\t   class=\"kc-post-2-button\">Devam\u0131n\u0131 Oku <i\n\t\t\t\t\t\t\t\t\tclass=\"fa fa-angle-right\" aria-hidden=\"true\"><\/i><\/a>\n\t\t\t\t\t\t\t\t\t\t\t\t\t<\/div>\n\n\t\t\t\t\t\n\t\t\t\t<\/div>\n\n\t\t\t\t\n\t\n<\/div>\n<\/div><\/div><\/div><\/div><\/section>\n","protected":false},"excerpt":{"rendered":"","protected":false},"author":2,"featured_media":0,"parent":4042,"menu_order":0,"comment_status":"closed","ping_status":"closed","template":"","meta":{"footnotes":""},"class_list":["post-93914","page","type-page","status-publish","hentry"],"_links":{"self":[{"href":"https:\/\/www.bakirkoyrotaract.org\/tr\/wp-json\/wp\/v2\/pages\/93914","targetHints":{"allow":["GET"]}}],"collection":[{"href":"https:\/\/www.bakirkoyrotaract.org\/tr\/wp-json\/wp\/v2\/pages"}],"about":[{"href":"https:\/\/www.bakirkoyrotaract.org\/tr\/wp-json\/wp\/v2\/types\/page"}],"author":[{"embeddable":true,"href":"https:\/\/www.bakirkoyrotaract.org\/tr\/wp-json\/wp\/v2\/users\/2"}],"replies":[{"embeddable":true,"href":"https:\/\/www.bakirkoyrotaract.org\/tr\/wp-json\/wp\/v2\/comments?post=93914"}],"version-history":[{"count":2,"href":"https:\/\/www.bakirkoyrotaract.org\/tr\/wp-json\/wp\/v2\/pages\/93914\/revisions"}],"predecessor-version":[{"id":93935,"href":"https:\/\/www.bakirkoyrotaract.org\/tr\/wp-json\/wp\/v2\/pages\/93914\/revisions\/93935"}],"up":[{"embeddable":true,"href":"https:\/\/www.bakirkoyrotaract.org\/tr\/wp-json\/wp\/v2\/pages\/4042"}],"wp:attachment":[{"href":"https:\/\/www.bakirkoyrotaract.org\/tr\/wp-json\/wp\/v2\/media?parent=93914"}],"curies":[{"name":"wp","href":"https:\/\/api.w.org\/{rel}","templated":true}]}}