{"id":7095,"date":"2018-10-04T15:05:12","date_gmt":"2018-10-04T12:05:12","guid":{"rendered":"http:\/\/www.bakirkoyrotaract.org\/tr\/?page_id=7095"},"modified":"2018-12-06T17:49:40","modified_gmt":"2018-12-06T14:49:40","slug":"uyelik-gelisim-ana-komitesi-arsivi","status":"publish","type":"page","link":"https:\/\/www.bakirkoyrotaract.org\/tr\/uyelik-gelisim-ana-komitesi-arsivi\/","title":{"rendered":"\u00dcyelik Geli\u015fim Ana Komitesi Ar\u015fivi"},"content":{"rendered":"<section class=\"kc-elm kc-css-197854 kc_row xt_kc_row_has_container xt_kc_row_has_padding\"><div class=\"kc-row-container  kc-container\"><div class=\"kc-wrap-columns\"><div class=\"kc-elm kc-css-444351 kc_col-sm-12 kc_column kc_col-sm-12\"><div class=\"kc-col-container\">\n<div class=\"kc-elm kc-css-382093 kc-blog-posts kc-blog-posts-2 kc-image-align-both\">\n\t\n\t\t\n\t\t\t\t<div class=\"kc-list-item-2\">\n\n\t\t\t\t\t\n\t\t\t\t\t\t<div class=\"post-item-left\">\n\t\t\t\t\t\t\t<div class=\"post_details\">\n\t\t\t\t\t\t\t\t<h2 class=\"post-title-alt\"><a\n\t\t\t\t\t\t\t\t\t\thref=\"https:\/\/www.bakirkoyrotaract.org\/tr\/17-12-2025\/\"\n\t\t\t\t\t\t\t\t\t\ttitle=\"17.12.2025 \/ Tan\u0131san Seversin [Kadir Has \u00dcniversitesi]\">17.12.2025 \/ Tan\u0131san Seversin [Kadir Has \u00dcniversitesi]<\/a>\n\t\t\t\t\t\t\t\t<\/h2>\n\t\t\t\t\t\t\t\t\t\t\t\t\t\t\t\t\t<div class=\"post-meta\">\n\t\t\t\t\t\t\t\t\t\t\t\t\t\t\t\t\t\t\t\t\t\t\t\t\t\t\t\t\t\t\t<span class=\"post-date\"><i class=\"fa fa-clock-o\"><\/i> <a\n\t\t\t\t\t\t\t\t\t\t\t\thref=\"https:\/\/www.bakirkoyrotaract.org\/tr\/2025\/12\/\">Aral\u0131k 17 2025<\/a> <\/span>\n\t\t\t\t\t\t\t\t\t\t\t\t\t\t\t\t\t\t\t\t\t\t\t\t\t\t\t\t\t\t\t\t\t\t\t\t\t\t\t\t\t\t\t<span class=\"post-cats\"><i class=\"fa fa-folder-o\"\n\t\t\t\t\t\t\t\t\t\t\t                           aria-hidden=\"true\"><\/i> <a href=\"https:\/\/www.bakirkoyrotaract.org\/tr\/category\/2025-2026\/\" rel=\"category tag\">2025-2026<\/a>, <a href=\"https:\/\/www.bakirkoyrotaract.org\/tr\/category\/genel\/\" rel=\"category tag\">Genel<\/a>, <a href=\"https:\/\/www.bakirkoyrotaract.org\/tr\/category\/ugk\/\" rel=\"category tag\">\u00dcyelik Geli\u015fim Kom.<\/a><\/span>\n\t\t\t\t\t\t\t\t\t\t\t\t\t\t\t\t\t\t\t\t\t\t\t\t\t\t\t\t\t\t<\/div>\n\t\t\t\t\t\t\t\t\t\t\t\t\t\t\t<\/div>\n\t\t\t\t\t\t\t\t\t\t\t\t\t\t\t<p>17.12.2025 tarihinde Kadir Has \u00dcniversitesi'nde \"Tan\u0131san Seversin\" Etkinli\u011fimizi ger\u00e7ekle\u015ftirdik.<\/p>\n\t\t\t\t\t\t\t\t\t\t\t\t\t\t<a href=\"https:\/\/www.bakirkoyrotaract.org\/tr\/17-12-2025\/\"\n\t\t\t\t\t\t\t   class=\"kc-post-2-button\">Read more <i\n\t\t\t\t\t\t\t\t\tclass=\"fa fa-angle-right\" aria-hidden=\"true\"><\/i><\/a>\n\t\t\t\t\t\t\t\t\t\t\t\t\t<\/div>\n\t\t\t\t\t\t<div class=\"post-item-right\">\n\t\t\t\t\t\t\t<figure>\n\t\t\t\t\t\t\t\t<img decoding=\"async\" src=\"https:\/\/www.bakirkoyrotaract.org\/tr\/wp-content\/uploads\/2026\/01\/WhatsApp-Image-2026-01-31-at-00.41.03-543x304xct.jpeg\"\n\t\t\t\t\t\t\t\t     alt=\"17.12.2025 \/ Tan\u0131san Seversin [Kadir Has \u00dcniversitesi]\">\n\t\t\t\t\t\t\t<\/figure>\n\t\t\t\t\t\t<\/div>\n\n\t\t\t\t\t\n\t\t\t\t<\/div>\n\n\t\t\t\t\n\t\t\t\t<div class=\"kc-list-item-2\">\n\n\t\t\t\t\t\t\t\t\t\t\t\t\t\t\t\t\t\t<div class=\"post-item-left\">\n\t\t\t\t\t\t\t\t<figure>\n\t\t\t\t\t\t\t\t\t<img decoding=\"async\" src=\"https:\/\/www.bakirkoyrotaract.org\/tr\/wp-content\/uploads\/2018\/11\/IMG-2735-e1543240338418-543x304xct.jpg\"\n\t\t\t\t\t\t\t\t\t     alt=\"19.11.2018 \/ RTC101 Kul\u00fcp \u0130\u00e7i E\u011fitimi\">\n\t\t\t\t\t\t\t\t<\/figure>\n\t\t\t\t\t\t\t<\/div>\n\t\t\t\t\t\t\t\t\t\t\t\t<div class=\"post-item-right\">\n\t\t\t\t\t\t\t<div class=\"post_details\">\n\t\t\t\t\t\t\t\t<h2 class=\"post-title-alt\"><a\n\t\t\t\t\t\t\t\t\t\thref=\"https:\/\/www.bakirkoyrotaract.org\/tr\/19-11-2018-rtc101-kulup-ici-egitimi\/\"\n\t\t\t\t\t\t\t\t\t\ttitle=\"19.11.2018 \/ RTC101 Kul\u00fcp \u0130\u00e7i E\u011fitimi\">19.11.2018 \/ RTC101 Kul\u00fcp \u0130\u00e7i E\u011fitimi<\/a>\n\t\t\t\t\t\t\t\t<\/h2>\n\n\t\t\t\t\t\t\t\t\t\t\t\t\t\t\t\t\t<div class=\"post-meta\">\n\t\t\t\t\t\t\t\t\t\t\t\t\t\t\t\t\t\t\t\t\t\t\t\t\t\t\t\t\t\t\t<span class=\"post-date\"><i class=\"fa fa-clock-o\"><\/i> <a\n\t\t\t\t\t\t\t\t\t\t\t\thref=\"https:\/\/www.bakirkoyrotaract.org\/tr\/2018\/11\/\">Kas\u0131m 19 2018<\/a> <\/span>\n\t\t\t\t\t\t\t\t\t\t\t\t\t\t\t\t\t\t\t\t\t\t\t\t\t\t\t\t\t\t\t\t\t\t\t\t\t\t\t\t\t\t\t<span class=\"post-cats\"><i class=\"fa fa-folder-o\"\n\t\t\t\t\t\t\t\t\t\t\t\t                           aria-hidden=\"true\"><\/i> <a href=\"https:\/\/www.bakirkoyrotaract.org\/tr\/category\/2018-2019\/\" rel=\"category tag\">2018-2019<\/a>, <a href=\"https:\/\/www.bakirkoyrotaract.org\/tr\/category\/genel\/\" rel=\"category tag\">Genel<\/a>, <a href=\"https:\/\/www.bakirkoyrotaract.org\/tr\/category\/ugk\/\" rel=\"category tag\">\u00dcyelik Geli\u015fim Kom.<\/a><\/span>\n\t\t\t\t\t\t\t\t\t\t\t\t\t\t\t\t\t\t\t\t\t\t\t\t\t\t\t\t\t\t<\/div>\n\t\t\t\t\t\t\t\t\t\t\t\t\t\t\t<\/div>\n\t\t\t\t\t\t\t\t\t\t\t\t\t\t\t<p>2013 - 2014 d\u00f6neminden g\u00fcn\u00fcm\u00fcze d\u00fczenlenen RTC 101 Kul\u00fcp \u0130\u00e7i&hellip;<\/p>\n\t\t\t\t\t\t\t\t\t\t\t\t\t\t<a href=\"https:\/\/www.bakirkoyrotaract.org\/tr\/19-11-2018-rtc101-kulup-ici-egitimi\/\"\n\t\t\t\t\t\t\t   class=\"kc-post-2-button\">Read more <i\n\t\t\t\t\t\t\t\t\tclass=\"fa fa-angle-right\" aria-hidden=\"true\"><\/i><\/a>\n\t\t\t\t\t\t\t\t\t\t\t\t\t<\/div>\n\n\t\t\t\t\t\n\t\t\t\t<\/div>\n\n\t\t\t\t\n\t\t\t\t<div class=\"kc-list-item-2\">\n\n\t\t\t\t\t\n\t\t\t\t\t\t<div class=\"post-item-left\">\n\t\t\t\t\t\t\t<div class=\"post_details\">\n\t\t\t\t\t\t\t\t<h2 class=\"post-title-alt\"><a\n\t\t\t\t\t\t\t\t\t\thref=\"https:\/\/www.bakirkoyrotaract.org\/tr\/19-07-2018-rtc101-kulup-ici-egitimi\/\"\n\t\t\t\t\t\t\t\t\t\ttitle=\"19.07.2017 \/ RTC101 Kul\u00fcp \u0130\u00e7i E\u011fitimi\">19.07.2017 \/ RTC101 Kul\u00fcp \u0130\u00e7i E\u011fitimi<\/a>\n\t\t\t\t\t\t\t\t<\/h2>\n\t\t\t\t\t\t\t\t\t\t\t\t\t\t\t\t\t<div class=\"post-meta\">\n\t\t\t\t\t\t\t\t\t\t\t\t\t\t\t\t\t\t\t\t\t\t\t\t\t\t\t\t\t\t\t<span class=\"post-date\"><i class=\"fa fa-clock-o\"><\/i> <a\n\t\t\t\t\t\t\t\t\t\t\t\thref=\"https:\/\/www.bakirkoyrotaract.org\/tr\/2017\/07\/\">Temmuz 19 2017<\/a> <\/span>\n\t\t\t\t\t\t\t\t\t\t\t\t\t\t\t\t\t\t\t\t\t\t\t\t\t\t\t\t\t\t\t\t\t\t\t\t\t\t\t\t\t\t\t<span class=\"post-cats\"><i class=\"fa fa-folder-o\"\n\t\t\t\t\t\t\t\t\t\t\t                           aria-hidden=\"true\"><\/i> <a href=\"https:\/\/www.bakirkoyrotaract.org\/tr\/category\/2017-2018\/\" rel=\"category tag\">2017-2018<\/a>, <a href=\"https:\/\/www.bakirkoyrotaract.org\/tr\/category\/genel\/\" rel=\"category tag\">Genel<\/a>, <a href=\"https:\/\/www.bakirkoyrotaract.org\/tr\/category\/ugk\/\" rel=\"category tag\">\u00dcyelik Geli\u015fim Kom.<\/a><\/span>\n\t\t\t\t\t\t\t\t\t\t\t\t\t\t\t\t\t\t\t\t\t\t\t\t\t\t\t\t\t\t<\/div>\n\t\t\t\t\t\t\t\t\t\t\t\t\t\t\t<\/div>\n\t\t\t\t\t\t\t\t\t\t\t\t\t\t\t<p>Bak\u0131rk\u00f6y Rotaract Kul\u00fcb\u00fc kul\u00fcp i\u00e7i e\u011fitim program\u0131 olan RTC101 e\u011fitimi&hellip;<\/p>\n\t\t\t\t\t\t\t\t\t\t\t\t\t\t<a href=\"https:\/\/www.bakirkoyrotaract.org\/tr\/19-07-2018-rtc101-kulup-ici-egitimi\/\"\n\t\t\t\t\t\t\t   class=\"kc-post-2-button\">Read more <i\n\t\t\t\t\t\t\t\t\tclass=\"fa fa-angle-right\" aria-hidden=\"true\"><\/i><\/a>\n\t\t\t\t\t\t\t\t\t\t\t\t\t<\/div>\n\t\t\t\t\t\t<div class=\"post-item-right\">\n\t\t\t\t\t\t\t<figure>\n\t\t\t\t\t\t\t\t<img decoding=\"async\" src=\"https:\/\/www.bakirkoyrotaract.org\/tr\/wp-content\/uploads\/2018\/10\/PHOTO-2017-07-20-01-09-44-e1539348131941-543x304xct.jpg\"\n\t\t\t\t\t\t\t\t     alt=\"19.07.2017 \/ RTC101 Kul\u00fcp \u0130\u00e7i E\u011fitimi\">\n\t\t\t\t\t\t\t<\/figure>\n\t\t\t\t\t\t<\/div>\n\n\t\t\t\t\t\n\t\t\t\t<\/div>\n\n\t\t\t\t\n\t\t\t\t<div class=\"kc-list-item-2\">\n\n\t\t\t\t\t\t\t\t\t\t\t\t\t\t\t\t\t\t<div class=\"post-item-left\">\n\t\t\t\t\t\t\t\t<figure>\n\t\t\t\t\t\t\t\t\t<img decoding=\"async\" src=\"https:\/\/www.bakirkoyrotaract.org\/tr\/wp-content\/uploads\/2018\/11\/rtc101-2-543x304xct.png\"\n\t\t\t\t\t\t\t\t\t     alt=\"25.08.2016 \/ RTC101 Kul\u00fcp \u0130\u00e7i E\u011fitimi\">\n\t\t\t\t\t\t\t\t<\/figure>\n\t\t\t\t\t\t\t<\/div>\n\t\t\t\t\t\t\t\t\t\t\t\t<div class=\"post-item-right\">\n\t\t\t\t\t\t\t<div class=\"post_details\">\n\t\t\t\t\t\t\t\t<h2 class=\"post-title-alt\"><a\n\t\t\t\t\t\t\t\t\t\thref=\"https:\/\/www.bakirkoyrotaract.org\/tr\/25-08-2016-rtc101-kulup-ici-egitimi\/\"\n\t\t\t\t\t\t\t\t\t\ttitle=\"25.08.2016 \/ RTC101 Kul\u00fcp \u0130\u00e7i E\u011fitimi\">25.08.2016 \/ RTC101 Kul\u00fcp \u0130\u00e7i E\u011fitimi<\/a>\n\t\t\t\t\t\t\t\t<\/h2>\n\n\t\t\t\t\t\t\t\t\t\t\t\t\t\t\t\t\t<div class=\"post-meta\">\n\t\t\t\t\t\t\t\t\t\t\t\t\t\t\t\t\t\t\t\t\t\t\t\t\t\t\t\t\t\t\t<span class=\"post-date\"><i class=\"fa fa-clock-o\"><\/i> <a\n\t\t\t\t\t\t\t\t\t\t\t\thref=\"https:\/\/www.bakirkoyrotaract.org\/tr\/2016\/08\/\">A\u011fustos 25 2016<\/a> <\/span>\n\t\t\t\t\t\t\t\t\t\t\t\t\t\t\t\t\t\t\t\t\t\t\t\t\t\t\t\t\t\t\t\t\t\t\t\t\t\t\t\t\t\t\t<span class=\"post-cats\"><i class=\"fa fa-folder-o\"\n\t\t\t\t\t\t\t\t\t\t\t\t                           aria-hidden=\"true\"><\/i> <a href=\"https:\/\/www.bakirkoyrotaract.org\/tr\/category\/2016-2017\/\" rel=\"category tag\">2016-2017<\/a>, <a href=\"https:\/\/www.bakirkoyrotaract.org\/tr\/category\/genel\/\" rel=\"category tag\">Genel<\/a>, <a href=\"https:\/\/www.bakirkoyrotaract.org\/tr\/category\/ugk\/\" rel=\"category tag\">\u00dcyelik Geli\u015fim Kom.<\/a><\/span>\n\t\t\t\t\t\t\t\t\t\t\t\t\t\t\t\t\t\t\t\t\t\t\t\t\t\t\t\t\t\t<\/div>\n\t\t\t\t\t\t\t\t\t\t\t\t\t\t\t<\/div>\n\t\t\t\t\t\t\t\t\t\t\t\t\t\t\t<p>Bak\u0131rk\u00f6y Rotaract Kul\u00fcb\u00fc kul\u00fcp i\u00e7i e\u011fitim program\u0131 olan RTC101 e\u011fitimi&hellip;<\/p>\n\t\t\t\t\t\t\t\t\t\t\t\t\t\t<a href=\"https:\/\/www.bakirkoyrotaract.org\/tr\/25-08-2016-rtc101-kulup-ici-egitimi\/\"\n\t\t\t\t\t\t\t   class=\"kc-post-2-button\">Read more <i\n\t\t\t\t\t\t\t\t\tclass=\"fa fa-angle-right\" aria-hidden=\"true\"><\/i><\/a>\n\t\t\t\t\t\t\t\t\t\t\t\t\t<\/div>\n\n\t\t\t\t\t\n\t\t\t\t<\/div>\n\n\t\t\t\t\n\t\t\t\t<div class=\"kc-list-item-2\">\n\n\t\t\t\t\t\n\t\t\t\t\t\t<div class=\"post-item-left\">\n\t\t\t\t\t\t\t<div class=\"post_details\">\n\t\t\t\t\t\t\t\t<h2 class=\"post-title-alt\"><a\n\t\t\t\t\t\t\t\t\t\thref=\"https:\/\/www.bakirkoyrotaract.org\/tr\/06-12-2015-rtc-101-egitimi\/\"\n\t\t\t\t\t\t\t\t\t\ttitle=\"06.12.2015 \/ RTC 101 Kul\u00fcp \u0130\u00e7i E\u011fitimi\">06.12.2015 \/ RTC 101 Kul\u00fcp \u0130\u00e7i E\u011fitimi<\/a>\n\t\t\t\t\t\t\t\t<\/h2>\n\t\t\t\t\t\t\t\t\t\t\t\t\t\t\t\t\t<div class=\"post-meta\">\n\t\t\t\t\t\t\t\t\t\t\t\t\t\t\t\t\t\t\t\t\t\t\t\t\t\t\t\t\t\t\t<span class=\"post-date\"><i class=\"fa fa-clock-o\"><\/i> <a\n\t\t\t\t\t\t\t\t\t\t\t\thref=\"https:\/\/www.bakirkoyrotaract.org\/tr\/2015\/12\/\">Aral\u0131k 6 2015<\/a> <\/span>\n\t\t\t\t\t\t\t\t\t\t\t\t\t\t\t\t\t\t\t\t\t\t\t\t\t\t\t\t\t\t\t\t\t\t\t\t\t\t\t\t\t\t\t<span class=\"post-cats\"><i class=\"fa fa-folder-o\"\n\t\t\t\t\t\t\t\t\t\t\t                           aria-hidden=\"true\"><\/i> <a href=\"https:\/\/www.bakirkoyrotaract.org\/tr\/category\/2015-2016\/\" rel=\"category tag\">2015-2016<\/a>, <a href=\"https:\/\/www.bakirkoyrotaract.org\/tr\/category\/genel\/\" rel=\"category tag\">Genel<\/a>, <a href=\"https:\/\/www.bakirkoyrotaract.org\/tr\/category\/ugk\/\" rel=\"category tag\">\u00dcyelik Geli\u015fim Kom.<\/a><\/span>\n\t\t\t\t\t\t\t\t\t\t\t\t\t\t\t\t\t\t\t\t\t\t\t\t\t\t\t\t\t\t<\/div>\n\t\t\t\t\t\t\t\t\t\t\t\t\t\t\t<\/div>\n\t\t\t\t\t\t\t\t\t\t\t\t\t\t\t<p>(Bak\u0131rk\u00f6y RAC &amp; Safranbolu RAC Projesi) D\u00f6nemde ikinci toplamda ise&hellip;<\/p>\n\t\t\t\t\t\t\t\t\t\t\t\t\t\t<a href=\"https:\/\/www.bakirkoyrotaract.org\/tr\/06-12-2015-rtc-101-egitimi\/\"\n\t\t\t\t\t\t\t   class=\"kc-post-2-button\">Read more <i\n\t\t\t\t\t\t\t\t\tclass=\"fa fa-angle-right\" aria-hidden=\"true\"><\/i><\/a>\n\t\t\t\t\t\t\t\t\t\t\t\t\t<\/div>\n\t\t\t\t\t\t<div class=\"post-item-right\">\n\t\t\t\t\t\t\t<figure>\n\t\t\t\t\t\t\t\t<img decoding=\"async\" src=\"https:\/\/www.bakirkoyrotaract.org\/tr\/wp-content\/uploads\/2018\/10\/AnCpY2HbybCxCcOlwZLDQpAg1UhlE4e-4hHbcR6rI5Kd-543x304xct.jpg\"\n\t\t\t\t\t\t\t\t     alt=\"06.12.2015 \/ RTC 101 Kul\u00fcp \u0130\u00e7i E\u011fitimi\">\n\t\t\t\t\t\t\t<\/figure>\n\t\t\t\t\t\t<\/div>\n\n\t\t\t\t\t\n\t\t\t\t<\/div>\n\n\t\t\t\t\n\t\t\t\t<div class=\"kc-list-item-2\">\n\n\t\t\t\t\t\t\t\t\t\t\t\t\t\t\t\t\t\t<div class=\"post-item-left\">\n\t\t\t\t\t\t\t\t<figure>\n\t\t\t\t\t\t\t\t\t<img decoding=\"async\" src=\"https:\/\/www.bakirkoyrotaract.org\/tr\/wp-content\/uploads\/2018\/10\/20151021rtc1011-543x304xct.jpg\"\n\t\t\t\t\t\t\t\t\t     alt=\"21.10.2015 \/ RTC 101 Kul\u00fcp \u0130\u00e7i E\u011fitimi\">\n\t\t\t\t\t\t\t\t<\/figure>\n\t\t\t\t\t\t\t<\/div>\n\t\t\t\t\t\t\t\t\t\t\t\t<div class=\"post-item-right\">\n\t\t\t\t\t\t\t<div class=\"post_details\">\n\t\t\t\t\t\t\t\t<h2 class=\"post-title-alt\"><a\n\t\t\t\t\t\t\t\t\t\thref=\"https:\/\/www.bakirkoyrotaract.org\/tr\/21-10-2015-rtc-101-egitimi\/\"\n\t\t\t\t\t\t\t\t\t\ttitle=\"21.10.2015 \/ RTC 101 Kul\u00fcp \u0130\u00e7i E\u011fitimi\">21.10.2015 \/ RTC 101 Kul\u00fcp \u0130\u00e7i E\u011fitimi<\/a>\n\t\t\t\t\t\t\t\t<\/h2>\n\n\t\t\t\t\t\t\t\t\t\t\t\t\t\t\t\t\t<div class=\"post-meta\">\n\t\t\t\t\t\t\t\t\t\t\t\t\t\t\t\t\t\t\t\t\t\t\t\t\t\t\t\t\t\t\t<span class=\"post-date\"><i class=\"fa fa-clock-o\"><\/i> <a\n\t\t\t\t\t\t\t\t\t\t\t\thref=\"https:\/\/www.bakirkoyrotaract.org\/tr\/2015\/10\/\">Ekim 21 2015<\/a> <\/span>\n\t\t\t\t\t\t\t\t\t\t\t\t\t\t\t\t\t\t\t\t\t\t\t\t\t\t\t\t\t\t\t\t\t\t\t\t\t\t\t\t\t\t\t<span class=\"post-cats\"><i class=\"fa fa-folder-o\"\n\t\t\t\t\t\t\t\t\t\t\t\t                           aria-hidden=\"true\"><\/i> <a href=\"https:\/\/www.bakirkoyrotaract.org\/tr\/category\/2015-2016\/\" rel=\"category tag\">2015-2016<\/a>, <a href=\"https:\/\/www.bakirkoyrotaract.org\/tr\/category\/genel\/\" rel=\"category tag\">Genel<\/a>, <a href=\"https:\/\/www.bakirkoyrotaract.org\/tr\/category\/ugk\/\" rel=\"category tag\">\u00dcyelik Geli\u015fim Kom.<\/a><\/span>\n\t\t\t\t\t\t\t\t\t\t\t\t\t\t\t\t\t\t\t\t\t\t\t\t\t\t\t\t\t\t<\/div>\n\t\t\t\t\t\t\t\t\t\t\t\t\t\t\t<\/div>\n\t\t\t\t\t\t\t\t\t\t\t\t\t\t\t<p>Toplamda \u00fc\u00e7\u00fcnc\u00fcs\u00fc\u00a0ger\u00e7ekle\u015ftirilen RTC101 e\u011fitimi 21.10.2015 tarihinde d\u00fczenlendi. \u00dcyelerimizden Rtc. Seden&hellip;<\/p>\n\t\t\t\t\t\t\t\t\t\t\t\t\t\t<a href=\"https:\/\/www.bakirkoyrotaract.org\/tr\/21-10-2015-rtc-101-egitimi\/\"\n\t\t\t\t\t\t\t   class=\"kc-post-2-button\">Read more <i\n\t\t\t\t\t\t\t\t\tclass=\"fa fa-angle-right\" aria-hidden=\"true\"><\/i><\/a>\n\t\t\t\t\t\t\t\t\t\t\t\t\t<\/div>\n\n\t\t\t\t\t\n\t\t\t\t<\/div>\n\n\t\t\t\t\n\t\t\t\t<div class=\"kc-list-item-2\">\n\n\t\t\t\t\t\n\t\t\t\t\t\t<div class=\"post-item-left\">\n\t\t\t\t\t\t\t<div class=\"post_details\">\n\t\t\t\t\t\t\t\t<h2 class=\"post-title-alt\"><a\n\t\t\t\t\t\t\t\t\t\thref=\"https:\/\/www.bakirkoyrotaract.org\/tr\/15-01-2015-rtc-101-egitimi\/\"\n\t\t\t\t\t\t\t\t\t\ttitle=\"15.01.2015 \/ RTC 101 Kul\u00fcp \u0130\u00e7i E\u011fitimi\">15.01.2015 \/ RTC 101 Kul\u00fcp \u0130\u00e7i E\u011fitimi<\/a>\n\t\t\t\t\t\t\t\t<\/h2>\n\t\t\t\t\t\t\t\t\t\t\t\t\t\t\t\t\t<div class=\"post-meta\">\n\t\t\t\t\t\t\t\t\t\t\t\t\t\t\t\t\t\t\t\t\t\t\t\t\t\t\t\t\t\t\t<span class=\"post-date\"><i class=\"fa fa-clock-o\"><\/i> <a\n\t\t\t\t\t\t\t\t\t\t\t\thref=\"https:\/\/www.bakirkoyrotaract.org\/tr\/2015\/01\/\">Ocak 15 2015<\/a> <\/span>\n\t\t\t\t\t\t\t\t\t\t\t\t\t\t\t\t\t\t\t\t\t\t\t\t\t\t\t\t\t\t\t\t\t\t\t\t\t\t\t\t\t\t\t<span class=\"post-cats\"><i class=\"fa fa-folder-o\"\n\t\t\t\t\t\t\t\t\t\t\t                           aria-hidden=\"true\"><\/i> <a href=\"https:\/\/www.bakirkoyrotaract.org\/tr\/category\/2014-2015\/\" rel=\"category tag\">2014-2015<\/a>, <a href=\"https:\/\/www.bakirkoyrotaract.org\/tr\/category\/genel\/\" rel=\"category tag\">Genel<\/a>, <a href=\"https:\/\/www.bakirkoyrotaract.org\/tr\/category\/ugk\/\" rel=\"category tag\">\u00dcyelik Geli\u015fim Kom.<\/a><\/span>\n\t\t\t\t\t\t\t\t\t\t\t\t\t\t\t\t\t\t\t\t\t\t\t\t\t\t\t\t\t\t<\/div>\n\t\t\t\t\t\t\t\t\t\t\t\t\t\t\t<\/div>\n\t\t\t\t\t\t\t\t\t\t\t\t\t\t\t<p>\u0130lk defa 2013-2014 d\u00f6neminde d\u00fczenlenen\u00a0ve 2014-2015 d\u00f6neminde ikincisi ger\u00e7ekle\u015ftirilen RTC101&hellip;<\/p>\n\t\t\t\t\t\t\t\t\t\t\t\t\t\t<a href=\"https:\/\/www.bakirkoyrotaract.org\/tr\/15-01-2015-rtc-101-egitimi\/\"\n\t\t\t\t\t\t\t   class=\"kc-post-2-button\">Read more <i\n\t\t\t\t\t\t\t\t\tclass=\"fa fa-angle-right\" aria-hidden=\"true\"><\/i><\/a>\n\t\t\t\t\t\t\t\t\t\t\t\t\t<\/div>\n\t\t\t\t\t\t<div class=\"post-item-right\">\n\t\t\t\t\t\t\t<figure>\n\t\t\t\t\t\t\t\t<img decoding=\"async\" src=\"https:\/\/www.bakirkoyrotaract.org\/tr\/wp-content\/uploads\/2018\/09\/image79-543x304xct.jpg\"\n\t\t\t\t\t\t\t\t     alt=\"15.01.2015 \/ RTC 101 Kul\u00fcp \u0130\u00e7i E\u011fitimi\">\n\t\t\t\t\t\t\t<\/figure>\n\t\t\t\t\t\t<\/div>\n\n\t\t\t\t\t\n\t\t\t\t<\/div>\n\n\t\t\t\t\n\t\t\t\t<div class=\"kc-list-item-2\">\n\n\t\t\t\t\t\t\t\t\t\t\t\t\t\t\t\t\t\t<div class=\"post-item-left\">\n\t\t\t\t\t\t\t\t<figure>\n\t\t\t\t\t\t\t\t\t<img decoding=\"async\" src=\"https:\/\/www.bakirkoyrotaract.org\/tr\/wp-content\/uploads\/2018\/08\/img_1926-543x304xct.jpg\"\n\t\t\t\t\t\t\t\t\t     alt=\"07.11.2013 \/ RTC 101 Kul\u00fcp \u0130\u00e7i E\u011fitimi\">\n\t\t\t\t\t\t\t\t<\/figure>\n\t\t\t\t\t\t\t<\/div>\n\t\t\t\t\t\t\t\t\t\t\t\t<div class=\"post-item-right\">\n\t\t\t\t\t\t\t<div class=\"post_details\">\n\t\t\t\t\t\t\t\t<h2 class=\"post-title-alt\"><a\n\t\t\t\t\t\t\t\t\t\thref=\"https:\/\/www.bakirkoyrotaract.org\/tr\/07-11-2013-rotaract-el-kitabi-ve-rotaractta-proje-anlayisi-egitimi\/\"\n\t\t\t\t\t\t\t\t\t\ttitle=\"07.11.2013 \/ RTC 101 Kul\u00fcp \u0130\u00e7i E\u011fitimi\">07.11.2013 \/ RTC 101 Kul\u00fcp \u0130\u00e7i E\u011fitimi<\/a>\n\t\t\t\t\t\t\t\t<\/h2>\n\n\t\t\t\t\t\t\t\t\t\t\t\t\t\t\t\t\t<div class=\"post-meta\">\n\t\t\t\t\t\t\t\t\t\t\t\t\t\t\t\t\t\t\t\t\t\t\t\t\t\t\t\t\t\t\t<span class=\"post-date\"><i class=\"fa fa-clock-o\"><\/i> <a\n\t\t\t\t\t\t\t\t\t\t\t\thref=\"https:\/\/www.bakirkoyrotaract.org\/tr\/2013\/11\/\">Kas\u0131m 7 2013<\/a> <\/span>\n\t\t\t\t\t\t\t\t\t\t\t\t\t\t\t\t\t\t\t\t\t\t\t\t\t\t\t\t\t\t\t\t\t\t\t\t\t\t\t\t\t\t\t<span class=\"post-cats\"><i class=\"fa fa-folder-o\"\n\t\t\t\t\t\t\t\t\t\t\t\t                           aria-hidden=\"true\"><\/i> <a href=\"https:\/\/www.bakirkoyrotaract.org\/tr\/category\/2013-2014\/\" rel=\"category tag\">2013-2014<\/a>, <a href=\"https:\/\/www.bakirkoyrotaract.org\/tr\/category\/genel\/\" rel=\"category tag\">Genel<\/a>, <a href=\"https:\/\/www.bakirkoyrotaract.org\/tr\/category\/ugk\/\" rel=\"category tag\">\u00dcyelik Geli\u015fim Kom.<\/a><\/span>\n\t\t\t\t\t\t\t\t\t\t\t\t\t\t\t\t\t\t\t\t\t\t\t\t\t\t\t\t\t\t<\/div>\n\t\t\t\t\t\t\t\t\t\t\t\t\t\t\t<\/div>\n\t\t\t\t\t\t\t\t\t\t\t\t\t\t\t<p>Proje dahilinde 07.11.2013 tarihinde \u00fcyelerimizden Rtc. Lami A\u00e7anal taraf\u0131ndan \u201cRotaract&hellip;<\/p>\n\t\t\t\t\t\t\t\t\t\t\t\t\t\t<a href=\"https:\/\/www.bakirkoyrotaract.org\/tr\/07-11-2013-rotaract-el-kitabi-ve-rotaractta-proje-anlayisi-egitimi\/\"\n\t\t\t\t\t\t\t   class=\"kc-post-2-button\">Read more <i\n\t\t\t\t\t\t\t\t\tclass=\"fa fa-angle-right\" aria-hidden=\"true\"><\/i><\/a>\n\t\t\t\t\t\t\t\t\t\t\t\t\t<\/div>\n\n\t\t\t\t\t\n\t\t\t\t<\/div>\n\n\t\t\t\t\n\t\t\t\t<div class=\"kc-list-item-2\">\n\n\t\t\t\t\t\n\t\t\t\t\t\t<div class=\"post-item-left\">\n\t\t\t\t\t\t\t<div class=\"post_details\">\n\t\t\t\t\t\t\t\t<h2 class=\"post-title-alt\"><a\n\t\t\t\t\t\t\t\t\t\thref=\"https:\/\/www.bakirkoyrotaract.org\/tr\/22-10-2013-rtc101\/\"\n\t\t\t\t\t\t\t\t\t\ttitle=\"22.10.2013 \/ Aday \u00dcye Ho\u015fgeldin Paketi\">22.10.2013 \/ Aday \u00dcye Ho\u015fgeldin Paketi<\/a>\n\t\t\t\t\t\t\t\t<\/h2>\n\t\t\t\t\t\t\t\t\t\t\t\t\t\t\t\t\t<div class=\"post-meta\">\n\t\t\t\t\t\t\t\t\t\t\t\t\t\t\t\t\t\t\t\t\t\t\t\t\t\t\t\t\t\t\t<span class=\"post-date\"><i class=\"fa fa-clock-o\"><\/i> <a\n\t\t\t\t\t\t\t\t\t\t\t\thref=\"https:\/\/www.bakirkoyrotaract.org\/tr\/2013\/10\/\">Ekim 22 2013<\/a> <\/span>\n\t\t\t\t\t\t\t\t\t\t\t\t\t\t\t\t\t\t\t\t\t\t\t\t\t\t\t\t\t\t\t\t\t\t\t\t\t\t\t\t\t\t\t<span class=\"post-cats\"><i class=\"fa fa-folder-o\"\n\t\t\t\t\t\t\t\t\t\t\t                           aria-hidden=\"true\"><\/i> <a href=\"https:\/\/www.bakirkoyrotaract.org\/tr\/category\/2013-2014\/\" rel=\"category tag\">2013-2014<\/a>, <a href=\"https:\/\/www.bakirkoyrotaract.org\/tr\/category\/genel\/\" rel=\"category tag\">Genel<\/a>, <a href=\"https:\/\/www.bakirkoyrotaract.org\/tr\/category\/ugk\/\" rel=\"category tag\">\u00dcyelik Geli\u015fim Kom.<\/a><\/span>\n\t\t\t\t\t\t\t\t\t\t\t\t\t\t\t\t\t\t\t\t\t\t\t\t\t\t\t\t\t\t<\/div>\n\t\t\t\t\t\t\t\t\t\t\t\t\t\t\t<\/div>\n\t\t\t\t\t\t\t\t\t\t\t\t\t\t\t<p>22.10.2013 tarihinde hayata ge\u00e7irilen projeyle aday \u00fcyelik s\u00fcreci tamamlanarak kul\u00fcbe&hellip;<\/p>\n\t\t\t\t\t\t\t\t\t\t\t\t\t\t<a href=\"https:\/\/www.bakirkoyrotaract.org\/tr\/22-10-2013-rtc101\/\"\n\t\t\t\t\t\t\t   class=\"kc-post-2-button\">Read more <i\n\t\t\t\t\t\t\t\t\tclass=\"fa fa-angle-right\" aria-hidden=\"true\"><\/i><\/a>\n\t\t\t\t\t\t\t\t\t\t\t\t\t<\/div>\n\t\t\t\t\t\t<div class=\"post-item-right\">\n\t\t\t\t\t\t\t<figure>\n\t\t\t\t\t\t\t\t<img decoding=\"async\" src=\"https:\/\/www.bakirkoyrotaract.org\/tr\/wp-content\/uploads\/2018\/08\/hosgeldin-paketi1-543x304xct.jpg\"\n\t\t\t\t\t\t\t\t     alt=\"22.10.2013 \/ Aday \u00dcye Ho\u015fgeldin Paketi\">\n\t\t\t\t\t\t\t<\/figure>\n\t\t\t\t\t\t<\/div>\n\n\t\t\t\t\t\n\t\t\t\t<\/div>\n\n\t\t\t\t\n\t\n<\/div>\n<\/div><\/div><\/div><\/div><\/section>\n","protected":false},"excerpt":{"rendered":"","protected":false},"author":2,"featured_media":0,"parent":0,"menu_order":0,"comment_status":"closed","ping_status":"closed","template":"","meta":{"footnotes":""},"class_list":["post-7095","page","type-page","status-publish","hentry"],"_links":{"self":[{"href":"https:\/\/www.bakirkoyrotaract.org\/tr\/wp-json\/wp\/v2\/pages\/7095","targetHints":{"allow":["GET"]}}],"collection":[{"href":"https:\/\/www.bakirkoyrotaract.org\/tr\/wp-json\/wp\/v2\/pages"}],"about":[{"href":"https:\/\/www.bakirkoyrotaract.org\/tr\/wp-json\/wp\/v2\/types\/page"}],"author":[{"embeddable":true,"href":"https:\/\/www.bakirkoyrotaract.org\/tr\/wp-json\/wp\/v2\/users\/2"}],"replies":[{"embeddable":true,"href":"https:\/\/www.bakirkoyrotaract.org\/tr\/wp-json\/wp\/v2\/comments?post=7095"}],"version-history":[{"count":2,"href":"https:\/\/www.bakirkoyrotaract.org\/tr\/wp-json\/wp\/v2\/pages\/7095\/revisions"}],"predecessor-version":[{"id":9154,"href":"https:\/\/www.bakirkoyrotaract.org\/tr\/wp-json\/wp\/v2\/pages\/7095\/revisions\/9154"}],"wp:attachment":[{"href":"https:\/\/www.bakirkoyrotaract.org\/tr\/wp-json\/wp\/v2\/media?parent=7095"}],"curies":[{"name":"wp","href":"https:\/\/api.w.org\/{rel}","templated":true}]}}