{"id":6322,"date":"2020-05-21T23:19:14","date_gmt":"2020-05-21T20:19:14","guid":{"rendered":"http:\/\/www.bakirkoyrotaract.org\/tr\/?page_id=6322"},"modified":"2025-09-14T00:48:03","modified_gmt":"2025-09-13T21:48:03","slug":"yonetim-kurulumuz","status":"publish","type":"page","link":"https:\/\/www.bakirkoyrotaract.org\/tr\/yonetim-kurulumuz\/","title":{"rendered":"Y\u00f6netim Kurulumuz"},"content":{"rendered":"<p><section class=\"kc-elm kc-css-135031 kc_row xt_kc_row_has_container xt_kc_row_no_padding\"><div class=\"kc-row-container  kc-container\"><div class=\"kc-wrap-columns\"><div class=\"kc-elm kc-css-530769 kc_col-sm-4 kc_column kc_col-sm-4\"><div class=\"kc-col-container\">\n<div class=\"kc-elm kc-css-345845 kc-team kc-team-1\">\n\n\t<figure class=\"content-image\"><img decoding=\"async\" src=\"https:\/\/www.bakirkoyrotaract.org\/tr\/wp-content\/uploads\/2025\/09\/WhatsApp-Image-2025-09-14-at-00.35.26-e1757799413335-150x150.jpeg\" alt=\"\"><\/figure><div class=\"content-title\">Sena G\u00fcls\u00fcm Do\u011fan<\/div><div class=\"content-subtitle\">D\u00f6nem Ba\u015fkan\u0131<\/div><div class=\"content-socials\"><a href=\"baskan@bakirkoyrotaract.org\" target=\"_blank\"><i class=\"fa-envelope\"><\/i><\/a><\/div>\n<\/div>\n<\/div><\/div><div class=\"kc-elm kc-css-798234 kc_col-sm-4 kc_column kc_col-sm-4\"><div class=\"kc-col-container\">\n<div class=\"kc-elm kc-css-127189 kc-team kc-team-1\">\n\n\t<figure class=\"content-image\"><img decoding=\"async\" src=\"https:\/\/www.bakirkoyrotaract.org\/tr\/wp-content\/uploads\/2020\/05\/WhatsApp-Image-2020-dbd05-22-at-04.01.14-150x150.jpeg\" alt=\"\"><\/figure><div class=\"content-title\">G\u00f6zde G\u00fcrkan<\/div><div class=\"content-subtitle\">Asba\u015fkan<\/div><div class=\"content-socials\"><a href=\"asbaskan@bakirkoyrotaract.org\" target=\"_blank\"><i class=\"fa-envelope\"><\/i><\/a><\/div>\n<\/div>\n<\/div><\/div><div class=\"kc-elm kc-css-779321 kc_col-sm-4 kc_column kc_col-sm-4\"><div class=\"kc-col-container\">\n<div class=\"kc-elm kc-css-687803 kc-team kc-team-1\">\n\n\t<figure class=\"content-image\"><img decoding=\"async\" src=\"https:\/\/www.bakirkoyrotaract.org\/tr\/wp-content\/uploads\/2020\/07\/86cbba39-0197-4f7e-86b3-4b7e3eae99d3-e1594040639645-150x150.jpg\" alt=\"\"><\/figure><div class=\"content-title\">Dikris Sar\u0131<\/div><div class=\"content-subtitle\">Genel Sekreter<\/div><div class=\"content-socials\"><a href=\"sekreter@bakirkoyrotaract.org\" target=\"_blank\"><i class=\"fa-envelope\"><\/i><\/a><\/div>\n<\/div>\n<\/div><\/div><\/div><\/div><\/section><section class=\"kc-elm kc-css-10921 kc_row xt_kc_row_has_container xt_kc_row_no_padding\"><div class=\"kc-row-container  kc-container\"><div class=\"kc-wrap-columns\"><div class=\"kc-elm kc-css-819904 kc_col-sm-2 kc_column kc_col-sm-2\"><div class=\"kc-col-container\"><\/div><\/div><div class=\"kc-elm kc-css-832232 kc_col-sm-4 kc_column kc_col-sm-4\"><div class=\"kc-col-container\">\n<div class=\"kc-elm kc-css-910963 kc-team kc-team-1\">\n\n\t<figure class=\"content-image\"><img decoding=\"async\" src=\"https:\/\/www.bakirkoyrotaract.org\/tr\/wp-content\/uploads\/2025\/09\/WhatsApp-Image-2025-09-14-at-00.43.11-e1757800000255-150x150.jpeg\" alt=\"\"><\/figure><div class=\"content-title\">G\u00f6ktu\u011f \u00c7imen<\/div><div class=\"content-subtitle\">Sayman<\/div><div class=\"content-socials\"><a href=\"sayman@bakirkoyrotaract.org\" target=\"_blank\"><i class=\"fa-envelope\"><\/i><\/a><\/div>\n<\/div>\n<\/div><\/div><div class=\"kc-elm kc-css-701089 kc_col-sm-4 kc_column kc_col-sm-4\"><div class=\"kc-col-container\">\n<div class=\"kc-elm kc-css-953392 kc-team kc-team-1\">\n\n\t<figure class=\"content-image\"><img decoding=\"async\" src=\"https:\/\/www.bakirkoyrotaract.org\/tr\/wp-content\/uploads\/2020\/05\/WhatsApp-Image-2020-05-21-adft-03.44.17-e1594032675461-150x150.jpeg\" alt=\"\"><\/figure><div class=\"content-title\">Bernar Terziyan<\/div><div class=\"content-subtitle\">Ge\u00e7mi\u015f D\u00f6nem Ba\u015fkan\u0131<\/div><div class=\"content-socials\"><a href=\"gdbaskani@bakirkoyrotaract.org\" target=\"_blank\"><i class=\"fa-envelope\"><\/i><\/a><\/div>\n<\/div>\n<\/div><\/div><div class=\"kc-elm kc-css-237066 kc_col-sm-2 kc_column kc_col-sm-2\"><div class=\"kc-col-container\"><\/div><\/div><\/div><\/div><\/section><\/p>\n","protected":false},"excerpt":{"rendered":"","protected":false},"author":2,"featured_media":0,"parent":0,"menu_order":0,"comment_status":"closed","ping_status":"closed","template":"","meta":{"footnotes":""},"class_list":["post-6322","page","type-page","status-publish","hentry"],"_links":{"self":[{"href":"https:\/\/www.bakirkoyrotaract.org\/tr\/wp-json\/wp\/v2\/pages\/6322","targetHints":{"allow":["GET"]}}],"collection":[{"href":"https:\/\/www.bakirkoyrotaract.org\/tr\/wp-json\/wp\/v2\/pages"}],"about":[{"href":"https:\/\/www.bakirkoyrotaract.org\/tr\/wp-json\/wp\/v2\/types\/page"}],"author":[{"embeddable":true,"href":"https:\/\/www.bakirkoyrotaract.org\/tr\/wp-json\/wp\/v2\/users\/2"}],"replies":[{"embeddable":true,"href":"https:\/\/www.bakirkoyrotaract.org\/tr\/wp-json\/wp\/v2\/comments?post=6322"}],"version-history":[{"count":60,"href":"https:\/\/www.bakirkoyrotaract.org\/tr\/wp-json\/wp\/v2\/pages\/6322\/revisions"}],"predecessor-version":[{"id":93891,"href":"https:\/\/www.bakirkoyrotaract.org\/tr\/wp-json\/wp\/v2\/pages\/6322\/revisions\/93891"}],"wp:attachment":[{"href":"https:\/\/www.bakirkoyrotaract.org\/tr\/wp-json\/wp\/v2\/media?parent=6322"}],"curies":[{"name":"wp","href":"https:\/\/api.w.org\/{rel}","templated":true}]}}