{"id":5099,"date":"2018-08-13T23:12:39","date_gmt":"2018-08-13T20:12:39","guid":{"rendered":"http:\/\/www.bakirkoyrotaract.org\/tr\/?page_id=5099"},"modified":"2020-05-22T07:22:19","modified_gmt":"2020-05-22T04:22:19","slug":"sivil-toplum-kuruluslari-komitesi","status":"publish","type":"page","link":"https:\/\/www.bakirkoyrotaract.org\/tr\/sivil-toplum-kuruluslari-komitesi\/","title":{"rendered":"Sivil Toplum Kurulu\u015flar\u0131 Komitesi"},"content":{"rendered":"<section class=\"kc-elm kc-css-213704 kc_row xt_kc_row_has_container xt_kc_row_has_padding\"><div class=\"kc-row-container  kc-container\"><div class=\"kc-wrap-columns\"><div class=\"kc-elm kc-css-529965 kc_col-sm-12 kc_column kc_col-sm-12\"><div class=\"kc-col-container\">        <div class=\"sec-title text-center section-title-margin-bottom-medium section-title-color-default\">\n            <h2>Sivil Toplum Kurulu\u015flar\u0131 Komitesi<\/h2>        <\/div>\n\n\t\t<div class=\"kc-elm kc-css-614548 kc_text_block\"><\/p>\n<p>Sivil Toplum Kurulu\u015flar\u0131 Komitesi, kul\u00fcb\u00fcn di\u011fer sivil toplum kurulu\u015flar\u0131 ile ileti\u015fimini sa\u011flamaktan sorumludur. Kul\u00fcb\u00fcn \u00e7al\u0131\u015fmakta oldu\u011fu farkl\u0131 odak noktalar\u0131nda farkl\u0131 sivil toplum kurulu\u015flar\u0131 ile ortakl\u0131klar kurmas\u0131 stratejik olarak b\u00fcy\u00fck \u00f6nem arz etti\u011finden komitenin g\u00f6revi t\u00fcm di\u011fer komitelere destek olmakt\u0131r. Farkl\u0131 projeler i\u00e7in ihtiya\u00e7 duyulacak STK&#8217;lara ula\u015fmak, gerekli g\u00f6r\u00fc\u015fmeleri yapmak, proje \u00e7er\u00e7evesinde taraflar\u0131n rollerini belirlemek ve bu ili\u015fkiyi y\u00f6netmek Sivil Toplum Kurulu\u015flar\u0131 Komitesi&#8217;nin g\u00f6revidir. Kurulan ba\u011flar\u0131n kal\u0131c\u0131 olmas\u0131 sa\u011flanmal\u0131 ve uzun d\u00f6nemli ortakl\u0131klar kurulmas\u0131na \u00f6zen g\u00f6sterilmelidir.<\/p>\n<p style=\"text-align: center;\"><a href=\"http:\/\/www.bakirkoyrotaract.org\/tr\/sivil-toplum-kuruluslari-komitesi-arsivi\/\">Sivil Toplum Kurulu\u015flar\u0131 Komitesi Proje Ar\u015fivi i\u00e7in T\u0131klay\u0131n\u0131z<\/a><\/p>\n<p>\n<\/div><\/div><\/div><\/div><\/div><\/section>\n","protected":false},"excerpt":{"rendered":"","protected":false},"author":1,"featured_media":0,"parent":0,"menu_order":0,"comment_status":"closed","ping_status":"closed","template":"","meta":{"footnotes":""},"class_list":["post-5099","page","type-page","status-publish","hentry"],"_links":{"self":[{"href":"https:\/\/www.bakirkoyrotaract.org\/tr\/wp-json\/wp\/v2\/pages\/5099","targetHints":{"allow":["GET"]}}],"collection":[{"href":"https:\/\/www.bakirkoyrotaract.org\/tr\/wp-json\/wp\/v2\/pages"}],"about":[{"href":"https:\/\/www.bakirkoyrotaract.org\/tr\/wp-json\/wp\/v2\/types\/page"}],"author":[{"embeddable":true,"href":"https:\/\/www.bakirkoyrotaract.org\/tr\/wp-json\/wp\/v2\/users\/1"}],"replies":[{"embeddable":true,"href":"https:\/\/www.bakirkoyrotaract.org\/tr\/wp-json\/wp\/v2\/comments?post=5099"}],"version-history":[{"count":12,"href":"https:\/\/www.bakirkoyrotaract.org\/tr\/wp-json\/wp\/v2\/pages\/5099\/revisions"}],"predecessor-version":[{"id":10098,"href":"https:\/\/www.bakirkoyrotaract.org\/tr\/wp-json\/wp\/v2\/pages\/5099\/revisions\/10098"}],"wp:attachment":[{"href":"https:\/\/www.bakirkoyrotaract.org\/tr\/wp-json\/wp\/v2\/media?parent=5099"}],"curies":[{"name":"wp","href":"https:\/\/api.w.org\/{rel}","templated":true}]}}