{"id":5069,"date":"2018-08-13T14:09:09","date_gmt":"2018-08-13T11:09:09","guid":{"rendered":"http:\/\/www.bakirkoyrotaract.org\/tr\/?page_id=5069"},"modified":"2018-10-10T11:53:50","modified_gmt":"2018-10-10T08:53:50","slug":"bolge-organizasyonlari-arsivi","status":"publish","type":"page","link":"https:\/\/www.bakirkoyrotaract.org\/tr\/bolge-organizasyonlari-arsivi\/","title":{"rendered":"B\u00f6lge Organizasyonlar\u0131 Ar\u015fivi"},"content":{"rendered":"<section class=\"kc-elm kc-css-976195 kc_row xt_kc_row_has_container xt_kc_row_has_padding\"><div class=\"kc-row-container  kc-container\"><div class=\"kc-wrap-columns\"><div class=\"kc-elm kc-css-333906 kc_col-sm-12 kc_column kc_col-sm-12\"><div class=\"kc-col-container\">\n<div class=\"kc-elm kc-css-458470 kc-blog-posts kc-blog-posts-2 kc-image-align-both\">\n\t\n\t\t\n\t\t\t\t<div class=\"kc-list-item-2\">\n\n\t\t\t\t\t\n\t\t\t\t\t\t<div class=\"post-item-left\">\n\t\t\t\t\t\t\t<div class=\"post_details\">\n\t\t\t\t\t\t\t\t<h2 class=\"post-title-alt\"><a\n\t\t\t\t\t\t\t\t\t\thref=\"https:\/\/www.bakirkoyrotaract.org\/tr\/25-05-2025-kelebek-festivali-yuz-boyama-standi\/\"\n\t\t\t\t\t\t\t\t\t\ttitle=\"25.05.2025 \/ Kelebek Festivali Y\u00fcz Boyama Stand\u0131\">25.05.2025 \/ Kelebek Festivali Y\u00fcz Boyama Stand\u0131<\/a>\n\t\t\t\t\t\t\t\t<\/h2>\n\t\t\t\t\t\t\t\t\t\t\t\t\t\t\t\t\t<div class=\"post-meta\">\n\t\t\t\t\t\t\t\t\t\t\t\t\t\t\t\t\t\t\t\t\t\t\t\t\t\t\t\t\t\t\t<span class=\"post-date\"><i class=\"fa fa-clock-o\"><\/i> <a\n\t\t\t\t\t\t\t\t\t\t\t\thref=\"https:\/\/www.bakirkoyrotaract.org\/tr\/2025\/05\/\">May\u0131s 25 2025<\/a> <\/span>\n\t\t\t\t\t\t\t\t\t\t\t\t\t\t\t\t\t\t\t\t\t\t\t\t\t\t\t\t\t\t\t\t\t\t\t\t\t\t\t\t\t\t\t<span class=\"post-cats\"><i class=\"fa fa-folder-o\"\n\t\t\t\t\t\t\t\t\t\t\t                           aria-hidden=\"true\"><\/i> <a href=\"https:\/\/www.bakirkoyrotaract.org\/tr\/category\/2024-2025\/\" rel=\"category tag\">2024-2025<\/a>, <a href=\"https:\/\/www.bakirkoyrotaract.org\/tr\/category\/bolge-organizasyonlari\/\" rel=\"category tag\">B\u00f6lge Organizasyonlar\u0131<\/a>, <a href=\"https:\/\/www.bakirkoyrotaract.org\/tr\/category\/genel\/\" rel=\"category tag\">Genel<\/a><\/span>\n\t\t\t\t\t\t\t\t\t\t\t\t\t\t\t\t\t\t\t\t\t\t\t\t\t\t\t\t\t\t<\/div>\n\t\t\t\t\t\t\t\t\t\t\t\t\t\t\t<\/div>\n\t\t\t\t\t\t\t\t\t\t\t\t\t\t\t<p>U.R. 2420. B\u00f6lge Rotaract Temsilcili\u011fi Hizmet Projeleri Komitesi taraf\u0131ndan geleneksel&hellip;<\/p>\n\t\t\t\t\t\t\t\t\t\t\t\t\t\t<a href=\"https:\/\/www.bakirkoyrotaract.org\/tr\/25-05-2025-kelebek-festivali-yuz-boyama-standi\/\"\n\t\t\t\t\t\t\t   class=\"kc-post-2-button\">Devam\u0131n\u0131 Oku <i\n\t\t\t\t\t\t\t\t\tclass=\"fa fa-angle-right\" aria-hidden=\"true\"><\/i><\/a>\n\t\t\t\t\t\t\t\t\t\t\t\t\t<\/div>\n\t\t\t\t\t\t<div class=\"post-item-right\">\n\t\t\t\t\t\t\t<figure>\n\t\t\t\t\t\t\t\t<img decoding=\"async\" src=\"https:\/\/www.bakirkoyrotaract.org\/tr\/wp-content\/uploads\/2026\/01\/Ekran-Resmi-2026-01-31-15.32.02-543x304xct.png\"\n\t\t\t\t\t\t\t\t     alt=\"25.05.2025 \/ Kelebek Festivali Y\u00fcz Boyama Stand\u0131\">\n\t\t\t\t\t\t\t<\/figure>\n\t\t\t\t\t\t<\/div>\n\n\t\t\t\t\t\n\t\t\t\t<\/div>\n\n\t\t\t\t\n\t\t\t\t<div class=\"kc-list-item-2\">\n\n\t\t\t\t\t\t\t\t\t\t\t\t\t\t\t\t\t\t<div class=\"post-item-left\">\n\t\t\t\t\t\t\t\t<figure>\n\t\t\t\t\t\t\t\t\t<img decoding=\"async\" src=\"https:\/\/www.bakirkoyrotaract.org\/tr\/wp-content\/uploads\/2019\/05\/WhatsApp-Image-2019-05-04-at-21.47.48-543x304xct.jpeg\"\n\t\t\t\t\t\t\t\t\t     alt=\"04.05.2019 \/ Rotaract \u015eenli\u011fi\">\n\t\t\t\t\t\t\t\t<\/figure>\n\t\t\t\t\t\t\t<\/div>\n\t\t\t\t\t\t\t\t\t\t\t\t<div class=\"post-item-right\">\n\t\t\t\t\t\t\t<div class=\"post_details\">\n\t\t\t\t\t\t\t\t<h2 class=\"post-title-alt\"><a\n\t\t\t\t\t\t\t\t\t\thref=\"https:\/\/www.bakirkoyrotaract.org\/tr\/04-05-2019-rotaract-senligi\/\"\n\t\t\t\t\t\t\t\t\t\ttitle=\"04.05.2019 \/ Rotaract \u015eenli\u011fi\">04.05.2019 \/ Rotaract \u015eenli\u011fi<\/a>\n\t\t\t\t\t\t\t\t<\/h2>\n\n\t\t\t\t\t\t\t\t\t\t\t\t\t\t\t\t\t<div class=\"post-meta\">\n\t\t\t\t\t\t\t\t\t\t\t\t\t\t\t\t\t\t\t\t\t\t\t\t\t\t\t\t\t\t\t<span class=\"post-date\"><i class=\"fa fa-clock-o\"><\/i> <a\n\t\t\t\t\t\t\t\t\t\t\t\thref=\"https:\/\/www.bakirkoyrotaract.org\/tr\/2019\/05\/\">May\u0131s 4 2019<\/a> <\/span>\n\t\t\t\t\t\t\t\t\t\t\t\t\t\t\t\t\t\t\t\t\t\t\t\t\t\t\t\t\t\t\t\t\t\t\t\t\t\t\t\t\t\t\t<span class=\"post-cats\"><i class=\"fa fa-folder-o\"\n\t\t\t\t\t\t\t\t\t\t\t\t                           aria-hidden=\"true\"><\/i> <a href=\"https:\/\/www.bakirkoyrotaract.org\/tr\/category\/2018-2019\/\" rel=\"category tag\">2018-2019<\/a>, <a href=\"https:\/\/www.bakirkoyrotaract.org\/tr\/category\/bolge-organizasyonlari\/\" rel=\"category tag\">B\u00f6lge Organizasyonlar\u0131<\/a>, <a href=\"https:\/\/www.bakirkoyrotaract.org\/tr\/category\/genel\/\" rel=\"category tag\">Genel<\/a><\/span>\n\t\t\t\t\t\t\t\t\t\t\t\t\t\t\t\t\t\t\t\t\t\t\t\t\t\t\t\t\t\t<\/div>\n\t\t\t\t\t\t\t\t\t\t\t\t\t\t\t<\/div>\n\t\t\t\t\t\t\t\t\t\t\t\t\t\t\t<p>(Bak\u0131rk\u00f6y RAC &amp; Galata RAC Ev Sahipli\u011finde) Rotaract \u015eenli\u011fi'19, Bak\u0131rk\u00f6y&hellip;<\/p>\n\t\t\t\t\t\t\t\t\t\t\t\t\t\t<a href=\"https:\/\/www.bakirkoyrotaract.org\/tr\/04-05-2019-rotaract-senligi\/\"\n\t\t\t\t\t\t\t   class=\"kc-post-2-button\">Devam\u0131n\u0131 Oku <i\n\t\t\t\t\t\t\t\t\tclass=\"fa fa-angle-right\" aria-hidden=\"true\"><\/i><\/a>\n\t\t\t\t\t\t\t\t\t\t\t\t\t<\/div>\n\n\t\t\t\t\t\n\t\t\t\t<\/div>\n\n\t\t\t\t\n\t\t\t\t<div class=\"kc-list-item-2\">\n\n\t\t\t\t\t\n\t\t\t\t\t\t<div class=\"post-item-left\">\n\t\t\t\t\t\t\t<div class=\"post_details\">\n\t\t\t\t\t\t\t\t<h2 class=\"post-title-alt\"><a\n\t\t\t\t\t\t\t\t\t\thref=\"https:\/\/www.bakirkoyrotaract.org\/tr\/22-04-2018-bolge-asamblesi\/\"\n\t\t\t\t\t\t\t\t\t\ttitle=\"22.04.2018 \/ B\u00f6lge Asamblesi\">22.04.2018 \/ B\u00f6lge Asamblesi<\/a>\n\t\t\t\t\t\t\t\t<\/h2>\n\t\t\t\t\t\t\t\t\t\t\t\t\t\t\t\t\t<div class=\"post-meta\">\n\t\t\t\t\t\t\t\t\t\t\t\t\t\t\t\t\t\t\t\t\t\t\t\t\t\t\t\t\t\t\t<span class=\"post-date\"><i class=\"fa fa-clock-o\"><\/i> <a\n\t\t\t\t\t\t\t\t\t\t\t\thref=\"https:\/\/www.bakirkoyrotaract.org\/tr\/2018\/04\/\">Nisan 22 2018<\/a> <\/span>\n\t\t\t\t\t\t\t\t\t\t\t\t\t\t\t\t\t\t\t\t\t\t\t\t\t\t\t\t\t\t\t\t\t\t\t\t\t\t\t\t\t\t\t<span class=\"post-cats\"><i class=\"fa fa-folder-o\"\n\t\t\t\t\t\t\t\t\t\t\t                           aria-hidden=\"true\"><\/i> <a href=\"https:\/\/www.bakirkoyrotaract.org\/tr\/category\/2017-2018\/\" rel=\"category tag\">2017-2018<\/a>, <a href=\"https:\/\/www.bakirkoyrotaract.org\/tr\/category\/bolge-organizasyonlari\/\" rel=\"category tag\">B\u00f6lge Organizasyonlar\u0131<\/a>, <a href=\"https:\/\/www.bakirkoyrotaract.org\/tr\/category\/genel\/\" rel=\"category tag\">Genel<\/a>, <a href=\"https:\/\/www.bakirkoyrotaract.org\/tr\/category\/kyk\/\" rel=\"category tag\">Kul\u00fcp Y\u00f6netimi Kom.<\/a><\/span>\n\t\t\t\t\t\t\t\t\t\t\t\t\t\t\t\t\t\t\t\t\t\t\t\t\t\t\t\t\t\t<\/div>\n\t\t\t\t\t\t\t\t\t\t\t\t\t\t\t<\/div>\n\t\t\t\t\t\t\t\t\t\t\t\t\t\t\t<p>(Bak\u0131rk\u00f6y RAC &amp; Fatih RAC Ev Sahipli\u011finde) 2018-2019 d\u00f6nem lansman\u0131n\u0131n&hellip;<\/p>\n\t\t\t\t\t\t\t\t\t\t\t\t\t\t<a href=\"https:\/\/www.bakirkoyrotaract.org\/tr\/22-04-2018-bolge-asamblesi\/\"\n\t\t\t\t\t\t\t   class=\"kc-post-2-button\">Devam\u0131n\u0131 Oku <i\n\t\t\t\t\t\t\t\t\tclass=\"fa fa-angle-right\" aria-hidden=\"true\"><\/i><\/a>\n\t\t\t\t\t\t\t\t\t\t\t\t\t<\/div>\n\t\t\t\t\t\t<div class=\"post-item-right\">\n\t\t\t\t\t\t\t<figure>\n\t\t\t\t\t\t\t\t<img decoding=\"async\" src=\"https:\/\/www.bakirkoyrotaract.org\/tr\/wp-content\/uploads\/2018\/11\/WhatsApp-Image-2018-04-24-at-01.06.18-e1541072227548-543x304xct.jpeg\"\n\t\t\t\t\t\t\t\t     alt=\"22.04.2018 \/ B\u00f6lge Asamblesi\">\n\t\t\t\t\t\t\t<\/figure>\n\t\t\t\t\t\t<\/div>\n\n\t\t\t\t\t\n\t\t\t\t<\/div>\n\n\t\t\t\t\n\t\t\t\t<div class=\"kc-list-item-2\">\n\n\t\t\t\t\t\t\t\t\t\t\t\t\t\t\t\t\t\t<div class=\"post-item-left\">\n\t\t\t\t\t\t\t\t<figure>\n\t\t\t\t\t\t\t\t\t<img decoding=\"async\" src=\"https:\/\/www.bakirkoyrotaract.org\/tr\/wp-content\/uploads\/2018\/10\/26756264_1698254830239207_5272731992118568810_o-543x304xct.jpg\"\n\t\t\t\t\t\t\t\t\t     alt=\"14.01.2018 \/ Yar\u0131y\u0131l De\u011ferlendirme Toplant\u0131s\u0131&#8217;18\">\n\t\t\t\t\t\t\t\t<\/figure>\n\t\t\t\t\t\t\t<\/div>\n\t\t\t\t\t\t\t\t\t\t\t\t<div class=\"post-item-right\">\n\t\t\t\t\t\t\t<div class=\"post_details\">\n\t\t\t\t\t\t\t\t<h2 class=\"post-title-alt\"><a\n\t\t\t\t\t\t\t\t\t\thref=\"https:\/\/www.bakirkoyrotaract.org\/tr\/14-01-2018-yariyil-degerlendirme-toplantisi18\/\"\n\t\t\t\t\t\t\t\t\t\ttitle=\"14.01.2018 \/ Yar\u0131y\u0131l De\u011ferlendirme Toplant\u0131s\u0131&#8217;18\">14.01.2018 \/ Yar\u0131y\u0131l De\u011ferlendirme Toplant\u0131s\u0131&#8217;18<\/a>\n\t\t\t\t\t\t\t\t<\/h2>\n\n\t\t\t\t\t\t\t\t\t\t\t\t\t\t\t\t\t<div class=\"post-meta\">\n\t\t\t\t\t\t\t\t\t\t\t\t\t\t\t\t\t\t\t\t\t\t\t\t\t\t\t\t\t\t\t<span class=\"post-date\"><i class=\"fa fa-clock-o\"><\/i> <a\n\t\t\t\t\t\t\t\t\t\t\t\thref=\"https:\/\/www.bakirkoyrotaract.org\/tr\/2018\/01\/\">Ocak 14 2018<\/a> <\/span>\n\t\t\t\t\t\t\t\t\t\t\t\t\t\t\t\t\t\t\t\t\t\t\t\t\t\t\t\t\t\t\t\t\t\t\t\t\t\t\t\t\t\t\t<span class=\"post-cats\"><i class=\"fa fa-folder-o\"\n\t\t\t\t\t\t\t\t\t\t\t\t                           aria-hidden=\"true\"><\/i> <a href=\"https:\/\/www.bakirkoyrotaract.org\/tr\/category\/2017-2018\/\" rel=\"category tag\">2017-2018<\/a>, <a href=\"https:\/\/www.bakirkoyrotaract.org\/tr\/category\/bolge-organizasyonlari\/\" rel=\"category tag\">B\u00f6lge Organizasyonlar\u0131<\/a>, <a href=\"https:\/\/www.bakirkoyrotaract.org\/tr\/category\/genel\/\" rel=\"category tag\">Genel<\/a>, <a href=\"https:\/\/www.bakirkoyrotaract.org\/tr\/category\/kyk\/\" rel=\"category tag\">Kul\u00fcp Y\u00f6netimi Kom.<\/a><\/span>\n\t\t\t\t\t\t\t\t\t\t\t\t\t\t\t\t\t\t\t\t\t\t\t\t\t\t\t\t\t\t<\/div>\n\t\t\t\t\t\t\t\t\t\t\t\t\t\t\t<\/div>\n\t\t\t\t\t\t\t\t\t\t\t\t\t\t\t<p>Yar\u0131y\u0131l De\u011ferlendirme Toplant\u0131s\u0131\u201918, Bak\u0131rk\u00f6y RAC kul\u00fcb\u00fcm\u00fcz ev sahipli\u011finde 14.01.2018 tarihinde,&hellip;<\/p>\n\t\t\t\t\t\t\t\t\t\t\t\t\t\t<a href=\"https:\/\/www.bakirkoyrotaract.org\/tr\/14-01-2018-yariyil-degerlendirme-toplantisi18\/\"\n\t\t\t\t\t\t\t   class=\"kc-post-2-button\">Devam\u0131n\u0131 Oku <i\n\t\t\t\t\t\t\t\t\tclass=\"fa fa-angle-right\" aria-hidden=\"true\"><\/i><\/a>\n\t\t\t\t\t\t\t\t\t\t\t\t\t<\/div>\n\n\t\t\t\t\t\n\t\t\t\t<\/div>\n\n\t\t\t\t\n\t\t\t\t<div class=\"kc-list-item-2\">\n\n\t\t\t\t\t\n\t\t\t\t\t\t<div class=\"post-item-left\">\n\t\t\t\t\t\t\t<div class=\"post_details\">\n\t\t\t\t\t\t\t\t<h2 class=\"post-title-alt\"><a\n\t\t\t\t\t\t\t\t\t\thref=\"https:\/\/www.bakirkoyrotaract.org\/tr\/14-03-2015-geleneksel-rotaract-balosu15\/\"\n\t\t\t\t\t\t\t\t\t\ttitle=\"14.03.2015 \/ Geleneksel Rotaract Balosu&#8217;15\">14.03.2015 \/ Geleneksel Rotaract Balosu&#8217;15<\/a>\n\t\t\t\t\t\t\t\t<\/h2>\n\t\t\t\t\t\t\t\t\t\t\t\t\t\t\t\t\t<div class=\"post-meta\">\n\t\t\t\t\t\t\t\t\t\t\t\t\t\t\t\t\t\t\t\t\t\t\t\t\t\t\t\t\t\t\t<span class=\"post-date\"><i class=\"fa fa-clock-o\"><\/i> <a\n\t\t\t\t\t\t\t\t\t\t\t\thref=\"https:\/\/www.bakirkoyrotaract.org\/tr\/2015\/03\/\">Mart 14 2015<\/a> <\/span>\n\t\t\t\t\t\t\t\t\t\t\t\t\t\t\t\t\t\t\t\t\t\t\t\t\t\t\t\t\t\t\t\t\t\t\t\t\t\t\t\t\t\t\t<span class=\"post-cats\"><i class=\"fa fa-folder-o\"\n\t\t\t\t\t\t\t\t\t\t\t                           aria-hidden=\"true\"><\/i> <a href=\"https:\/\/www.bakirkoyrotaract.org\/tr\/category\/2014-2015\/\" rel=\"category tag\">2014-2015<\/a>, <a href=\"https:\/\/www.bakirkoyrotaract.org\/tr\/category\/bolge-organizasyonlari\/\" rel=\"category tag\">B\u00f6lge Organizasyonlar\u0131<\/a>, <a href=\"https:\/\/www.bakirkoyrotaract.org\/tr\/category\/genel\/\" rel=\"category tag\">Genel<\/a>, <a href=\"https:\/\/www.bakirkoyrotaract.org\/tr\/category\/kyk\/\" rel=\"category tag\">Kul\u00fcp Y\u00f6netimi Kom.<\/a><\/span>\n\t\t\t\t\t\t\t\t\t\t\t\t\t\t\t\t\t\t\t\t\t\t\t\t\t\t\t\t\t\t<\/div>\n\t\t\t\t\t\t\t\t\t\t\t\t\t\t\t<\/div>\n\t\t\t\t\t\t\t\t\t\t\t\t\t\t\t<p>(Bak\u0131rk\u00f6y RAC &amp; Bostanc\u0131 RAC Ev Sahipli\u011finde) Her sene D\u00fcnya&hellip;<\/p>\n\t\t\t\t\t\t\t\t\t\t\t\t\t\t<a href=\"https:\/\/www.bakirkoyrotaract.org\/tr\/14-03-2015-geleneksel-rotaract-balosu15\/\"\n\t\t\t\t\t\t\t   class=\"kc-post-2-button\">Devam\u0131n\u0131 Oku <i\n\t\t\t\t\t\t\t\t\tclass=\"fa fa-angle-right\" aria-hidden=\"true\"><\/i><\/a>\n\t\t\t\t\t\t\t\t\t\t\t\t\t<\/div>\n\t\t\t\t\t\t<div class=\"post-item-right\">\n\t\t\t\t\t\t\t<figure>\n\t\t\t\t\t\t\t\t<img decoding=\"async\" src=\"https:\/\/www.bakirkoyrotaract.org\/tr\/wp-content\/uploads\/2018\/09\/image35-543x304xct.jpg\"\n\t\t\t\t\t\t\t\t     alt=\"14.03.2015 \/ Geleneksel Rotaract Balosu&#8217;15\">\n\t\t\t\t\t\t\t<\/figure>\n\t\t\t\t\t\t<\/div>\n\n\t\t\t\t\t\n\t\t\t\t<\/div>\n\n\t\t\t\t\n\t\t\t\t<div class=\"kc-list-item-2\">\n\n\t\t\t\t\t\t\t\t\t\t\t\t\t\t\t\t\t\t<div class=\"post-item-left\">\n\t\t\t\t\t\t\t\t<figure>\n\t\t\t\t\t\t\t\t\t<img decoding=\"async\" src=\"https:\/\/www.bakirkoyrotaract.org\/tr\/wp-content\/uploads\/2018\/08\/1669613_610303959041602_1348393646_o-543x304xct.jpg\"\n\t\t\t\t\t\t\t\t\t     alt=\"25.01.2014 \/ Rotary Yar\u0131y\u0131l De\u011ferlendirme Toplant\u0131s\u0131&#8217;14\">\n\t\t\t\t\t\t\t\t<\/figure>\n\t\t\t\t\t\t\t<\/div>\n\t\t\t\t\t\t\t\t\t\t\t\t<div class=\"post-item-right\">\n\t\t\t\t\t\t\t<div class=\"post_details\">\n\t\t\t\t\t\t\t\t<h2 class=\"post-title-alt\"><a\n\t\t\t\t\t\t\t\t\t\thref=\"https:\/\/www.bakirkoyrotaract.org\/tr\/25-01-2014-rotary-yariyil-degerlendirme-toplantisi14-bakirkoy-rotary-bakirkoy-rac-ev-sahipliginde\/\"\n\t\t\t\t\t\t\t\t\t\ttitle=\"25.01.2014 \/ Rotary Yar\u0131y\u0131l De\u011ferlendirme Toplant\u0131s\u0131&#8217;14\">25.01.2014 \/ Rotary Yar\u0131y\u0131l De\u011ferlendirme Toplant\u0131s\u0131&#8217;14<\/a>\n\t\t\t\t\t\t\t\t<\/h2>\n\n\t\t\t\t\t\t\t\t\t\t\t\t\t\t\t\t\t<div class=\"post-meta\">\n\t\t\t\t\t\t\t\t\t\t\t\t\t\t\t\t\t\t\t\t\t\t\t\t\t\t\t\t\t\t\t<span class=\"post-date\"><i class=\"fa fa-clock-o\"><\/i> <a\n\t\t\t\t\t\t\t\t\t\t\t\thref=\"https:\/\/www.bakirkoyrotaract.org\/tr\/2014\/01\/\">Ocak 25 2014<\/a> <\/span>\n\t\t\t\t\t\t\t\t\t\t\t\t\t\t\t\t\t\t\t\t\t\t\t\t\t\t\t\t\t\t\t\t\t\t\t\t\t\t\t\t\t\t\t<span class=\"post-cats\"><i class=\"fa fa-folder-o\"\n\t\t\t\t\t\t\t\t\t\t\t\t                           aria-hidden=\"true\"><\/i> <a href=\"https:\/\/www.bakirkoyrotaract.org\/tr\/category\/2013-2014\/\" rel=\"category tag\">2013-2014<\/a>, <a href=\"https:\/\/www.bakirkoyrotaract.org\/tr\/category\/bolge-organizasyonlari\/\" rel=\"category tag\">B\u00f6lge Organizasyonlar\u0131<\/a>, <a href=\"https:\/\/www.bakirkoyrotaract.org\/tr\/category\/genel\/\" rel=\"category tag\">Genel<\/a>, <a href=\"https:\/\/www.bakirkoyrotaract.org\/tr\/category\/kyk\/\" rel=\"category tag\">Kul\u00fcp Y\u00f6netimi Kom.<\/a><\/span>\n\t\t\t\t\t\t\t\t\t\t\t\t\t\t\t\t\t\t\t\t\t\t\t\t\t\t\t\t\t\t<\/div>\n\t\t\t\t\t\t\t\t\t\t\t\t\t\t\t<\/div>\n\t\t\t\t\t\t\t\t\t\t\t\t\t\t\t<p>(Bak\u0131rk\u00f6y Rotary &amp; Bak\u0131rk\u00f6y RAC Ev Sahipli\u011finde) Rotary Yar\u0131y\u0131l De\u011ferlendirme&hellip;<\/p>\n\t\t\t\t\t\t\t\t\t\t\t\t\t\t<a href=\"https:\/\/www.bakirkoyrotaract.org\/tr\/25-01-2014-rotary-yariyil-degerlendirme-toplantisi14-bakirkoy-rotary-bakirkoy-rac-ev-sahipliginde\/\"\n\t\t\t\t\t\t\t   class=\"kc-post-2-button\">Devam\u0131n\u0131 Oku <i\n\t\t\t\t\t\t\t\t\tclass=\"fa fa-angle-right\" aria-hidden=\"true\"><\/i><\/a>\n\t\t\t\t\t\t\t\t\t\t\t\t\t<\/div>\n\n\t\t\t\t\t\n\t\t\t\t<\/div>\n\n\t\t\t\t\n\t\t\t\t<div class=\"kc-list-item-2\">\n\n\t\t\t\t\t\n\t\t\t\t\t\t<div class=\"post-item-left\">\n\t\t\t\t\t\t\t<div class=\"post_details\">\n\t\t\t\t\t\t\t\t<h2 class=\"post-title-alt\"><a\n\t\t\t\t\t\t\t\t\t\thref=\"https:\/\/www.bakirkoyrotaract.org\/tr\/kaynasma-gunu13\/\"\n\t\t\t\t\t\t\t\t\t\ttitle=\"15.09.2013 \/\u00a0Kayna\u015fma G\u00fcn\u00fc&#8217;13\">15.09.2013 \/\u00a0Kayna\u015fma G\u00fcn\u00fc&#8217;13<\/a>\n\t\t\t\t\t\t\t\t<\/h2>\n\t\t\t\t\t\t\t\t\t\t\t\t\t\t\t\t\t<div class=\"post-meta\">\n\t\t\t\t\t\t\t\t\t\t\t\t\t\t\t\t\t\t\t\t\t\t\t\t\t\t\t\t\t\t\t<span class=\"post-date\"><i class=\"fa fa-clock-o\"><\/i> <a\n\t\t\t\t\t\t\t\t\t\t\t\thref=\"https:\/\/www.bakirkoyrotaract.org\/tr\/2013\/09\/\">Eyl\u00fcl 15 2013<\/a> <\/span>\n\t\t\t\t\t\t\t\t\t\t\t\t\t\t\t\t\t\t\t\t\t\t\t\t\t\t\t\t\t\t\t\t\t\t\t\t\t\t\t\t\t\t\t<span class=\"post-cats\"><i class=\"fa fa-folder-o\"\n\t\t\t\t\t\t\t\t\t\t\t                           aria-hidden=\"true\"><\/i> <a href=\"https:\/\/www.bakirkoyrotaract.org\/tr\/category\/2013-2014\/\" rel=\"category tag\">2013-2014<\/a>, <a href=\"https:\/\/www.bakirkoyrotaract.org\/tr\/category\/bolge-organizasyonlari\/\" rel=\"category tag\">B\u00f6lge Organizasyonlar\u0131<\/a>, <a href=\"https:\/\/www.bakirkoyrotaract.org\/tr\/category\/genel\/\" rel=\"category tag\">Genel<\/a>, <a href=\"https:\/\/www.bakirkoyrotaract.org\/tr\/category\/kyk\/\" rel=\"category tag\">Kul\u00fcp Y\u00f6netimi Kom.<\/a><\/span>\n\t\t\t\t\t\t\t\t\t\t\t\t\t\t\t\t\t\t\t\t\t\t\t\t\t\t\t\t\t\t<\/div>\n\t\t\t\t\t\t\t\t\t\t\t\t\t\t\t<\/div>\n\t\t\t\t\t\t\t\t\t\t\t\t\t\t\t<p>(Bak\u0131rk\u00f6y RAC &amp; F\u0131nd\u0131kl\u0131 RAC Ortak Ev Sahipli\u011finde) Kayna\u015fma G\u00fcn\u00fc\u201913,&hellip;<\/p>\n\t\t\t\t\t\t\t\t\t\t\t\t\t\t<a href=\"https:\/\/www.bakirkoyrotaract.org\/tr\/kaynasma-gunu13\/\"\n\t\t\t\t\t\t\t   class=\"kc-post-2-button\">Devam\u0131n\u0131 Oku <i\n\t\t\t\t\t\t\t\t\tclass=\"fa fa-angle-right\" aria-hidden=\"true\"><\/i><\/a>\n\t\t\t\t\t\t\t\t\t\t\t\t\t<\/div>\n\t\t\t\t\t\t<div class=\"post-item-right\">\n\t\t\t\t\t\t\t<figure>\n\t\t\t\t\t\t\t\t<img decoding=\"async\" src=\"https:\/\/www.bakirkoyrotaract.org\/tr\/wp-content\/uploads\/2018\/08\/15-09-2013-kaynasma-gunu13-26-543x304xct.jpg\"\n\t\t\t\t\t\t\t\t     alt=\"15.09.2013 \/\u00a0Kayna\u015fma G\u00fcn\u00fc&#8217;13\">\n\t\t\t\t\t\t\t<\/figure>\n\t\t\t\t\t\t<\/div>\n\n\t\t\t\t\t\n\t\t\t\t<\/div>\n\n\t\t\t\t\n\t\t\t\t<div class=\"kc-list-item-2\">\n\n\t\t\t\t\t\t\t\t\t\t\t\t\t\t\t\t\t\t<div class=\"post-item-left\">\n\t\t\t\t\t\t\t\t<figure>\n\t\t\t\t\t\t\t\t\t<img decoding=\"async\" src=\"https:\/\/www.bakirkoyrotaract.org\/tr\/wp-content\/uploads\/2018\/08\/13-01-2013-yariyil-degerlendirme-toplantisi13-1-543x304xct.jpg\"\n\t\t\t\t\t\t\t\t\t     alt=\"13.01.2013 \/ Yar\u0131y\u0131l De\u011ferlendirme Toplant\u0131s\u0131&#8217;13\">\n\t\t\t\t\t\t\t\t<\/figure>\n\t\t\t\t\t\t\t<\/div>\n\t\t\t\t\t\t\t\t\t\t\t\t<div class=\"post-item-right\">\n\t\t\t\t\t\t\t<div class=\"post_details\">\n\t\t\t\t\t\t\t\t<h2 class=\"post-title-alt\"><a\n\t\t\t\t\t\t\t\t\t\thref=\"https:\/\/www.bakirkoyrotaract.org\/tr\/yariyil-degerlendirme-toplantisi13\/\"\n\t\t\t\t\t\t\t\t\t\ttitle=\"13.01.2013 \/ Yar\u0131y\u0131l De\u011ferlendirme Toplant\u0131s\u0131&#8217;13\">13.01.2013 \/ Yar\u0131y\u0131l De\u011ferlendirme Toplant\u0131s\u0131&#8217;13<\/a>\n\t\t\t\t\t\t\t\t<\/h2>\n\n\t\t\t\t\t\t\t\t\t\t\t\t\t\t\t\t\t<div class=\"post-meta\">\n\t\t\t\t\t\t\t\t\t\t\t\t\t\t\t\t\t\t\t\t\t\t\t\t\t\t\t\t\t\t\t<span class=\"post-date\"><i class=\"fa fa-clock-o\"><\/i> <a\n\t\t\t\t\t\t\t\t\t\t\t\thref=\"https:\/\/www.bakirkoyrotaract.org\/tr\/2013\/01\/\">Ocak 13 2013<\/a> <\/span>\n\t\t\t\t\t\t\t\t\t\t\t\t\t\t\t\t\t\t\t\t\t\t\t\t\t\t\t\t\t\t\t\t\t\t\t\t\t\t\t\t\t\t\t<span class=\"post-cats\"><i class=\"fa fa-folder-o\"\n\t\t\t\t\t\t\t\t\t\t\t\t                           aria-hidden=\"true\"><\/i> <a href=\"https:\/\/www.bakirkoyrotaract.org\/tr\/category\/2012-2013\/\" rel=\"category tag\">2012-2013<\/a>, <a href=\"https:\/\/www.bakirkoyrotaract.org\/tr\/category\/bolge-organizasyonlari\/\" rel=\"category tag\">B\u00f6lge Organizasyonlar\u0131<\/a>, <a href=\"https:\/\/www.bakirkoyrotaract.org\/tr\/category\/genel\/\" rel=\"category tag\">Genel<\/a>, <a href=\"https:\/\/www.bakirkoyrotaract.org\/tr\/category\/kyk\/\" rel=\"category tag\">Kul\u00fcp Y\u00f6netimi Kom.<\/a><\/span>\n\t\t\t\t\t\t\t\t\t\t\t\t\t\t\t\t\t\t\t\t\t\t\t\t\t\t\t\t\t\t<\/div>\n\t\t\t\t\t\t\t\t\t\t\t\t\t\t\t<\/div>\n\t\t\t\t\t\t\t\t\t\t\t\t\t\t\t<p>(Bak\u0131rk\u00f6y RAC &amp; F\u0131nd\u0131kl\u0131 RAC Ortak Projesi) Yar\u0131y\u0131l De\u011ferlendirme Toplant\u0131s\u0131\u201913;&hellip;<\/p>\n\t\t\t\t\t\t\t\t\t\t\t\t\t\t<a href=\"https:\/\/www.bakirkoyrotaract.org\/tr\/yariyil-degerlendirme-toplantisi13\/\"\n\t\t\t\t\t\t\t   class=\"kc-post-2-button\">Devam\u0131n\u0131 Oku <i\n\t\t\t\t\t\t\t\t\tclass=\"fa fa-angle-right\" aria-hidden=\"true\"><\/i><\/a>\n\t\t\t\t\t\t\t\t\t\t\t\t\t<\/div>\n\n\t\t\t\t\t\n\t\t\t\t<\/div>\n\n\t\t\t\t\n\t\n<\/div>\n<\/div><\/div><\/div><\/div><\/section>\n","protected":false},"excerpt":{"rendered":"","protected":false},"author":1,"featured_media":0,"parent":0,"menu_order":0,"comment_status":"closed","ping_status":"closed","template":"","meta":{"footnotes":""},"class_list":["post-5069","page","type-page","status-publish","hentry"],"_links":{"self":[{"href":"https:\/\/www.bakirkoyrotaract.org\/tr\/wp-json\/wp\/v2\/pages\/5069","targetHints":{"allow":["GET"]}}],"collection":[{"href":"https:\/\/www.bakirkoyrotaract.org\/tr\/wp-json\/wp\/v2\/pages"}],"about":[{"href":"https:\/\/www.bakirkoyrotaract.org\/tr\/wp-json\/wp\/v2\/types\/page"}],"author":[{"embeddable":true,"href":"https:\/\/www.bakirkoyrotaract.org\/tr\/wp-json\/wp\/v2\/users\/1"}],"replies":[{"embeddable":true,"href":"https:\/\/www.bakirkoyrotaract.org\/tr\/wp-json\/wp\/v2\/comments?post=5069"}],"version-history":[{"count":2,"href":"https:\/\/www.bakirkoyrotaract.org\/tr\/wp-json\/wp\/v2\/pages\/5069\/revisions"}],"predecessor-version":[{"id":7306,"href":"https:\/\/www.bakirkoyrotaract.org\/tr\/wp-json\/wp\/v2\/pages\/5069\/revisions\/7306"}],"wp:attachment":[{"href":"https:\/\/www.bakirkoyrotaract.org\/tr\/wp-json\/wp\/v2\/media?parent=5069"}],"curies":[{"name":"wp","href":"https:\/\/api.w.org\/{rel}","templated":true}]}}