{"id":4394,"date":"2018-08-08T15:20:34","date_gmt":"2018-08-08T12:20:34","guid":{"rendered":"http:\/\/www.bakirkoyrotaract.org\/tr\/?page_id=4394"},"modified":"2018-10-11T13:39:24","modified_gmt":"2018-10-11T10:39:24","slug":"kardes-kuluplerimiz","status":"publish","type":"page","link":"https:\/\/www.bakirkoyrotaract.org\/tr\/kardes-kuluplerimiz\/","title":{"rendered":"Karde\u015f Kul\u00fcplerimiz"},"content":{"rendered":"<p><section class=\"kc-elm kc-css-130010 kc_row xt_kc_row_has_container xt_kc_row_has_padding\"><div class=\"kc-row-container  kc-container\"><div class=\"kc-wrap-columns\"><div class=\"kc-elm kc-css-910879 kc_col-sm-12 kc_column kc_col-sm-12\"><div class=\"kc-col-container\"><div class=\"kc-elm kc-css-87082 kc_text_block\"><\/p>\n<p>\nBak\u0131rk\u00f6y Rotaract Kul\u00fcb\u00fc; Rotary\u2019nin D\u00fcnya \u00e7ap\u0131nda dostluk ili\u015fkileri kurmak suretiyle Uluslar aras\u0131 anlay\u0131\u015f\u0131n, iyi niyet ve bar\u0131\u015f\u0131n geli\u015ftirilmesi gayesi kapsam\u0131nda d\u00fcnyan\u0131n farkl\u0131 yerlerinde \u00e7e\u015fitli \u00fclkelerden kul\u00fcplerle yak\u0131n yard\u0131mla\u015fma ve dostluk ili\u015fkileri kurmaktad\u0131r. Bu ba\u011flamda bir\u00e7ok kul\u00fcple Karde\u015f Kul\u00fcp Anla\u015fmas\u0131 (Twin Club Agreement) imzalanm\u0131\u015f ve bu ili\u015fki daha ileri bir seviyeye ta\u015f\u0131nm\u0131\u015ft\u0131r:<\/p>\n<p>\n<\/div><\/div><\/div><\/div><\/div><\/section><section class=\"kc-elm kc-css-600212 kc_row xt_kc_row_has_container xt_kc_row_has_padding\"><div class=\"kc-row-container  kc-container\"><div class=\"kc-wrap-columns\"><div class=\"kc-elm kc-css-424476 kc_col-sm-3 kc_column kc_col-sm-3\"><div class=\"kc-col-container\"><\/div><\/div><div class=\"kc-elm kc-css-682269 kc_col-sm-3 kc_column kc_col-sm-3\"><div class=\"kc-col-container\">\n<div class=\"kc-elm kc-css-639515 kc-image-hover-effects kc-img-effects-1 default\">\n\n\t<a href=\"http:\/\/www.bakirkoyrotaract.org\/tr\/zagreb-centar-rotaract-kulubu\/\"><img decoding=\"async\" src=\"https:\/\/www.bakirkoyrotaract.org\/tr\/wp-content\/uploads\/2018\/08\/zagreb-rotaract_n-300x300xct.png\" alt=\"\"\/><\/a><a href=\"http:\/\/www.bakirkoyrotaract.org\/tr\/zagreb-centar-rotaract-kulubu\/\"><div class=\"overlay-effects\"><div class=\"content-title\">Zagreb Centar Rotaract Kul\u00fcb\u00fc<\/div><\/div><\/a>\n<\/div><\/div><\/div><div class=\"kc-elm kc-css-196983 kc_col-sm-3 kc_column kc_col-sm-3\"><div class=\"kc-col-container\">\n<div class=\"kc-elm kc-css-624095 kc-image-hover-effects kc-img-effects-1 default\">\n\n\t<a href=\"http:\/\/www.bakirkoyrotaract.org\/tr\/girne-liman-rotaract-kulubu\/\"><img decoding=\"async\" src=\"https:\/\/www.bakirkoyrotaract.org\/tr\/wp-content\/uploads\/2018\/10\/rotaractgirne-liman-300x300xct.jpg\" alt=\"\"\/><\/a><a href=\"http:\/\/www.bakirkoyrotaract.org\/tr\/girne-liman-rotaract-kulubu\/\"><div class=\"overlay-effects\"><div class=\"content-title\">Girne Liman Rotaract Kul\u00fcb\u00fc<\/div><\/div><\/a>\n<\/div><\/div><\/div><div class=\"kc-elm kc-css-269831 kc_col-sm-3 kc_column kc_col-sm-3\"><div class=\"kc-col-container\"><\/div><\/div><\/div><\/div><\/section><\/p>\n","protected":false},"excerpt":{"rendered":"","protected":false},"author":1,"featured_media":0,"parent":0,"menu_order":0,"comment_status":"closed","ping_status":"closed","template":"","meta":{"footnotes":""},"class_list":["post-4394","page","type-page","status-publish","hentry"],"_links":{"self":[{"href":"https:\/\/www.bakirkoyrotaract.org\/tr\/wp-json\/wp\/v2\/pages\/4394","targetHints":{"allow":["GET"]}}],"collection":[{"href":"https:\/\/www.bakirkoyrotaract.org\/tr\/wp-json\/wp\/v2\/pages"}],"about":[{"href":"https:\/\/www.bakirkoyrotaract.org\/tr\/wp-json\/wp\/v2\/types\/page"}],"author":[{"embeddable":true,"href":"https:\/\/www.bakirkoyrotaract.org\/tr\/wp-json\/wp\/v2\/users\/1"}],"replies":[{"embeddable":true,"href":"https:\/\/www.bakirkoyrotaract.org\/tr\/wp-json\/wp\/v2\/comments?post=4394"}],"version-history":[{"count":4,"href":"https:\/\/www.bakirkoyrotaract.org\/tr\/wp-json\/wp\/v2\/pages\/4394\/revisions"}],"predecessor-version":[{"id":7392,"href":"https:\/\/www.bakirkoyrotaract.org\/tr\/wp-json\/wp\/v2\/pages\/4394\/revisions\/7392"}],"wp:attachment":[{"href":"https:\/\/www.bakirkoyrotaract.org\/tr\/wp-json\/wp\/v2\/media?parent=4394"}],"curies":[{"name":"wp","href":"https:\/\/api.w.org\/{rel}","templated":true}]}}