{"id":4389,"date":"2018-08-08T15:16:21","date_gmt":"2018-08-08T12:16:21","guid":{"rendered":"http:\/\/www.bakirkoyrotaract.org\/tr\/?page_id=4389"},"modified":"2018-10-10T17:29:35","modified_gmt":"2018-10-10T14:29:35","slug":"zagreb-centar-rotaract-kulubu","status":"publish","type":"page","link":"https:\/\/www.bakirkoyrotaract.org\/tr\/zagreb-centar-rotaract-kulubu\/","title":{"rendered":"Zagreb Centar Rotaract Kul\u00fcb\u00fc"},"content":{"rendered":"<p><section class=\"kc-elm kc-css-391669 kc_row xt_kc_row_has_container xt_kc_row_has_padding\"><div class=\"kc-row-container  kc-container\"><div class=\"kc-wrap-columns\"><div class=\"kc-elm kc-css-115996 kc_col-sm-12 kc_column kc_col-sm-12\"><div class=\"kc-col-container\"><div class=\"kc-elm kc-css-720217 kc_text_block\"><\/p>\n<p><img loading=\"lazy\" decoding=\"async\" class=\"alignnone size-medium aligncenter\" src=\"http:\/\/www.bakirkoyrotaract.org\/tr\/wp-content\/uploads\/2018\/08\/RAC-Zagreb-Centar-Twin-Club-Belgesi-1024x708.jpg\" alt=\"\" width=\"1024\" height=\"708\" \/><\/p>\n<p>\n<\/div><\/div><\/div><\/div><\/div><\/section><section class=\"kc-elm kc-css-808285 kc_row xt_kc_row_has_container xt_kc_row_has_padding\"><div class=\"kc-row-container  kc-container\"><div class=\"kc-wrap-columns\"><div class=\"kc-elm kc-css-159825 kc_col-sm-3 kc_column kc_col-sm-3\"><div class=\"kc-col-container\"><div class=\"kc-elm kc-css-110921 kc_text_block\"><\/p>\n<p><img loading=\"lazy\" decoding=\"async\" class=\"alignnone size-medium\" src=\"http:\/\/www.bakirkoyrotaract.org\/tr\/wp-content\/uploads\/2018\/08\/zagreb-rotaract_n.png\" alt=\"\" width=\"250\" height=\"249\" \/><\/p>\n<p>\n<\/div><\/div><\/div><div class=\"kc-elm kc-css-799815 kc_col-sm-9 kc_column kc_col-sm-9\"><div class=\"kc-col-container\"><div class=\"kc-elm kc-css-244299 kc_text_block\"><\/p>\n<p>Zagreb Centar Rotaract Kul\u00fcb\u00fc, Ocak 2009\u2019da Zagreb Centar Rotary Kul\u00fcb\u00fc taraf\u0131ndan kurulmu\u015ftur. Charter Belgesi\u2019ni ise 24 Ekim 2009\u2019da alarak Uluslararas\u0131 Rotary ailesinin bir par\u00e7as\u0131 haline gelmi\u015ftir. Detayl\u0131 Bilgi i\u00e7in:<\/p>\n<p>Websitesi: www.rotaract-centar.hr<br \/>Facebook: https:\/\/www.facebook.com\/RotaractZagrebCentar<br \/>Twitter: https:\/\/twitter.com\/RotaractCentar<br \/>Instagram: https:\/\/www.instagram.com\/rotaract_zagreb_centar\/<\/p>\n<p>Kul\u00fcpler 2012-2013 d\u00f6neminde Bak\u0131rk\u00f6y Rotaract Kul\u00fcb\u00fc taraf\u0131ndan 07-10.03.2013 \/ Cultural Exchange Project 3# [H\u0131rvatistan \u2013 RAC Zagreb Centar] organizasyonu dahilinde ger\u00e7ekle\u015ftirilen Zagreb Gezisi sayesinde yak\u0131n ili\u015fkiler kurmu\u015f; 07.03.2013 tarihinde D\u00f6nem Ba\u015fkanlar\u0131 Rtc Mert Eregizli ve Rtc Maja Sarac ve proje sorumlular\u0131 Rtc Melisa G\u00fclyurt ve Rtc Gloria Bagadur\u2019un \u00e7abalar\u0131yla Karde\u015f Kul\u00fcp Anla\u015fmas\u0131&#8217;n\u0131 imzalam\u0131\u015flard\u0131r.<\/p>\n<p>\n<\/div><\/div><\/div><\/div><\/div><\/section><\/p>\n","protected":false},"excerpt":{"rendered":"","protected":false},"author":1,"featured_media":0,"parent":0,"menu_order":0,"comment_status":"closed","ping_status":"closed","template":"","meta":{"footnotes":""},"class_list":["post-4389","page","type-page","status-publish","hentry"],"_links":{"self":[{"href":"https:\/\/www.bakirkoyrotaract.org\/tr\/wp-json\/wp\/v2\/pages\/4389","targetHints":{"allow":["GET"]}}],"collection":[{"href":"https:\/\/www.bakirkoyrotaract.org\/tr\/wp-json\/wp\/v2\/pages"}],"about":[{"href":"https:\/\/www.bakirkoyrotaract.org\/tr\/wp-json\/wp\/v2\/types\/page"}],"author":[{"embeddable":true,"href":"https:\/\/www.bakirkoyrotaract.org\/tr\/wp-json\/wp\/v2\/users\/1"}],"replies":[{"embeddable":true,"href":"https:\/\/www.bakirkoyrotaract.org\/tr\/wp-json\/wp\/v2\/comments?post=4389"}],"version-history":[{"count":5,"href":"https:\/\/www.bakirkoyrotaract.org\/tr\/wp-json\/wp\/v2\/pages\/4389\/revisions"}],"predecessor-version":[{"id":7380,"href":"https:\/\/www.bakirkoyrotaract.org\/tr\/wp-json\/wp\/v2\/pages\/4389\/revisions\/7380"}],"wp:attachment":[{"href":"https:\/\/www.bakirkoyrotaract.org\/tr\/wp-json\/wp\/v2\/media?parent=4389"}],"curies":[{"name":"wp","href":"https:\/\/api.w.org\/{rel}","templated":true}]}}