{"id":4383,"date":"2018-08-08T15:20:56","date_gmt":"2018-08-08T12:20:56","guid":{"rendered":"http:\/\/www.bakirkoyrotaract.org\/tr\/?page_id=4383"},"modified":"2020-05-22T07:23:31","modified_gmt":"2020-05-22T04:23:31","slug":"uluslararasi-hizmetler-ana-komitesi","status":"publish","type":"page","link":"https:\/\/www.bakirkoyrotaract.org\/tr\/uluslararasi-hizmetler-ana-komitesi\/","title":{"rendered":"Uluslararas\u0131 Hizmetler Komitesi"},"content":{"rendered":"<section class=\"kc-elm kc-css-770700 kc_row xt_kc_row_has_container xt_kc_row_has_padding\"><div class=\"kc-row-container  kc-container\"><div class=\"kc-wrap-columns\"><div class=\"kc-elm kc-css-303781 kc_col-sm-12 kc_column kc_col-sm-12\"><div class=\"kc-col-container\">        <div class=\"sec-title text-center section-title-margin-bottom-medium section-title-color-default\">\n            <h2>Uluslararas\u0131 Hizmetler Ana Komitesi<\/h2>        <\/div>\n\n\t\t<div class=\"kc-elm kc-css-421146 kc_text_block\"><\/p>\n<p>Uluslararas\u0131 Hizmetler Ana Komitesi&#8217;nin amac\u0131, uluslararas\u0131 bar\u0131\u015f, iyi niyet ve anlay\u0131\u015f\u0131 geli\u015ftirmektir. Komite, kul\u00fcb\u00fc d\u00fcnyaya ba\u011flama ve dostluk k\u00f6pr\u00fcleri kurma g\u00f6revini \u00fcstlenir. Uluslararas\u0131 Hizmetler Ana Komitesi ba\u015fkanlar\u0131 ayl\u0131k raporlar ve toplant\u0131lar arac\u0131l\u0131\u011f\u0131 ile Asba\u015fkan&#8217;a ve ba\u011fl\u0131 olduklar\u0131 Uluslararas\u0131 Hizmetler Ana Komitesi&#8217;nden Sorumlu BRT Yard\u0131mc\u0131s\u0131&#8217;na kul\u00fcb\u00fcn projeleri ile ilgili d\u00fczenli bilgi verir. Uluslararas\u0131 Hizmetler Ana Komitesi kul\u00fcb\u00fcn y\u0131ll\u0131k uluslararas\u0131 hizmetler projelerine ili\u015fkin g\u00f6r\u00fc\u015fleri inceler ve plan yapar. Projelerin d\u00fczenlenmesi ve kolayla\u015ft\u0131r\u0131lmas\u0131nda liderlik rol\u00fc \u00fcstlenir. Kul\u00fcp \u00fcyeleri ve toplum i\u00e7inde uluslararas\u0131 anlay\u0131\u015f\u0131 geli\u015ftirecek ba\u015fka etkinlikler planlar.<\/p>\n<p>Uluslararas\u0131 Hizmetler Ana Komitesi&#8217;nin ger\u00e7ekle\u015ftirebilece\u011fi faaliyetlere \u00f6rnekler a\u015fa\u011f\u0131daki gibidir:<\/p>\n<p>\u2013 Yurtd\u0131\u015f\u0131na giden \u00fcyelerin ziyaret ettikleri \u00fclkelerdeki Rotaract ve Rotary Kul\u00fcplerini ziyaret etmelerini \u00f6zendirmek<\/p>\n<p>\u2013 Di\u011fer \u00fclkelerdeki Rotaract Kul\u00fcpleri ile temaslar kurmak, d\u00fc\u015f\u00fcnce al\u0131\u015fveri\u015finde bulunmak ve ortak projeler ger\u00e7ekle\u015ftirmek,<\/p>\n<p>\u2013 D\u00fcnya Rotaract haftas\u0131nda di\u011fer \u00fclkelerdeki Kul\u00fcplerle \u00e7e\u015fitli etkinliklerde bulunmak,<\/p>\n<p>\u2013 Uluslararas\u0131 konularda kul\u00fcpte konu\u015fmac\u0131 konuklar a\u011f\u0131rlamak,<\/p>\n<p>\u2013 Yabanc\u0131 \u00f6\u011frencileri (Rotary De\u011fi\u015fim Program\u0131 \u00f6\u011frencileri vb) toplant\u0131lara konuk etmek,<\/p>\n<p>\u2013 Yabanc\u0131 konuklara T\u00fcrkiye&#8217;yi tan\u0131tmak.<\/p>\n<p style=\"text-align: center;\"><a href=\"http:\/\/www.bakirkoyrotaract.org\/tr\/uluslararasi-hizmetler-ana-komitesi-arsivi\/\">Uluslararas\u0131 Hizmetler Ana Komitesi Proje Ar\u015fivi i\u00e7in T\u0131klay\u0131n\u0131z<\/a><\/p>\n<p style=\"text-align: center;\"><a href=\"http:\/\/www.bakirkoyrotaract.org\/tr\/kardes-kuluplerimiz\/\">Karde\u015f Kul\u00fcplerimiz i\u00e7in T\u0131klay\u0131n\u0131z<\/a><\/p>\n<p>\n<\/div><\/div><\/div><\/div><\/div><\/section>\n","protected":false},"excerpt":{"rendered":"","protected":false},"author":1,"featured_media":0,"parent":0,"menu_order":0,"comment_status":"closed","ping_status":"closed","template":"","meta":{"footnotes":""},"class_list":["post-4383","page","type-page","status-publish","hentry"],"_links":{"self":[{"href":"https:\/\/www.bakirkoyrotaract.org\/tr\/wp-json\/wp\/v2\/pages\/4383","targetHints":{"allow":["GET"]}}],"collection":[{"href":"https:\/\/www.bakirkoyrotaract.org\/tr\/wp-json\/wp\/v2\/pages"}],"about":[{"href":"https:\/\/www.bakirkoyrotaract.org\/tr\/wp-json\/wp\/v2\/types\/page"}],"author":[{"embeddable":true,"href":"https:\/\/www.bakirkoyrotaract.org\/tr\/wp-json\/wp\/v2\/users\/1"}],"replies":[{"embeddable":true,"href":"https:\/\/www.bakirkoyrotaract.org\/tr\/wp-json\/wp\/v2\/comments?post=4383"}],"version-history":[{"count":8,"href":"https:\/\/www.bakirkoyrotaract.org\/tr\/wp-json\/wp\/v2\/pages\/4383\/revisions"}],"predecessor-version":[{"id":10099,"href":"https:\/\/www.bakirkoyrotaract.org\/tr\/wp-json\/wp\/v2\/pages\/4383\/revisions\/10099"}],"wp:attachment":[{"href":"https:\/\/www.bakirkoyrotaract.org\/tr\/wp-json\/wp\/v2\/media?parent=4383"}],"curies":[{"name":"wp","href":"https:\/\/api.w.org\/{rel}","templated":true}]}}