{"id":4381,"date":"2018-08-08T15:05:40","date_gmt":"2018-08-08T12:05:40","guid":{"rendered":"http:\/\/www.bakirkoyrotaract.org\/tr\/?page_id=4381"},"modified":"2018-10-11T14:12:38","modified_gmt":"2018-10-11T11:12:38","slug":"hizmet-projeleri-ana-komitesi","status":"publish","type":"page","link":"https:\/\/www.bakirkoyrotaract.org\/tr\/hizmet-projeleri-ana-komitesi\/","title":{"rendered":"Hizmet Projeleri Ana Komitesi"},"content":{"rendered":"<section class=\"kc-elm kc-css-603826 kc_row xt_kc_row_has_container xt_kc_row_has_padding\"><div class=\"kc-row-container  kc-container\"><div class=\"kc-wrap-columns\"><div class=\"kc-elm kc-css-94590 kc_col-sm-12 kc_column kc_col-sm-12\"><div class=\"kc-col-container\">        <div class=\"sec-title text-center section-title-margin-bottom-medium section-title-color-default\">\n            <h2>Hizmet Projeleri Ana Komitesi<\/h2>        <\/div>\n\n\t\t<div class=\"kc-elm kc-css-682294 kc_text_block\"><\/p>\n<p>Hizmet Projeleri Ana Komitesi, t\u00fcm \u00fcyelerin toplumsal sorumluluklar\u0131n\u0131 yerine getirmelerine yard\u0131mc\u0131 ve rehber olacak projeleri geli\u015ftirmek ve y\u00fcr\u00fctmek ile sorumludur. Komite, ilk olarak toplumun gereksinmelerini belirlemeli ve bunlar\u0131 kar\u015f\u0131layacak yollar\u0131 bulmal\u0131; ard\u0131ndan haz\u0131rlad\u0131\u011f\u0131 projesini Y\u00f6netim Kurulu arac\u0131l\u0131\u011f\u0131 ile kul\u00fcp \u00fcyeleri ve Kurucu Rotary Kul\u00fcb\u00fc ile payla\u015fmal\u0131d\u0131r. Bunun yan\u0131nda s\u00f6z konusu projeleri Hizmet Projeleri Ana Komitesi&#8217;nden Sorumlu BRT Yard\u0131mc\u0131s\u0131 ile ayl\u0131k toplant\u0131 ve raporlar arac\u0131l\u0131\u011f\u0131 ile payla\u015fmal\u0131d\u0131r.<\/p>\n<p>Bunlara ek olarak Hizmet Projeleri Ana Komitesi;<br \/>-Kul\u00fcb\u00fcn y\u0131ll\u0131k toplum hizmetleri projesine(ler) ili\u015fkin g\u00f6r\u00fc\u015fleri inceler ve plan yapar<br \/>-Projelerin d\u00fczenlenmesi ve kolayla\u015ft\u0131r\u0131lmas\u0131nda liderlik rol\u00fc \u00fcstlenir<br \/>-Projelere ili\u015fkin tahmini b\u00fct\u00e7eleri olu\u015fturur.<\/p>\n<p style=\"text-align: center;\"><a href=\"http:\/\/www.bakirkoyrotaract.org\/tr\/hizmet-projeleri-ana-komitesi\/\">Hizmet Projeleri Ana Komitesi Proje Ar\u015fivi i\u00e7in T\u0131klay\u0131n\u0131z<\/a><\/p>\n<p>\n<\/div><\/div><\/div><\/div><\/div><\/section>\n","protected":false},"excerpt":{"rendered":"","protected":false},"author":1,"featured_media":0,"parent":0,"menu_order":0,"comment_status":"closed","ping_status":"closed","template":"","meta":{"footnotes":""},"class_list":["post-4381","page","type-page","status-publish","hentry"],"_links":{"self":[{"href":"https:\/\/www.bakirkoyrotaract.org\/tr\/wp-json\/wp\/v2\/pages\/4381","targetHints":{"allow":["GET"]}}],"collection":[{"href":"https:\/\/www.bakirkoyrotaract.org\/tr\/wp-json\/wp\/v2\/pages"}],"about":[{"href":"https:\/\/www.bakirkoyrotaract.org\/tr\/wp-json\/wp\/v2\/types\/page"}],"author":[{"embeddable":true,"href":"https:\/\/www.bakirkoyrotaract.org\/tr\/wp-json\/wp\/v2\/users\/1"}],"replies":[{"embeddable":true,"href":"https:\/\/www.bakirkoyrotaract.org\/tr\/wp-json\/wp\/v2\/comments?post=4381"}],"version-history":[{"count":6,"href":"https:\/\/www.bakirkoyrotaract.org\/tr\/wp-json\/wp\/v2\/pages\/4381\/revisions"}],"predecessor-version":[{"id":7312,"href":"https:\/\/www.bakirkoyrotaract.org\/tr\/wp-json\/wp\/v2\/pages\/4381\/revisions\/7312"}],"wp:attachment":[{"href":"https:\/\/www.bakirkoyrotaract.org\/tr\/wp-json\/wp\/v2\/media?parent=4381"}],"curies":[{"name":"wp","href":"https:\/\/api.w.org\/{rel}","templated":true}]}}