{"id":4377,"date":"2018-08-08T15:02:16","date_gmt":"2018-08-08T12:02:16","guid":{"rendered":"http:\/\/www.bakirkoyrotaract.org\/tr\/?page_id=4377"},"modified":"2020-05-22T07:19:37","modified_gmt":"2020-05-22T04:19:37","slug":"kulup-yonetimi-ana-komitesi","status":"publish","type":"page","link":"https:\/\/www.bakirkoyrotaract.org\/tr\/kulup-yonetimi-ana-komitesi\/","title":{"rendered":"Kul\u00fcp Y\u00f6netimi Ana Komitesi"},"content":{"rendered":"<section class=\"kc-elm kc-css-422221 kc_row xt_kc_row_has_container xt_kc_row_has_padding\"><div class=\"kc-row-container  kc-container\"><div class=\"kc-wrap-columns\"><div class=\"kc-elm kc-css-132299 kc_col-sm-12 kc_column kc_col-sm-12\"><div class=\"kc-col-container\">        <div class=\"sec-title text-center section-title-margin-bottom-medium section-title-color-default\">\n            <h2>Kul\u00fcp Y\u00f6netimi Ana Komitesi<\/h2>        <\/div>\n\n\t\t<div class=\"kc-elm kc-css-7287 kc_text_block\"><\/p>\n<p>Kul\u00fcp Y\u00f6netimi Ana Komitesi&#8217;nin ana sorumlulu\u011fu kul\u00fcp ile ilgili lojistik deste\u011fi sa\u011flamakt\u0131r. Kul\u00fcb\u00fcn sorunsuz i\u015fleyi\u015fi i\u00e7in gerekli d\u00fczen ve intizamdan Kul\u00fcp Y\u00f6netimi Ana Komitesi sorumludur.<\/p>\n<p>Kul\u00fcp Y\u00f6netimi Ana komitesi sorumluluklar\u0131 a\u015fa\u011f\u0131daki \u015fekilde s\u0131ralanabilir:<\/p>\n<p>Kul\u00fcb\u00fcn toplant\u0131, asamble ve di\u011fer aktivitelerini planlar.<\/p>\n<p>-\u00dcyeler i\u00e7in dostluk etkinlikleri planlar ve ocakbas\u0131 toplant\u0131lar\u0131na iliskin d\u00fczenlemeleri ger\u00e7eklestirir.<\/p>\n<p>-Toplant\u0131 \u00f6ncesinde yap\u0131lacak haz\u0131rl\u0131klarla ilgili olarak Kul\u00fcp Sekreteri ile birlikte Kul\u00fcp Baskan\u0131na destek olur.<\/p>\n<p>-Kul\u00fcp \u00fcyelerinin b\u00f6lge ve kul\u00fcple ilgili toplant\u0131lara kat\u0131l\u0131m\u0131n\u0131 \u00f6zendirir.<\/p>\n<p>-Kul\u00fcp i\u00e7i ileti\u015fimin kolay ve h\u0131zl\u0131 olmas\u0131n\u0131 sa\u011flar, gerekli \u00f6nlemleri al\u0131r.<\/p>\n<p>-Toplant\u0131 kat\u0131l\u0131mlar\u0131ndan sorumludur.<\/p>\n<p>-Kul\u00fcb\u00fcn web sitesi ve sosyal medya hesaplar\u0131n\u0131 y\u00f6netir.<\/p>\n<p style=\"text-align: center;\"><a href=\"http:\/\/www.bakirkoyrotaract.org\/tr\/kulup-yonetimi-ana-komitesi-arsivi\/\">Kul\u00fcp Y\u00f6netimi Ana Komitesi Proje Ar\u015fivi i\u00e7in T\u0131klay\u0131n\u0131z<\/a><\/p>\n<p>\n<\/div><\/div><\/div><\/div><\/div><\/section>\n","protected":false},"excerpt":{"rendered":"","protected":false},"author":1,"featured_media":0,"parent":0,"menu_order":0,"comment_status":"closed","ping_status":"closed","template":"","meta":{"footnotes":""},"class_list":["post-4377","page","type-page","status-publish","hentry"],"_links":{"self":[{"href":"https:\/\/www.bakirkoyrotaract.org\/tr\/wp-json\/wp\/v2\/pages\/4377","targetHints":{"allow":["GET"]}}],"collection":[{"href":"https:\/\/www.bakirkoyrotaract.org\/tr\/wp-json\/wp\/v2\/pages"}],"about":[{"href":"https:\/\/www.bakirkoyrotaract.org\/tr\/wp-json\/wp\/v2\/types\/page"}],"author":[{"embeddable":true,"href":"https:\/\/www.bakirkoyrotaract.org\/tr\/wp-json\/wp\/v2\/users\/1"}],"replies":[{"embeddable":true,"href":"https:\/\/www.bakirkoyrotaract.org\/tr\/wp-json\/wp\/v2\/comments?post=4377"}],"version-history":[{"count":10,"href":"https:\/\/www.bakirkoyrotaract.org\/tr\/wp-json\/wp\/v2\/pages\/4377\/revisions"}],"predecessor-version":[{"id":10095,"href":"https:\/\/www.bakirkoyrotaract.org\/tr\/wp-json\/wp\/v2\/pages\/4377\/revisions\/10095"}],"wp:attachment":[{"href":"https:\/\/www.bakirkoyrotaract.org\/tr\/wp-json\/wp\/v2\/media?parent=4377"}],"curies":[{"name":"wp","href":"https:\/\/api.w.org\/{rel}","templated":true}]}}