{"id":4371,"date":"2018-08-08T14:55:11","date_gmt":"2018-08-08T11:55:11","guid":{"rendered":"http:\/\/www.bakirkoyrotaract.org\/tr\/?page_id=4371"},"modified":"2018-10-11T14:12:16","modified_gmt":"2018-10-11T11:12:16","slug":"halkla-iliskiler-ana-komitesi","status":"publish","type":"page","link":"https:\/\/www.bakirkoyrotaract.org\/tr\/halkla-iliskiler-ana-komitesi\/","title":{"rendered":"Halkla \u0130li\u015fkiler Ana Komitesi"},"content":{"rendered":"<section class=\"kc-elm kc-css-967767 kc_row xt_kc_row_has_container xt_kc_row_has_padding\"><div class=\"kc-row-container  kc-container\"><div class=\"kc-wrap-columns\"><div class=\"kc-elm kc-css-453541 kc_col-sm-12 kc_column kc_col-sm-12\"><div class=\"kc-col-container\">        <div class=\"sec-title text-center section-title-margin-bottom-medium section-title-color-default\">\n            <h2>Halkla \u0130li\u015fkiler Ana Komitesi<\/h2>        <\/div>\n\n\t\t<div class=\"kc-elm kc-css-981751 kc_text_block\"><\/p>\n<p>Halkla \u0130li\u015fkiler Ana Komitesi\u2019nin temel amac\u0131 Rotaract&#039;\u0131n topluma ve hedef kitlelere tan\u0131t\u0131m\u0131n\u0131 ger\u00e7ekle\u015ftirmektir. Halkla \u0130li\u015fkiler Komite Ba\u015fkanlar\u0131 ayl\u0131k raporlar ve toplant\u0131 kat\u0131l\u0131mlar\u0131 ile Asba\u015fkan ve Halkla \u0130li\u015fkiler Ana Komitesi&#039;nden Sorumlu BRT Yard\u0131mc\u0131s\u0131&#039;na kul\u00fcb\u00fcn halkla ili\u015fkiler alan\u0131ndaki projelerine ili\u015fkin bilgiler verir. Bunun yan\u0131 s\u0131ra Halkla \u0130li\u015fkiler Ana Komitesi, kul\u00fcb\u00fcn ve Rotaract&#039;\u0131n tan\u0131t\u0131m\u0131na y\u00f6nelik g\u00f6r\u00fc\u015fleri inceler ve y\u0131ll\u0131k plan yapar. Projelerin d\u00fczenlenmesi ve kolayla\u015ft\u0131r\u0131lmas\u0131nda liderlik rol\u00fc \u00fcstlenir. Halkla \u0130li\u015fkiler Ana Komitesi\u00a0Ba\u015fkanlar\u0131, tan\u0131t\u0131m projeleri ger\u00e7ekle\u015ftirmenin yan\u0131 s\u0131ra 2420.B\u00f6lge internet sitesi \u00fczerinden (www.rotaract2420.org) haberle\u015fmeyi kul\u00fcp i\u00e7inde \u00f6zendirmelidir. Bunun yan\u0131nda B\u00f6lge Temsilcili\u011fi taraf\u0131ndan \u00e7\u0131kar\u0131lan B\u00f6lge B\u00fclteni&#039;ne yaz\u0131, kul\u00fcp haberleri ve sponsorluk gibi konularda destek vermelidir.<\/p>\n<\/p>\n<p style=\"text-align: center;\"><a href=\"http:\/\/www.bakirkoyrotaract.org\/tr\/halkla-iliskiler-ana-komitesi\">Halkla \u0130li\u015fkiler Ana Komitesi Proje Ar\u015fivi i\u00e7in T\u0131klay\u0131n\u0131z<\/a><\/p>\n<p>\n<\/div><\/div><\/div><\/div><\/div><\/section>\n","protected":false},"excerpt":{"rendered":"","protected":false},"author":1,"featured_media":0,"parent":0,"menu_order":0,"comment_status":"closed","ping_status":"closed","template":"","meta":{"footnotes":""},"class_list":["post-4371","page","type-page","status-publish","hentry"],"_links":{"self":[{"href":"https:\/\/www.bakirkoyrotaract.org\/tr\/wp-json\/wp\/v2\/pages\/4371","targetHints":{"allow":["GET"]}}],"collection":[{"href":"https:\/\/www.bakirkoyrotaract.org\/tr\/wp-json\/wp\/v2\/pages"}],"about":[{"href":"https:\/\/www.bakirkoyrotaract.org\/tr\/wp-json\/wp\/v2\/types\/page"}],"author":[{"embeddable":true,"href":"https:\/\/www.bakirkoyrotaract.org\/tr\/wp-json\/wp\/v2\/users\/1"}],"replies":[{"embeddable":true,"href":"https:\/\/www.bakirkoyrotaract.org\/tr\/wp-json\/wp\/v2\/comments?post=4371"}],"version-history":[{"count":11,"href":"https:\/\/www.bakirkoyrotaract.org\/tr\/wp-json\/wp\/v2\/pages\/4371\/revisions"}],"predecessor-version":[{"id":7398,"href":"https:\/\/www.bakirkoyrotaract.org\/tr\/wp-json\/wp\/v2\/pages\/4371\/revisions\/7398"}],"wp:attachment":[{"href":"https:\/\/www.bakirkoyrotaract.org\/tr\/wp-json\/wp\/v2\/media?parent=4371"}],"curies":[{"name":"wp","href":"https:\/\/api.w.org\/{rel}","templated":true}]}}