{"id":4365,"date":"2018-08-08T14:41:22","date_gmt":"2018-08-08T11:41:22","guid":{"rendered":"http:\/\/www.bakirkoyrotaract.org\/tr\/?page_id=4365"},"modified":"2018-10-11T14:30:35","modified_gmt":"2018-10-11T11:30:35","slug":"komiteler","status":"publish","type":"page","link":"https:\/\/www.bakirkoyrotaract.org\/tr\/komiteler\/","title":{"rendered":"Komiteler"},"content":{"rendered":"<section class=\"kc-elm kc-css-265438 kc_row xt_kc_row_has_container xt_kc_row_has_padding\"><div class=\"kc-row-container  kc-container\"><div class=\"kc-wrap-columns\"><div class=\"kc-elm kc-css-365621 kc_col-sm-12 kc_column kc_col-sm-12\"><div class=\"kc-col-container\"><div class=\"kc-elm kc-css-757821 kc_row kc_row_inner\"><div class=\"kc-elm kc-css-840053 kc_col-sm-4 kc_column_inner kc_col-sm-4\"><div class=\"kc_wrapper kc-col-inner-container\"><div class=\"kc-elm kc-css-224202 kc-feature-boxes kc-fb-layout-1\">\n\n\t<div class=\"content-icon\"><i class=\"flaticon-charity-1\"><\/i><\/div><div class=\"content-title\">Halkla \u0130li\u015fkiler Ana Komitesi <\/div><div class=\"content-button\"><a href=\"http:\/\/www.bakirkoyrotaract.org\/tr\/halkla-iliskiler-ana-komitesi\/\" target=\"_self\" title=\"\">Devam\u0131n\u0131 Oku<\/a><\/div>\n<\/div>\n<\/div><\/div><div class=\"kc-elm kc-css-208218 kc_col-sm-4 kc_column_inner kc_col-sm-4\"><div class=\"kc_wrapper kc-col-inner-container\"><div class=\"kc-elm kc-css-635594 kc-feature-boxes kc-fb-layout-1\">\n\n\t<div class=\"content-icon\"><i class=\"flaticon-charity-1\"><\/i><\/div><div class=\"content-title\">Hizmet Projeleri Ana Komitesi<\/div><div class=\"content-button\"><a href=\"http:\/\/www.bakirkoyrotaract.org\/tr\/hizmet-projeleri-ana-komitesi\/\" target=\"_self\" title=\"\">Devam\u0131n\u0131 Oku<\/a><\/div>\n<\/div>\n<\/div><\/div><div class=\"kc-elm kc-css-597334 kc_col-sm-4 kc_column_inner kc_col-sm-4\"><div class=\"kc_wrapper kc-col-inner-container\"><div class=\"kc-elm kc-css-19382 kc-feature-boxes kc-fb-layout-1\">\n\n\t<div class=\"content-icon\"><i class=\"flaticon-charity-1\"><\/i><\/div><div class=\"content-title\">Kariyer Geli\u015fim Ana Komitesi<\/div><div class=\"content-button\"><a href=\"http:\/\/www.bakirkoyrotaract.org\/tr\/kariyer-gelisim-ana-komitesi\/\" target=\"_self\" title=\"\">Devam\u0131n\u0131 Oku<\/a><\/div>\n<\/div>\n<\/div><\/div><\/div><div class=\"kc-elm kc-css-78768 kc_row kc_row_inner\"><div class=\"kc-elm kc-css-183807 kc_col-sm-4 kc_column_inner kc_col-sm-4\"><div class=\"kc_wrapper kc-col-inner-container\"><div class=\"kc-elm kc-css-174119 kc-feature-boxes kc-fb-layout-1\">\n\n\t<div class=\"content-icon\"><i class=\"flaticon-charity-1\"><\/i><\/div><div class=\"content-title\">Kul\u00fcp Y\u00f6netimi Ana Komitesi<\/div><div class=\"content-button\"><a href=\"http:\/\/www.bakirkoyrotaract.org\/tr\/kulup-yonetimi-ana-komitesi\/\" target=\"_self\" title=\"\">Devam\u0131n\u0131 Oku<\/a><\/div>\n<\/div>\n<\/div><\/div><div class=\"kc-elm kc-css-357072 kc_col-sm-4 kc_column_inner kc_col-sm-4\"><div class=\"kc_wrapper kc-col-inner-container\"><div class=\"kc-elm kc-css-105480 kc-feature-boxes kc-fb-layout-1\">\n\n\t<div class=\"content-icon\"><i class=\"flaticon-charity-1\"><\/i><\/div><div class=\"content-title\">K\u00fclt\u00fcrel Geli\u015fim Ana Komitesi <\/div><div class=\"content-button\"><a href=\"http:\/\/www.bakirkoyrotaract.org\/tr\/kulturel-gelisim-ana-komitesi\/\" target=\"_self\" title=\"\">Devam\u0131n\u0131 Oku<\/a><\/div>\n<\/div>\n<\/div><\/div><div class=\"kc-elm kc-css-428486 kc_col-sm-4 kc_column_inner kc_col-sm-4\"><div class=\"kc_wrapper kc-col-inner-container\"><div class=\"kc-elm kc-css-537503 kc-feature-boxes kc-fb-layout-1\">\n\n\t<div class=\"content-icon\"><i class=\"flaticon-charity-1\"><\/i><\/div><div class=\"content-title\">Uluslararas\u0131 Hizmetler Ana Komitesi <\/div><div class=\"content-button\"><a href=\"http:\/\/www.bakirkoyrotaract.org\/tr\/uluslararasi-hizmetler-ana-komitesi\/\" target=\"_self\" title=\"\">Devam\u0131n\u0131 Oku<\/a><\/div>\n<\/div>\n<\/div><\/div><\/div><div class=\"kc-elm kc-css-513578 kc_row kc_row_inner\"><div class=\"kc-elm kc-css-93582 kc_col-sm-2 kc_column_inner kc_col-sm-2\"><div class=\"kc_wrapper kc-col-inner-container\"><\/div><\/div><div class=\"kc-elm kc-css-982466 kc_col-sm-4 kc_column_inner kc_col-sm-4\"><div class=\"kc_wrapper kc-col-inner-container\"><div class=\"kc-elm kc-css-600864 kc-feature-boxes kc-fb-layout-1\">\n\n\t<div class=\"content-icon\"><i class=\"flaticon-charity-1\"><\/i><\/div><div class=\"content-title\">\u00dcyelik Geli\u015fim Ana Komitesi <\/div><div class=\"content-button\"><a href=\"http:\/\/www.bakirkoyrotaract.org\/tr\/uyelik-gelisim-ana-komitesi\/\" target=\"_self\" title=\"\">Devam\u0131n\u0131 Oku<\/a><\/div>\n<\/div>\n<\/div><\/div><div class=\"kc-elm kc-css-111612 kc_col-sm-4 kc_column_inner kc_col-sm-4\"><div class=\"kc_wrapper kc-col-inner-container\"><div class=\"kc-elm kc-css-226206 kc-feature-boxes kc-fb-layout-1\">\n\n\t<div class=\"content-icon\"><i class=\"flaticon-charity-1\"><\/i><\/div><div class=\"content-title\">Sivil Toplum Kurulu\u015flar\u0131 Komitesi <\/div><div class=\"content-button\"><a href=\"http:\/\/www.bakirkoyrotaract.org\/tr\/sivil-toplum-kuruluslari-komitesi\/\" target=\"_self\" title=\"\">Devam\u0131n\u0131 Oku<\/a><\/div>\n<\/div>\n<\/div><\/div><div class=\"kc-elm kc-css-200854 kc_col-sm-2 kc_column_inner kc_col-sm-2\"><div class=\"kc_wrapper kc-col-inner-container\"><\/div><\/div><\/div><\/div><\/div><\/div><\/div><\/section>\n","protected":false},"excerpt":{"rendered":"","protected":false},"author":1,"featured_media":0,"parent":0,"menu_order":0,"comment_status":"closed","ping_status":"closed","template":"","meta":{"footnotes":""},"class_list":["post-4365","page","type-page","status-publish","hentry"],"_links":{"self":[{"href":"https:\/\/www.bakirkoyrotaract.org\/tr\/wp-json\/wp\/v2\/pages\/4365","targetHints":{"allow":["GET"]}}],"collection":[{"href":"https:\/\/www.bakirkoyrotaract.org\/tr\/wp-json\/wp\/v2\/pages"}],"about":[{"href":"https:\/\/www.bakirkoyrotaract.org\/tr\/wp-json\/wp\/v2\/types\/page"}],"author":[{"embeddable":true,"href":"https:\/\/www.bakirkoyrotaract.org\/tr\/wp-json\/wp\/v2\/users\/1"}],"replies":[{"embeddable":true,"href":"https:\/\/www.bakirkoyrotaract.org\/tr\/wp-json\/wp\/v2\/comments?post=4365"}],"version-history":[{"count":12,"href":"https:\/\/www.bakirkoyrotaract.org\/tr\/wp-json\/wp\/v2\/pages\/4365\/revisions"}],"predecessor-version":[{"id":7407,"href":"https:\/\/www.bakirkoyrotaract.org\/tr\/wp-json\/wp\/v2\/pages\/4365\/revisions\/7407"}],"wp:attachment":[{"href":"https:\/\/www.bakirkoyrotaract.org\/tr\/wp-json\/wp\/v2\/media?parent=4365"}],"curies":[{"name":"wp","href":"https:\/\/api.w.org\/{rel}","templated":true}]}}