{"id":4353,"date":"2018-08-08T14:20:48","date_gmt":"2018-08-08T11:20:48","guid":{"rendered":"http:\/\/www.bakirkoyrotaract.org\/tr\/?page_id=4353"},"modified":"2020-05-21T07:58:13","modified_gmt":"2020-05-21T04:58:13","slug":"kulup-kunyesi","status":"publish","type":"page","link":"https:\/\/www.bakirkoyrotaract.org\/tr\/kulup-kunyesi\/","title":{"rendered":"Kul\u00fcp K\u00fcnyesi"},"content":{"rendered":"<section class=\"kc-elm kc-css-119078 kc_row xt_kc_row_has_container xt_kc_row_has_padding\"><div class=\"kc-row-container  kc-container\"><div class=\"kc-wrap-columns\"><div class=\"kc-elm kc-css-646630 kc_col-sm-5 kc_column kc_col-sm-5\"><div class=\"kc-col-container\"><div class=\"kc-elm kc-css-97506 kc_text_block\"><\/p>\n<p><strong>Kul\u00fcb\u00fcn Ad\u0131:<\/strong><br \/>\n\u0130stanbul-Bak\u0131rk\u00f6y Rotaract Kul\u00fcb\u00fc<\/p>\n<p><strong>Hami Rotary Kul\u00fcb\u00fc:<\/strong><br \/>\n\u0130stanbul-G\u00f6ksu Rotary Kul\u00fcb\u00fc<\/p>\n<p><strong>Kurulu\u015f Tarihi:<\/strong><br \/>\n01.07.2011<\/p>\n<p><strong>Charter Tarihi:<\/strong><br \/>\n01.11.2012<\/p>\n<p><strong>Toplant\u0131 Yeri:<br \/>\n<\/strong>Business93 &#8211; Arya Plaza<br \/>\nEsentepe Mahallesi, B\u00fcy\u00fckdere Caddesi, Keskin Kalem Sk. No:17\/2, 34394 \u015ei\u015fli\/\u0130stanbul<\/p>\n<p><strong>Toplant\u0131 Tarihi ve Saati:<\/strong><br \/>\nHer ay\u0131n 1. ve 3. Per\u015fembe G\u00fcnleri, 19:30<\/p>\n<p>\n<\/div><\/div><\/div><div class=\"kc-elm kc-css-262940 kc_col-sm-7 kc_column kc_col-sm-7\"><div class=\"kc-col-container\"><div class=\"kc-elm kc-css-451590 kc_text_block\"><\/p>\n<p><iframe loading=\"lazy\" style=\"border: 0;\" src=\"https:\/\/www.google.com\/maps\/embed?pb=!1m18!1m12!1m3!1d1788.5864136954685!2d29.00721492639045!3d41.068297373268265!2m3!1f0!2f0!3f0!3m2!1i1024!2i768!4f13.1!3m3!1m2!1s0x14cab6508b12fa13%3A0xdb2483da0a228a37!2sBusiness93+Sanal+Ofis%2CHaz%C4%B1r+Ofis%2CToplant%C4%B1+Odalar%C4%B1!5e0!3m2!1sen!2str!4v1539176242220\" width=\"600\" height=\"430\" frameborder=\"0\" allowfullscreen=\"allowfullscreen\"><\/iframe><\/p>\n<p>\n<\/div><\/div><\/div><\/div><\/div><\/section>\n","protected":false},"excerpt":{"rendered":"","protected":false},"author":1,"featured_media":0,"parent":0,"menu_order":0,"comment_status":"closed","ping_status":"closed","template":"","meta":{"footnotes":""},"class_list":["post-4353","page","type-page","status-publish","hentry"],"_links":{"self":[{"href":"https:\/\/www.bakirkoyrotaract.org\/tr\/wp-json\/wp\/v2\/pages\/4353","targetHints":{"allow":["GET"]}}],"collection":[{"href":"https:\/\/www.bakirkoyrotaract.org\/tr\/wp-json\/wp\/v2\/pages"}],"about":[{"href":"https:\/\/www.bakirkoyrotaract.org\/tr\/wp-json\/wp\/v2\/types\/page"}],"author":[{"embeddable":true,"href":"https:\/\/www.bakirkoyrotaract.org\/tr\/wp-json\/wp\/v2\/users\/1"}],"replies":[{"embeddable":true,"href":"https:\/\/www.bakirkoyrotaract.org\/tr\/wp-json\/wp\/v2\/comments?post=4353"}],"version-history":[{"count":16,"href":"https:\/\/www.bakirkoyrotaract.org\/tr\/wp-json\/wp\/v2\/pages\/4353\/revisions"}],"predecessor-version":[{"id":9994,"href":"https:\/\/www.bakirkoyrotaract.org\/tr\/wp-json\/wp\/v2\/pages\/4353\/revisions\/9994"}],"wp:attachment":[{"href":"https:\/\/www.bakirkoyrotaract.org\/tr\/wp-json\/wp\/v2\/media?parent=4353"}],"curies":[{"name":"wp","href":"https:\/\/api.w.org\/{rel}","templated":true}]}}