{"id":4034,"date":"2018-02-13T13:03:32","date_gmt":"2018-02-13T10:03:32","guid":{"rendered":"http:\/\/humane.xoothemes.com\/?page_id=4034"},"modified":"2020-06-04T02:15:27","modified_gmt":"2020-06-03T23:15:27","slug":"sss","status":"publish","type":"page","link":"https:\/\/www.bakirkoyrotaract.org\/tr\/sss\/","title":{"rendered":"S\u0131k\u00e7a Sorulan Sorular"},"content":{"rendered":"<p><section class=\"kc-elm kc-css-15132 kc_row xt_kc_row_has_container xt_kc_row_has_padding\"><div class=\"kc-row-container  kc-container\"><div class=\"kc-wrap-columns\"><div class=\"kc-elm kc-css-991284 kc_col-sm-12 kc_column kc_col-sm-12\"><div class=\"kc-col-container\">        <div class=\"sec-title text-center section-title-margin-bottom-medium section-title-color-default\">\n            <h2>ROTARACT <span class=\"sec-title-highlight\">NED\u0130R?<\/span><\/h2><div class=\"desc-text\">Hakk\u0131m\u0131zda bilmek istedikleriniz<\/div>        <\/div>\n\n\t\t<div class=\"kc-elm kc-css-97414 kc_row kc_row_inner\"><div class=\"kc-elm kc-css-214527 kc_col-sm-12 kc_column_inner kc_col-sm-12\"><div class=\"kc_wrapper kc-col-inner-container\"><div data-closeall=\"true\" class=\"kc-elm kc-css-659681 kc_accordion_wrapper\">\n<div class=\"kc-elm kc-css-447454 kc_accordion_section group \"><h3 class=\"kc_accordion_header ui-accordion-header\"><span class=\"ui-accordion-header-icon ui-icon\"><\/span><a href=\"#rotaract-nedir\" data-prevent=\"scroll\"><i class=\"fa-star\"><\/i> Rotaract Nedir?<\/a><\/h3><div class=\"kc_accordion_content ui-accordion-content kc_clearfix\"><div class=\"kc-panel-body\"><div class=\"kc-elm kc-css-720450 kc_text_block\"><\/p>\n<p>Rotaract, Uluslararas\u0131 Rotary taraf\u0131ndan kurulan ve desteklenen, d\u00fcnyan\u0131n en b\u00fcy\u00fck* gen\u00e7lik organizasyonur. 1920&#8217;li y\u0131llarda Rotary&#8217;nin gen\u00e7lik yap\u0131lanmas\u0131 olarak tohumlar\u0131 at\u0131lm\u0131\u015f Rotaract, resmi olarak 13 Mart 1968 y\u0131l\u0131nda kurulmu\u015ftur. Toplum yarar\u0131na \u00e7al\u0131\u015fmalar s\u00fcrd\u00fcrmekte, ayn\u0131 zamanda da Birle\u015fmi\u015f Millet taraf\u0131ndan tan\u0131nmaktad\u0131r. \u0130smi &#8220;Rotary in Action\" ifadesinden t\u00fcretilmi\u015ftir. Kar amac\u0131 g\u00fctmedi\u011fi i\u00e7in reklam yapmamaktad\u0131r. Bu sebeple g\u00f6r\u00fcn\u00fcrl\u00fcl\u00fc\u011f\u00fc-bilinilirli\u011fi az, ancak uluslararas\u0131 mecralarda ge\u00e7erlili\u011fi \u00e7ok olan bir kurulu\u015ftur.<\/p>\n<p>*Uluslararas\u0131 Rotary&#8217;nin verdi\u011fi \u00fcye ve Rotaract Kul\u00fcb\u00fc olan \u00fclke say\u0131s\u0131na g\u00f6re&#8230;<\/p>\n<p>\n<\/div><\/div><\/div><\/div><div class=\"kc-elm kc-css-95235 kc_accordion_section group \"><h3 class=\"kc_accordion_header ui-accordion-header\"><span class=\"ui-accordion-header-icon ui-icon\"><\/span><a href=\"#rotaractaposin-amaci-nedir\" data-prevent=\"scroll\"><i class=\"fa-star\"><\/i> Rotaract:apos:\u0131n Amac\u0131 Nedir?<\/a><\/h3><div class=\"kc_accordion_content ui-accordion-content kc_clearfix\"><div class=\"kc-panel-body\"><div class=\"kc-elm kc-css-290257 kc_text_block\"><\/p>\n<p>Topluma hizmet, bireysel geli\u015fim, mesleki geli\u015fim, bireyler aras\u0131nda dostluk ve anlay\u0131\u015f\u0131n geli\u015ftirilmesi, uluslararas\u0131 ili\u015fkilerin ilerlemesi i\u00e7in \u00e7al\u0131\u015fmaktad\u0131r.<\/p>\n<p>\n<\/div><\/div><\/div><\/div><div class=\"kc-elm kc-css-365942 kc_accordion_section group \"><h3 class=\"kc_accordion_header ui-accordion-header\"><span class=\"ui-accordion-header-icon ui-icon\"><\/span><a href=\"#neden-rotaract\" data-prevent=\"scroll\"><i class=\"fa-star\"><\/i> Neden Rotaract?<\/a><\/h3><div class=\"kc_accordion_content ui-accordion-content kc_clearfix\"><div class=\"kc-panel-body\"><div class=\"kc-elm kc-css-880436 kc_text_block\"><\/p>\n<p>Her sivil toplum kurulu\u015fu e\u015fsizdir ve toplumlar i\u00e7in \u00e7ok \u00f6nemlidir. Ancak, pek \u00e7o\u011fu yukar\u0131da sayd\u0131\u011f\u0131m\u0131z ama\u00e7lar\u0131m\u0131zdan sadece birisine hizmet etmektedir. Rotaract, tahmin edilece\u011fi \u00fczere 100 y\u0131ll\u0131k tarihi, sahip oldu\u011fu organizasyon yap\u0131s\u0131, \u00fcye portf\u00f6y\u00fc-ileti\u015fim a\u011f\u0131 ve tecr\u00fcbesi sayesinde tek bir alana de\u011fil pek \u00e7ok konuda \u00e7al\u0131\u015fma f\u0131rsat\u0131 sunmaktad\u0131r. Bu da kendini geli\u015ftirmek i\u00e7in m\u00fckemmel bir ortam sa\u011flamaktad\u0131r.<\/p>\n<p>\n<\/div><\/div><\/div><\/div><div class=\"kc-elm kc-css-746867 kc_accordion_section group \"><h3 class=\"kc_accordion_header ui-accordion-header\"><span class=\"ui-accordion-header-icon ui-icon\"><\/span><a href=\"#rotaract-kulupleri-tam-olarak-nasil-projeler-yapar\" data-prevent=\"scroll\"><i class=\"fa-star\"><\/i> Rotaract kul\u00fcpleri tam olarak nas\u0131l projeler yapar?<\/a><\/h3><div class=\"kc_accordion_content ui-accordion-content kc_clearfix\"><div class=\"kc-panel-body\"><div class=\"kc-elm kc-css-391092 kc_text_block\"><\/p>\n<p>Rotaract kul\u00fcpleri her y\u0131l yapt\u0131klar\u0131 onlarca proje ile topluma hizmet etmektedir:<br \/>\n\u2013 2000 ki\u015filik organ ba\u011f\u0131\u015f\u0131 kampanyas\u0131,<br \/>\n\u2013 Her y\u0131l d\u00fczenlenen okul seti, erzak paketi, Ramazan kolisi yard\u0131mlar\u0131,<br \/>\n\u2013 3500 a\u011fa\u00e7 dikimi ile Rotaract Orman\u0131 kurulmas\u0131,<br \/>\n\u2013 Geri d\u00f6n\u00fc\u015ft\u00fcr\u00fclebilir art\u0131klar\u0131n toplanmas\u0131,<br \/>\n\u2013 Kan ba\u011f\u0131\u015f\u0131 kampanyalar\u0131 ve sa\u011fl\u0131k taramalar\u0131,<br \/>\n\u2013\u00a0AIDS ve meme kanseri bilin\u00e7lendirme kampanyalar\u0131,<br \/>\n\u2013 G\u00f6rme engellilere y\u00f6nelik sesli k\u00fct\u00fcphane \u00e7al\u0131\u015fmalar\u0131,<br \/>\n\u2013 Sokak \u00e7ocuklar\u0131na y\u00f6nelik Hepatit B a\u015f\u0131s\u0131 kampanyas\u0131,<br \/>\n\u2013 Topluma y\u00f6nelik AIDS, trafik, madde ba\u011f\u0131ml\u0131l\u0131\u011f\u0131, do\u011fum kontrol gibi sosyal konularda uzmanlarca verilen seminerler,<br \/>\n\u2013 \u201c\u0130\u015f Ahlak\u0131\u201d, \u201c\u0130\u015f Eti\u011fi\u201d, \u201cCV Yazma ve M\u00fclakat teknikleri\u201d, \u201cKariyer?de Ba\u015far\u0131\u201d, \u201cNLP\u201d gibi konularda mesleklerinde kendini kan\u0131tlam\u0131\u015f ki\u015filerin konu\u015fmac\u0131, e\u011fitmen olarak kat\u0131ld\u0131\u011f\u0131 mesleki geli\u015fim seminerler d\u00fczenlenmesi,<br \/>\n\u2013 Fabrika ve i\u015f yeri gezilerinin d\u00fczenlenmesi,<br \/>\ngibi \u00f6rnekler s\u0131ralanabilir.<\/p>\n<p>\n<\/div><\/div><\/div><\/div><div class=\"kc-elm kc-css-784158 kc_accordion_section group \"><h3 class=\"kc_accordion_header ui-accordion-header\"><span class=\"ui-accordion-header-icon ui-icon\"><\/span><a href=\"#bir-rotaract-uyesinde-aranan-ozellikler-nelerdir\" data-prevent=\"scroll\"><i class=\"fa-star\"><\/i> Bir Rotaract \u00fcyesinde aranan \u00f6zellikler nelerdir?<\/a><\/h3><div class=\"kc_accordion_content ui-accordion-content kc_clearfix\"><div class=\"kc-panel-body\"><div class=\"kc-elm kc-css-65241 kc_text_block\"><\/p>\n<p>Potansiyel Rotaract \u00fcyelerinde aranan \u00f6zellikler:<br \/>\n\u2013 Hukuken resmi bir dernek \u00fcyesi olmaya engeli olmamak;<br \/>\n\u2013 18 ya\u015f\u0131n\u0131 tamamlam\u0131\u015f olmak;<br \/>\n\u2013 Toplumuna ve di\u011fer d\u00fcnya toplumlar\u0131na insani hizmetler sunmaya ve uluslararas\u0131 iyi niyet ve anlay\u0131\u015f\u0131 geli\u015ftirmeye istekli olmak;<br \/>\n\u2013 Tak\u0131m \u00e7al\u0131\u015fmas\u0131na yatk\u0131n ve kendini geli\u015ftirmeye a\u00e7\u0131k olmak ve<br \/>\n\u2013 Ahlaki standartlar\u0131 liderlik niteli\u011fi ve mesleki sorumluluk olarak benimsemi\u015f olmakt\u0131r.<\/p>\n<p>Herkese a\u00e7\u0131kt\u0131r, aram\u0131za kat\u0131lmak isteyen ve yukar\u0131daki \u015fartlara uyan herkes ba\u015fvurabilir.<\/p>\n<p>\n<\/div><\/div><\/div><\/div><div class=\"kc-elm kc-css-168027 kc_accordion_section group \"><h3 class=\"kc_accordion_header ui-accordion-header\"><span class=\"ui-accordion-header-icon ui-icon\"><\/span><a href=\"#bana-ne-faydasi-olacak\" data-prevent=\"scroll\"><i class=\"fa-star\"><\/i> Bana Ne Faydas\u0131 Olacak? <\/a><\/h3><div class=\"kc_accordion_content ui-accordion-content kc_clearfix\"><div class=\"kc-panel-body\"><div class=\"kc-elm kc-css-255498 kc_text_block\"><\/p>\n<p>Rotaract, 18 ya\u015f \u00fcst\u00fc i\u015f ve meslek sahibi, \u00f6\u011frencileri ve gen\u00e7 profesyonelleri hedef almaktad\u0131r. Toplum yarar\u0131na \u00e7al\u0131\u015fan ve kar amac\u0131 g\u00fctmeyen kurulu\u015flarda \u00e7al\u0131\u015fmak isteyen herkes burada topluma hizmet etmenin verece\u011fi mutlulukla beraber, \u00f6m\u00fcr boyu s\u00fcrecek dostluklar da sa\u011flamaktad\u0131r. Kendi ileti\u015fim a\u011f\u0131m\u0131z sayesinde \u00e7e\u015fitli yurt d\u0131\u015f\u0131 ve mesleki f\u0131rsatlar da elde edebilmektedir.<\/p>\n<p>\n<\/div><\/div><\/div><\/div><div class=\"kc-elm kc-css-585172 kc_accordion_section group \"><h3 class=\"kc_accordion_header ui-accordion-header\"><span class=\"ui-accordion-header-icon ui-icon\"><\/span><a href=\"#nasil-uye-olurum\" data-prevent=\"scroll\"><i class=\"fa-star\"><\/i> Nas\u0131l \u00dcye Olurum?<\/a><\/h3><div class=\"kc_accordion_content ui-accordion-content kc_clearfix\"><div class=\"kc-panel-body\"><div class=\"kc-elm kc-css-450047 kc_text_block\"><\/p>\n<p>Rotaract kul\u00fcpleri 18 ya\u015f \u00fcst\u00fc t\u00fcm gen\u00e7lere a\u00e7\u0131kt\u0131r. E\u011fer bu ya\u015flar aras\u0131ndaysan\u0131z ve aram\u0131za kat\u0131l\u0131p g\u00f6n\u00fcll\u00fc olarak topluma hizmet etmek ve ki\u015fisel geli\u015fiminize katk\u0131da bulunmak ve yeni bir \u00e7evre edinmek istiyorsan\u0131z sitemizdeki \u201c<a href=\"http:\/\/www.bakirkoyrotaract.org\/tr\/basvuru-formu\/\">\u00dcyelik Ba\u015fvuru Formu<\/a>\u201d linkindeki formu doldurarak ba\u015fvurunuzu bize iletebilirsiniz. Ayr\u0131ca her t\u00fcrl\u00fc sorunuz i\u00e7in bize \u201c<a href=\"http:\/\/www.bakirkoyrotaract.org\/tr\/iletisim\/\">\u0130leti\u015fim<\/a>\u201d linkindeki formu doldurarak ula\u015fabilirsiniz.<\/p>\n<p>\n<\/div><\/div><\/div><\/div><\/div>\n<\/div><\/div><\/div><\/div><\/div><\/div><\/div><\/section><section data-kc-parallax=\"true\" class=\"kc-elm kc-css-821599 kc_row xt_kc_row_has_container xt_kc_row_has_padding xt_kc_row_white_color\"><div class=\"kc-row-container  kc-container\"><div class=\"kc-wrap-columns\"><div class=\"kc-elm kc-css-571734 kc_col-sm-1 kc_column kc_col-sm-1\"><div class=\"kc-col-container\"><\/div><\/div><div class=\"kc-elm kc-css-462535 kc_col-sm-10 kc_column kc_col-sm-10\"><div class=\"kc-col-container\">        <div class=\"sec-title text-center section-title-margin-bottom-medium section-title-color-white\">\n            <h2>ARAMIZA <span class=\"sec-title-highlight\">KATILIN<\/span><\/h2><div class=\"desc-text\">TOPLUMSAL H\u0130ZMET PROJELER\u0130NE KATILIN, K\u0130\u015e\u0130SEL GEL\u0130\u015e\u0130M\u0130N\u0130Z\u0130 DESTEKLEY\u0130N, YEN\u0130 B\u0130R \u00c7EVRE ED\u0130N\u0130N<\/div>        <\/div>\n\n\t\t\n<div class=\"kc-elm kc-css-677477\">\n\t<a class=\"kc_button xt-theme-primary-btn btn btn-common\" href=\"https:\/\/www.bakirkoyrotaract.org\/tr\/uyelik-basvuru-formu\/\" target=\"_self\" title=\"ADAY \u00dcYE BA\u015eVURU FORMU\" onclick=\"\">\n\t\t\u00dcYEL\u0130K BA\u015eVURUSU\t<\/a>\n<\/div>\n<\/div><\/div><div class=\"kc-elm kc-css-990987 kc_col-sm-1 kc_column kc_col-sm-1\"><div class=\"kc-col-container\"><\/div><\/div><\/div><\/div><\/section><\/p>\n","protected":false},"excerpt":{"rendered":"","protected":false},"author":1,"featured_media":0,"parent":0,"menu_order":0,"comment_status":"closed","ping_status":"closed","template":"","meta":{"footnotes":""},"class_list":["post-4034","page","type-page","status-publish","hentry"],"_links":{"self":[{"href":"https:\/\/www.bakirkoyrotaract.org\/tr\/wp-json\/wp\/v2\/pages\/4034","targetHints":{"allow":["GET"]}}],"collection":[{"href":"https:\/\/www.bakirkoyrotaract.org\/tr\/wp-json\/wp\/v2\/pages"}],"about":[{"href":"https:\/\/www.bakirkoyrotaract.org\/tr\/wp-json\/wp\/v2\/types\/page"}],"author":[{"embeddable":true,"href":"https:\/\/www.bakirkoyrotaract.org\/tr\/wp-json\/wp\/v2\/users\/1"}],"replies":[{"embeddable":true,"href":"https:\/\/www.bakirkoyrotaract.org\/tr\/wp-json\/wp\/v2\/comments?post=4034"}],"version-history":[{"count":29,"href":"https:\/\/www.bakirkoyrotaract.org\/tr\/wp-json\/wp\/v2\/pages\/4034\/revisions"}],"predecessor-version":[{"id":10303,"href":"https:\/\/www.bakirkoyrotaract.org\/tr\/wp-json\/wp\/v2\/pages\/4034\/revisions\/10303"}],"wp:attachment":[{"href":"https:\/\/www.bakirkoyrotaract.org\/tr\/wp-json\/wp\/v2\/media?parent=4034"}],"curies":[{"name":"wp","href":"https:\/\/api.w.org\/{rel}","templated":true}]}}