{"id":3999,"date":"2018-02-13T12:22:24","date_gmt":"2018-02-13T09:22:24","guid":{"rendered":"http:\/\/humane.xoothemes.com\/?page_id=3999"},"modified":"2020-05-21T18:28:32","modified_gmt":"2020-05-21T15:28:32","slug":"hakkimizda","status":"publish","type":"page","link":"https:\/\/www.bakirkoyrotaract.org\/tr\/hakkimizda\/","title":{"rendered":"Hakk\u0131m\u0131zda"},"content":{"rendered":"<section class=\"kc-elm kc-css-573500 kc_row xt_kc_row_has_container xt_kc_row_has_padding\"><div class=\"kc-row-container  kc-container\"><div class=\"kc-wrap-columns\"><div class=\"kc-elm kc-css-513315 kc_col-sm-4 kc_column kc_col-sm-4\"><div class=\"kc-col-container\"><div class=\"kc-elm kc-css-940638 kc_shortcode kc_single_image xt-theme-primary-image\">\n\n        <img decoding=\"async\" src=\"https:\/\/www.bakirkoyrotaract.org\/tr\/wp-content\/uploads\/2018\/08\/Bak\u0131rk\u00f6y-RAC-Logo-1500x750.jpg\" class=\"\" alt=\"\" \/>    <\/div>\n<\/div><\/div><div class=\"kc-elm kc-css-637628 kc_col-sm-8 kc_column kc_col-sm-8\"><div class=\"kc-col-container\"><div class=\"kc-elm kc-css-654963 kc_text_block\"><\/p>\n<h3><strong>\u0130STANBUL &#8211; BAKIRK\u00d6Y ROTARACT KUL\u00dcB\u00dc<\/strong><\/h3>\n<p>2011 y\u0131l\u0131nda Kurucu Ba\u015fkan Rtc. Sinem U\u011fur\u2019 un \u00e7al\u0131\u015fmalar\u0131yla \u0130stanbul-Bak\u0131rk\u00f6y Rotary Kul\u00fcb\u00fc taraf\u0131ndan kurulan \u0130stanbul-Bak\u0131rk\u00f6y Rotaract Kul\u00fcb\u00fc, Charter Belgesi\u2019ni 01.11.2012 tarihinde Rtc. Mert Eregizli\u2019nin ba\u015fkanl\u0131k d\u00f6neminde alm\u0131\u015ft\u0131r.<\/p>\n<p>\u015eubat 2019&#039;da \u0130stanbul-G\u00f6ksu Rotary Kul\u00fcb\u00fc&#039;n\u00fcn de hamili\u011fini alarak \u00e7ift hami kul\u00fcpl\u00fc bir kul\u00fcp haline gelmi\u015ftir. Ancak 2020 y\u0131l\u0131nda \u0130stanbul-Bak\u0131rk\u00f6y Rotary Kul\u00fcb\u00fc&#039;n\u00fcn kapanmas\u0131 sonucu halen\u00a0<span style=\"font-style: inherit;\">\u0130stanbul-G\u00f6ksu Rotary Kul\u00fcb\u00fc hamili\u011finde \u00e7al\u0131\u015fmalar\u0131n\u0131 y\u00fcr\u00fctmektedir.<\/span><\/p>\n<p>Logosunda bulunan alt\u0131n kanatlar; ba\u015far\u0131y\u0131, en iyi ve en y\u00fcksekte olmay\u0131 temsil etmekte olup \u0130stanbul &#8211; Bak\u0131rk\u00f6y Rotaract Kul\u00fcb\u00fc&#039;n\u00fcn her \u00fcyesi ger\u00e7ekle\u015ftirdi\u011fi toplumsal hizmet projeleriyle kul\u00fcb\u00fcn\u00fcn bu hedeflerini yerine getirmek i\u00e7in \u00e7al\u0131\u015f\u0131r.<\/p>\n<p>Faaliyete ba\u015flad\u0131\u011f\u0131 g\u00fcnden bu yana toplumun maddi ve manevi ihtiya\u00e7lar\u0131n\u0131 kar\u015f\u0131lamay\u0131 ve \u00fcyelerinin ki\u015fisel geli\u015fimlerine katk\u0131da bulunmay\u0131 hedef edinmi\u015ftir. Bu ba\u011flamda kuruldu\u011fu tarihten g\u00fcn\u00fcm\u00fcze her y\u0131l onlarca proje \u00fcretmektedir.\u00a0<span style=\"font-style: inherit;\">Kurulu\u015fundan g\u00fcn\u00fcm\u00fcze \u00fcretti\u011fi projelerle Rotaract\u2019 \u0131n evrensel slogan\u0131 olan \u201cHizmet Yolu\u2019yla dostluk\" anlay\u0131\u015f\u0131yla hizmetlerini s\u00fcrd\u00fcrmektedir.<\/span><\/p>\n<p>\n<\/div><\/div><\/div><\/div><\/div><\/section>\n","protected":false},"excerpt":{"rendered":"","protected":false},"author":1,"featured_media":0,"parent":0,"menu_order":0,"comment_status":"closed","ping_status":"closed","template":"","meta":{"footnotes":""},"class_list":["post-3999","page","type-page","status-publish","hentry"],"_links":{"self":[{"href":"https:\/\/www.bakirkoyrotaract.org\/tr\/wp-json\/wp\/v2\/pages\/3999","targetHints":{"allow":["GET"]}}],"collection":[{"href":"https:\/\/www.bakirkoyrotaract.org\/tr\/wp-json\/wp\/v2\/pages"}],"about":[{"href":"https:\/\/www.bakirkoyrotaract.org\/tr\/wp-json\/wp\/v2\/types\/page"}],"author":[{"embeddable":true,"href":"https:\/\/www.bakirkoyrotaract.org\/tr\/wp-json\/wp\/v2\/users\/1"}],"replies":[{"embeddable":true,"href":"https:\/\/www.bakirkoyrotaract.org\/tr\/wp-json\/wp\/v2\/comments?post=3999"}],"version-history":[{"count":70,"href":"https:\/\/www.bakirkoyrotaract.org\/tr\/wp-json\/wp\/v2\/pages\/3999\/revisions"}],"predecessor-version":[{"id":10008,"href":"https:\/\/www.bakirkoyrotaract.org\/tr\/wp-json\/wp\/v2\/pages\/3999\/revisions\/10008"}],"wp:attachment":[{"href":"https:\/\/www.bakirkoyrotaract.org\/tr\/wp-json\/wp\/v2\/media?parent=3999"}],"curies":[{"name":"wp","href":"https:\/\/api.w.org\/{rel}","templated":true}]}}