{"id":10001,"date":"2020-05-21T18:44:40","date_gmt":"2020-05-21T15:44:40","guid":{"rendered":"http:\/\/www.bakirkoyrotaract.org\/tr\/?page_id=10001"},"modified":"2020-05-21T22:27:17","modified_gmt":"2020-05-21T19:27:17","slug":"odullerimiz","status":"publish","type":"page","link":"https:\/\/www.bakirkoyrotaract.org\/tr\/odullerimiz\/","title":{"rendered":"\u00d6d\u00fcllerimiz"},"content":{"rendered":"<section class=\"kc-elm kc-css-262638 kc_row xt_kc_row_has_container xt_kc_row_has_padding\"><div class=\"kc-row-container  kc-container\"><div class=\"kc-wrap-columns\"><div class=\"kc-elm kc-css-422715 kc_col-sm-12 kc_column kc_col-sm-12\"><div class=\"kc-col-container\">\n<div class=\"kc-elm kc-css-35530 kc-blog-posts kc-blog-posts-2 kc-image-align-left\">\n\t\n\t\t\n\t\t\t\t<div class=\"kc-list-item-2\">\n\n\t\t\t\t\t\t\t\t\t\t\t\t\t\t\t\t\t\t<div class=\"post-item-left\">\n\t\t\t\t\t\t\t\t<figure>\n\t\t\t\t\t\t\t\t\t<img decoding=\"async\" src=\"https:\/\/www.bakirkoyrotaract.org\/tr\/wp-content\/uploads\/2025\/06\/WhatsApp-Image-2025-09-14-at-00.26.48-e1757798944578-543x304xct.jpeg\"\n\t\t\t\t\t\t\t\t\t     alt=\"B\u00f6lge 3.&#8217;s\u00fc Bak\u0131rk\u00f6y Rotaract Kul\u00fcb\u00fc!\">\n\t\t\t\t\t\t\t\t<\/figure>\n\t\t\t\t\t\t\t<\/div>\n\t\t\t\t\t\t\t\t\t\t\t\t<div class=\"post-item-right\">\n\t\t\t\t\t\t\t<div class=\"post_details\">\n\t\t\t\t\t\t\t\t<h2 class=\"post-title-alt\"><a\n\t\t\t\t\t\t\t\t\t\thref=\"https:\/\/www.bakirkoyrotaract.org\/tr\/bolge-3-su-bakirkoy-rotaract-kulubu\/\"\n\t\t\t\t\t\t\t\t\t\ttitle=\"B\u00f6lge 3.&#8217;s\u00fc Bak\u0131rk\u00f6y Rotaract Kul\u00fcb\u00fc!\">B\u00f6lge 3.&#8217;s\u00fc Bak\u0131rk\u00f6y Rotaract Kul\u00fcb\u00fc!<\/a>\n\t\t\t\t\t\t\t\t<\/h2>\n\n\t\t\t\t\t\t\t\t\t\t\t\t\t\t\t\t\t<div class=\"post-meta\">\n\t\t\t\t\t\t\t\t\t\t\t\t\t\t\t\t\t\t\t\t\t\t\t\t\t\t\t\t\t\t\t<span class=\"post-date\"><i class=\"fa fa-clock-o\"><\/i> <a\n\t\t\t\t\t\t\t\t\t\t\t\thref=\"https:\/\/www.bakirkoyrotaract.org\/tr\/2025\/06\/\">Haziran 30 2025<\/a> <\/span>\n\t\t\t\t\t\t\t\t\t\t\t\t\t\t\t\t\t\t\t\t\t\t\t\t\t\t\t\t\t\t\t\t\t\t\t\t\t\t\t\t\t\t\t<span class=\"post-cats\"><i class=\"fa fa-folder-o\"\n\t\t\t\t\t\t\t\t\t\t\t\t                           aria-hidden=\"true\"><\/i> <a href=\"https:\/\/www.bakirkoyrotaract.org\/tr\/category\/haberler\/\" rel=\"category tag\">Haberler<\/a>, <a href=\"https:\/\/www.bakirkoyrotaract.org\/tr\/category\/odullerimiz\/\" rel=\"category tag\">\u00d6d\u00fcllerimiz<\/a><\/span>\n\t\t\t\t\t\t\t\t\t\t\t\t\t\t\t\t\t\t\t\t\t\t\t\t\t\t\t\t\t\t<\/div>\n\t\t\t\t\t\t\t\t\t\t\t\t\t\t\t<\/div>\n\t\t\t\t\t\t\t\t\t\t\t\t\t\t\t<p>Kul\u00fcb\u00fcm\u00fcz her sene b\u00f6lgesinin en ba\u015far\u0131l\u0131 ilk 5 kul\u00fcb\u00fcne verilen B\u00f6lge \u00dcst\u00fcn Hizmet \u00d6d\u00fclleri\u2019nde 2024-2025 D\u00f6nemi 3.\u2019l\u00fck \u00d6d\u00fcl\u00fc\u2019ne lay\u0131k g\u00f6r\u00fcld\u00fc. Bu ba\u015far\u0131da eme\u011fi ge\u00e7en t\u00fcm \u00fcyelerimiz, ortaklar\u0131m\u0131z ve payda\u015flar\u0131m\u0131za sonsuz te\u015fekk\u00fcrler. Birlikte daha nice \u00f6d\u00fcllere!<\/p>\n\t\t\t\t\t\t\t\t\t\t\t\t\t\t<a href=\"https:\/\/www.bakirkoyrotaract.org\/tr\/bolge-3-su-bakirkoy-rotaract-kulubu\/\"\n\t\t\t\t\t\t\t   class=\"kc-post-2-button\">Devam\u0131n\u0131 Oku <i\n\t\t\t\t\t\t\t\t\tclass=\"fa fa-angle-right\" aria-hidden=\"true\"><\/i><\/a>\n\t\t\t\t\t\t\t\t\t\t\t\t\t<\/div>\n\n\t\t\t\t\t\n\t\t\t\t<\/div>\n\n\t\t\t\t\n\t\t\t\t<div class=\"kc-list-item-2\">\n\n\t\t\t\t\t\t\t\t\t\t\t\t\t\t\t\t\t\t<div class=\"post-item-left\">\n\t\t\t\t\t\t\t\t<figure>\n\t\t\t\t\t\t\t\t\t<img decoding=\"async\" src=\"https:\/\/www.bakirkoyrotaract.org\/tr\/wp-content\/uploads\/2024\/07\/03c04118-b481-4b7f-b4db-47b70acbd12d-543x304xct.jpg\"\n\t\t\t\t\t\t\t\t\t     alt=\"1.&#8217;lik \u00d6d\u00fcl\u00fc Bak\u0131rk\u00f6y Rotaract&#8217;\u0131n!\">\n\t\t\t\t\t\t\t\t<\/figure>\n\t\t\t\t\t\t\t<\/div>\n\t\t\t\t\t\t\t\t\t\t\t\t<div class=\"post-item-right\">\n\t\t\t\t\t\t\t<div class=\"post_details\">\n\t\t\t\t\t\t\t\t<h2 class=\"post-title-alt\"><a\n\t\t\t\t\t\t\t\t\t\thref=\"https:\/\/www.bakirkoyrotaract.org\/tr\/1-lik-odulu-bakirkoy-rotaractin\/\"\n\t\t\t\t\t\t\t\t\t\ttitle=\"1.&#8217;lik \u00d6d\u00fcl\u00fc Bak\u0131rk\u00f6y Rotaract&#8217;\u0131n!\">1.&#8217;lik \u00d6d\u00fcl\u00fc Bak\u0131rk\u00f6y Rotaract&#8217;\u0131n!<\/a>\n\t\t\t\t\t\t\t\t<\/h2>\n\n\t\t\t\t\t\t\t\t\t\t\t\t\t\t\t\t\t<div class=\"post-meta\">\n\t\t\t\t\t\t\t\t\t\t\t\t\t\t\t\t\t\t\t\t\t\t\t\t\t\t\t\t\t\t\t<span class=\"post-date\"><i class=\"fa fa-clock-o\"><\/i> <a\n\t\t\t\t\t\t\t\t\t\t\t\thref=\"https:\/\/www.bakirkoyrotaract.org\/tr\/2020\/06\/\">Haziran 30 2020<\/a> <\/span>\n\t\t\t\t\t\t\t\t\t\t\t\t\t\t\t\t\t\t\t\t\t\t\t\t\t\t\t\t\t\t\t\t\t\t\t\t\t\t\t\t\t\t\t<span class=\"post-cats\"><i class=\"fa fa-folder-o\"\n\t\t\t\t\t\t\t\t\t\t\t\t                           aria-hidden=\"true\"><\/i> <a href=\"https:\/\/www.bakirkoyrotaract.org\/tr\/category\/genel\/\" rel=\"category tag\">Genel<\/a>, <a href=\"https:\/\/www.bakirkoyrotaract.org\/tr\/category\/haberler\/\" rel=\"category tag\">Haberler<\/a>, <a href=\"https:\/\/www.bakirkoyrotaract.org\/tr\/category\/odullerimiz\/\" rel=\"category tag\">\u00d6d\u00fcllerimiz<\/a><\/span>\n\t\t\t\t\t\t\t\t\t\t\t\t\t\t\t\t\t\t\t\t\t\t\t\t\t\t\t\t\t\t<\/div>\n\t\t\t\t\t\t\t\t\t\t\t\t\t\t\t<\/div>\n\t\t\t\t\t\t\t\t\t\t\t\t\t\t\t<p>Kul\u00fcb\u00fcm\u00fcz her sene U.R. 2420. B\u00f6lge'nin en ba\u015far\u0131l\u0131 kul\u00fcplerine verilen B\u00f6lge \u00dcst\u00fcn Hizmet \u00d6d\u00fclleri\u2019nde 2018\u20132019 D\u00f6nemi'nin kategorisindeki en ba\u015far\u0131l\u0131 kul\u00fcb\u00fc oldu! T\u00fcm \u00fcyelerimiz, ortaklar\u0131m\u0131z ve payda\u015flar\u0131m\u0131za te\u015fekk\u00fcrlerlerimizi sunuyoruz. Birlikte daha nice ba\u015far\u0131lara...<\/p>\n\t\t\t\t\t\t\t\t\t\t\t\t\t\t<a href=\"https:\/\/www.bakirkoyrotaract.org\/tr\/1-lik-odulu-bakirkoy-rotaractin\/\"\n\t\t\t\t\t\t\t   class=\"kc-post-2-button\">Devam\u0131n\u0131 Oku <i\n\t\t\t\t\t\t\t\t\tclass=\"fa fa-angle-right\" aria-hidden=\"true\"><\/i><\/a>\n\t\t\t\t\t\t\t\t\t\t\t\t\t<\/div>\n\n\t\t\t\t\t\n\t\t\t\t<\/div>\n\n\t\t\t\t\n\t\t\t\t<div class=\"kc-list-item-2\">\n\n\t\t\t\t\t\t\t\t\t\t\t\t\t\t\t\t\t\t<div class=\"post-item-left\">\n\t\t\t\t\t\t\t\t<figure>\n\t\t\t\t\t\t\t\t\t<img decoding=\"async\" src=\"https:\/\/www.bakirkoyrotaract.org\/tr\/wp-content\/uploads\/2020\/05\/WhatsApp-Image-2020-05-17-at-16.28.11-e1589733304172-543x304xct.jpeg\"\n\t\t\t\t\t\t\t\t\t     alt=\"Bak\u0131rk\u00f6y Rotaract Kul\u00fcb\u00fc B\u00f6lge 4.\u2019s\u00fc!\">\n\t\t\t\t\t\t\t\t<\/figure>\n\t\t\t\t\t\t\t<\/div>\n\t\t\t\t\t\t\t\t\t\t\t\t<div class=\"post-item-right\">\n\t\t\t\t\t\t\t<div class=\"post_details\">\n\t\t\t\t\t\t\t\t<h2 class=\"post-title-alt\"><a\n\t\t\t\t\t\t\t\t\t\thref=\"https:\/\/www.bakirkoyrotaract.org\/tr\/bakirkoy-rotaract-kulubu-bolge-4-su\/\"\n\t\t\t\t\t\t\t\t\t\ttitle=\"Bak\u0131rk\u00f6y Rotaract Kul\u00fcb\u00fc B\u00f6lge 4.\u2019s\u00fc!\">Bak\u0131rk\u00f6y Rotaract Kul\u00fcb\u00fc B\u00f6lge 4.\u2019s\u00fc!<\/a>\n\t\t\t\t\t\t\t\t<\/h2>\n\n\t\t\t\t\t\t\t\t\t\t\t\t\t\t\t\t\t<div class=\"post-meta\">\n\t\t\t\t\t\t\t\t\t\t\t\t\t\t\t\t\t\t\t\t\t\t\t\t\t\t\t\t\t\t\t<span class=\"post-date\"><i class=\"fa fa-clock-o\"><\/i> <a\n\t\t\t\t\t\t\t\t\t\t\t\thref=\"https:\/\/www.bakirkoyrotaract.org\/tr\/2019\/07\/\">Temmuz 1 2019<\/a> <\/span>\n\t\t\t\t\t\t\t\t\t\t\t\t\t\t\t\t\t\t\t\t\t\t\t\t\t\t\t\t\t\t\t\t\t\t\t\t\t\t\t\t\t\t\t<span class=\"post-cats\"><i class=\"fa fa-folder-o\"\n\t\t\t\t\t\t\t\t\t\t\t\t                           aria-hidden=\"true\"><\/i> <a href=\"https:\/\/www.bakirkoyrotaract.org\/tr\/category\/haberler\/\" rel=\"category tag\">Haberler<\/a>, <a href=\"https:\/\/www.bakirkoyrotaract.org\/tr\/category\/odullerimiz\/\" rel=\"category tag\">\u00d6d\u00fcllerimiz<\/a><\/span>\n\t\t\t\t\t\t\t\t\t\t\t\t\t\t\t\t\t\t\t\t\t\t\t\t\t\t\t\t\t\t<\/div>\n\t\t\t\t\t\t\t\t\t\t\t\t\t\t\t<\/div>\n\t\t\t\t\t\t\t\t\t\t\t\t\t\t\t<p>Kul\u00fcb\u00fcm\u00fcz her sene U.R. 2420. B\u00f6lge'nin en ba\u015far\u0131l\u0131 5 kul\u00fcb\u00fcne verilen B\u00f6lge \u00dcst\u00fcn Hizmet \u00d6d\u00fclleri\u2019nde 2018\u20132019 D\u00f6nemi'nin en ba\u015far\u0131l\u0131 4. kul\u00fcb\u00fc oldu! Bu ba\u015far\u0131da eme\u011fi ge\u00e7en t\u00fcm \u00fcyelerimiz, ortaklar\u0131m\u0131z ve payda\u015flar\u0131m\u0131za te\u015fekk\u00fcrlerlerimizle. \u0130yi ki vars\u0131n\u0131z!&hellip;<\/p>\n\t\t\t\t\t\t\t\t\t\t\t\t\t\t<a href=\"https:\/\/www.bakirkoyrotaract.org\/tr\/bakirkoy-rotaract-kulubu-bolge-4-su\/\"\n\t\t\t\t\t\t\t   class=\"kc-post-2-button\">Devam\u0131n\u0131 Oku <i\n\t\t\t\t\t\t\t\t\tclass=\"fa fa-angle-right\" aria-hidden=\"true\"><\/i><\/a>\n\t\t\t\t\t\t\t\t\t\t\t\t\t<\/div>\n\n\t\t\t\t\t\n\t\t\t\t<\/div>\n\n\t\t\t\t\n\t\t\t\t<div class=\"kc-list-item-2\">\n\n\t\t\t\t\t\t\t\t\t\t\t\t\t\t\t\t\t\t<div class=\"post-item-left\">\n\t\t\t\t\t\t\t\t<figure>\n\t\t\t\t\t\t\t\t\t<img decoding=\"async\" src=\"https:\/\/www.bakirkoyrotaract.org\/tr\/wp-content\/uploads\/2018\/09\/WhatsApp-Image-2018-06-10-at-01.14.00-1-543x304xct.jpeg\"\n\t\t\t\t\t\t\t\t\t     alt=\"3. Olduk!\">\n\t\t\t\t\t\t\t\t<\/figure>\n\t\t\t\t\t\t\t<\/div>\n\t\t\t\t\t\t\t\t\t\t\t\t<div class=\"post-item-right\">\n\t\t\t\t\t\t\t<div class=\"post_details\">\n\t\t\t\t\t\t\t\t<h2 class=\"post-title-alt\"><a\n\t\t\t\t\t\t\t\t\t\thref=\"https:\/\/www.bakirkoyrotaract.org\/tr\/3-olduk\/\"\n\t\t\t\t\t\t\t\t\t\ttitle=\"3. Olduk!\">3. Olduk!<\/a>\n\t\t\t\t\t\t\t\t<\/h2>\n\n\t\t\t\t\t\t\t\t\t\t\t\t\t\t\t\t\t<div class=\"post-meta\">\n\t\t\t\t\t\t\t\t\t\t\t\t\t\t\t\t\t\t\t\t\t\t\t\t\t\t\t\t\t\t\t<span class=\"post-date\"><i class=\"fa fa-clock-o\"><\/i> <a\n\t\t\t\t\t\t\t\t\t\t\t\thref=\"https:\/\/www.bakirkoyrotaract.org\/tr\/2018\/07\/\">Temmuz 1 2018<\/a> <\/span>\n\t\t\t\t\t\t\t\t\t\t\t\t\t\t\t\t\t\t\t\t\t\t\t\t\t\t\t\t\t\t\t\t\t\t\t\t\t\t\t\t\t\t\t<span class=\"post-cats\"><i class=\"fa fa-folder-o\"\n\t\t\t\t\t\t\t\t\t\t\t\t                           aria-hidden=\"true\"><\/i> <a href=\"https:\/\/www.bakirkoyrotaract.org\/tr\/category\/haberler\/\" rel=\"category tag\">Haberler<\/a>, <a href=\"https:\/\/www.bakirkoyrotaract.org\/tr\/category\/odullerimiz\/\" rel=\"category tag\">\u00d6d\u00fcllerimiz<\/a><\/span>\n\t\t\t\t\t\t\t\t\t\t\t\t\t\t\t\t\t\t\t\t\t\t\t\t\t\t\t\t\t\t<\/div>\n\t\t\t\t\t\t\t\t\t\t\t\t\t\t\t<\/div>\n\t\t\t\t\t\t\t\t\t\t\t\t\t\t\t<p>Bu sene de ba\u015far\u0131m\u0131z\u0131 \u00f6d\u00fcl\u00fcm\u00fczle ta\u00e7land\u0131rd\u0131k. Bak\u0131rk\u00f6y Rotaract Kul\u00fcb\u00fc\u2019m\u00fcz her sene b\u00f6lgesinin en ba\u015far\u0131l\u0131 5 kul\u00fcb\u00fcne verilen B\u00f6lge \u00dcst\u00fcn Hizmet \u00d6d\u00fclleri\u2019nde bu sene de \u00f6d\u00fcl\u00fcn\u00fc ald\u0131, 2017\u20132018 D\u00f6nemi 3.\u2019l\u00fck \u00d6d\u00fcl\u00fc\u2019ne lay\u0131k g\u00f6r\u00fcld\u00fc. Daha nice \u00f6d\u00fcllere!&hellip;<\/p>\n\t\t\t\t\t\t\t\t\t\t\t\t\t\t<a href=\"https:\/\/www.bakirkoyrotaract.org\/tr\/3-olduk\/\"\n\t\t\t\t\t\t\t   class=\"kc-post-2-button\">Devam\u0131n\u0131 Oku <i\n\t\t\t\t\t\t\t\t\tclass=\"fa fa-angle-right\" aria-hidden=\"true\"><\/i><\/a>\n\t\t\t\t\t\t\t\t\t\t\t\t\t<\/div>\n\n\t\t\t\t\t\n\t\t\t\t<\/div>\n\n\t\t\t\t\n\t\t\t\t<div class=\"kc-list-item-2\">\n\n\t\t\t\t\t\t\t\t\t\t\t\t\t\t\t\t\t\t<div class=\"post-item-left\">\n\t\t\t\t\t\t\t\t<figure>\n\t\t\t\t\t\t\t\t\t<img decoding=\"async\" src=\"https:\/\/www.bakirkoyrotaract.org\/tr\/wp-content\/uploads\/2018\/09\/PHOTO-2017-06-03-22-55-33-543x304xct.jpg\"\n\t\t\t\t\t\t\t\t\t     alt=\"B\u00fcy\u00fck Proje \u00d6d\u00fcl\u00fc bizim!\">\n\t\t\t\t\t\t\t\t<\/figure>\n\t\t\t\t\t\t\t<\/div>\n\t\t\t\t\t\t\t\t\t\t\t\t<div class=\"post-item-right\">\n\t\t\t\t\t\t\t<div class=\"post_details\">\n\t\t\t\t\t\t\t\t<h2 class=\"post-title-alt\"><a\n\t\t\t\t\t\t\t\t\t\thref=\"https:\/\/www.bakirkoyrotaract.org\/tr\/buyuk-proje-odulu-bizim\/\"\n\t\t\t\t\t\t\t\t\t\ttitle=\"B\u00fcy\u00fck Proje \u00d6d\u00fcl\u00fc bizim!\">B\u00fcy\u00fck Proje \u00d6d\u00fcl\u00fc bizim!<\/a>\n\t\t\t\t\t\t\t\t<\/h2>\n\n\t\t\t\t\t\t\t\t\t\t\t\t\t\t\t\t\t<div class=\"post-meta\">\n\t\t\t\t\t\t\t\t\t\t\t\t\t\t\t\t\t\t\t\t\t\t\t\t\t\t\t\t\t\t\t<span class=\"post-date\"><i class=\"fa fa-clock-o\"><\/i> <a\n\t\t\t\t\t\t\t\t\t\t\t\thref=\"https:\/\/www.bakirkoyrotaract.org\/tr\/2017\/07\/\">Temmuz 1 2017<\/a> <\/span>\n\t\t\t\t\t\t\t\t\t\t\t\t\t\t\t\t\t\t\t\t\t\t\t\t\t\t\t\t\t\t\t\t\t\t\t\t\t\t\t\t\t\t\t<span class=\"post-cats\"><i class=\"fa fa-folder-o\"\n\t\t\t\t\t\t\t\t\t\t\t\t                           aria-hidden=\"true\"><\/i> <a href=\"https:\/\/www.bakirkoyrotaract.org\/tr\/category\/haberler\/\" rel=\"category tag\">Haberler<\/a>, <a href=\"https:\/\/www.bakirkoyrotaract.org\/tr\/category\/odullerimiz\/\" rel=\"category tag\">\u00d6d\u00fcllerimiz<\/a><\/span>\n\t\t\t\t\t\t\t\t\t\t\t\t\t\t\t\t\t\t\t\t\t\t\t\t\t\t\t\t\t\t<\/div>\n\t\t\t\t\t\t\t\t\t\t\t\t\t\t\t<\/div>\n\t\t\t\t\t\t\t\t\t\t\t\t\t\t\t<p>Sosyal Hizmetler \u00c7ocuk Esirgeme Kurumu b\u00fcnyesindeki k\u00fc\u00e7\u00fck karde\u015flerimize d\u00fczenledi\u011fimiz U\u00e7urtma \u015eenli\u011fi projemiz ile 2016-2017 D\u00f6nemi B\u00fcy\u00fck Proje \u00d6d\u00fcl\u00fc'n\u00fc kazand\u0131k. Projemizin ba\u015f\u0131ndan sonuna \u00fcst\u00fcn eme\u011fi ge\u00e7en t\u00fcm Bak\u0131rk\u00f6y Rotaract Kul\u00fcb\u00fc \u00fcyelerine, sponsorlar\u0131m\u0131za ve payda\u015flar\u0131m\u0131za sonsuz te\u015fekk\u00fcrler.&hellip;<\/p>\n\t\t\t\t\t\t\t\t\t\t\t\t\t\t<a href=\"https:\/\/www.bakirkoyrotaract.org\/tr\/buyuk-proje-odulu-bizim\/\"\n\t\t\t\t\t\t\t   class=\"kc-post-2-button\">Devam\u0131n\u0131 Oku <i\n\t\t\t\t\t\t\t\t\tclass=\"fa fa-angle-right\" aria-hidden=\"true\"><\/i><\/a>\n\t\t\t\t\t\t\t\t\t\t\t\t\t<\/div>\n\n\t\t\t\t\t\n\t\t\t\t<\/div>\n\n\t\t\t\t\n\t\t\t\t<div class=\"kc-list-item-2\">\n\n\t\t\t\t\t\t\t\t\t\t\t\t\t\t\t\t\t\t<div class=\"post-item-left\">\n\t\t\t\t\t\t\t\t<figure>\n\t\t\t\t\t\t\t\t\t<img decoding=\"async\" src=\"https:\/\/www.bakirkoyrotaract.org\/tr\/wp-content\/uploads\/2018\/09\/PHOTO-2016-06-05-11-42-26-1-543x304xct.jpg\"\n\t\t\t\t\t\t\t\t\t     alt=\"Bak\u0131rk\u00f6y Rotaract Kul\u00fcb\u00fc B\u00f6lge 3.&#8217;s\u00fc!\">\n\t\t\t\t\t\t\t\t<\/figure>\n\t\t\t\t\t\t\t<\/div>\n\t\t\t\t\t\t\t\t\t\t\t\t<div class=\"post-item-right\">\n\t\t\t\t\t\t\t<div class=\"post_details\">\n\t\t\t\t\t\t\t\t<h2 class=\"post-title-alt\"><a\n\t\t\t\t\t\t\t\t\t\thref=\"https:\/\/www.bakirkoyrotaract.org\/tr\/bakirkoy-rotaract-kulubu-bolge-3-su\/\"\n\t\t\t\t\t\t\t\t\t\ttitle=\"Bak\u0131rk\u00f6y Rotaract Kul\u00fcb\u00fc B\u00f6lge 3.&#8217;s\u00fc!\">Bak\u0131rk\u00f6y Rotaract Kul\u00fcb\u00fc B\u00f6lge 3.&#8217;s\u00fc!<\/a>\n\t\t\t\t\t\t\t\t<\/h2>\n\n\t\t\t\t\t\t\t\t\t\t\t\t\t\t\t\t\t<div class=\"post-meta\">\n\t\t\t\t\t\t\t\t\t\t\t\t\t\t\t\t\t\t\t\t\t\t\t\t\t\t\t\t\t\t\t<span class=\"post-date\"><i class=\"fa fa-clock-o\"><\/i> <a\n\t\t\t\t\t\t\t\t\t\t\t\thref=\"https:\/\/www.bakirkoyrotaract.org\/tr\/2016\/07\/\">Temmuz 1 2016<\/a> <\/span>\n\t\t\t\t\t\t\t\t\t\t\t\t\t\t\t\t\t\t\t\t\t\t\t\t\t\t\t\t\t\t\t\t\t\t\t\t\t\t\t\t\t\t\t<span class=\"post-cats\"><i class=\"fa fa-folder-o\"\n\t\t\t\t\t\t\t\t\t\t\t\t                           aria-hidden=\"true\"><\/i> <a href=\"https:\/\/www.bakirkoyrotaract.org\/tr\/category\/haberler\/\" rel=\"category tag\">Haberler<\/a>, <a href=\"https:\/\/www.bakirkoyrotaract.org\/tr\/category\/odullerimiz\/\" rel=\"category tag\">\u00d6d\u00fcllerimiz<\/a><\/span>\n\t\t\t\t\t\t\t\t\t\t\t\t\t\t\t\t\t\t\t\t\t\t\t\t\t\t\t\t\t\t<\/div>\n\t\t\t\t\t\t\t\t\t\t\t\t\t\t\t<\/div>\n\t\t\t\t\t\t\t\t\t\t\t\t\t\t\t<p>Kul\u00fcb\u00fcm\u00fcz her sene b\u00f6lgesinin en ba\u015far\u0131l\u0131 ilk 5 kul\u00fcb\u00fcne verilen B\u00f6lge \u00dcst\u00fcn Hizmet \u00d6d\u00fclleri'nde 2015-2016 D\u00f6nemi 3.'l\u00fck \u00d6d\u00fcl\u00fc'ne lay\u0131k g\u00f6r\u00fcld\u00fc. Bu ba\u015far\u0131da eme\u011fi ge\u00e7en t\u00fcm \u00fcyelerimiz, ortaklar\u0131m\u0131z ve payda\u015flar\u0131m\u0131za sonsuz te\u015fekk\u00fcrler. Birlikte daha nice \u00f6d\u00fcllere!&hellip;<\/p>\n\t\t\t\t\t\t\t\t\t\t\t\t\t\t<a href=\"https:\/\/www.bakirkoyrotaract.org\/tr\/bakirkoy-rotaract-kulubu-bolge-3-su\/\"\n\t\t\t\t\t\t\t   class=\"kc-post-2-button\">Devam\u0131n\u0131 Oku <i\n\t\t\t\t\t\t\t\t\tclass=\"fa fa-angle-right\" aria-hidden=\"true\"><\/i><\/a>\n\t\t\t\t\t\t\t\t\t\t\t\t\t<\/div>\n\n\t\t\t\t\t\n\t\t\t\t<\/div>\n\n\t\t\t\t\n\t\n<\/div>\n<\/div><\/div><\/div><\/div><\/section>\n","protected":false},"excerpt":{"rendered":"","protected":false},"author":2,"featured_media":0,"parent":0,"menu_order":0,"comment_status":"closed","ping_status":"closed","template":"","meta":{"footnotes":""},"class_list":["post-10001","page","type-page","status-publish","hentry"],"_links":{"self":[{"href":"https:\/\/www.bakirkoyrotaract.org\/tr\/wp-json\/wp\/v2\/pages\/10001","targetHints":{"allow":["GET"]}}],"collection":[{"href":"https:\/\/www.bakirkoyrotaract.org\/tr\/wp-json\/wp\/v2\/pages"}],"about":[{"href":"https:\/\/www.bakirkoyrotaract.org\/tr\/wp-json\/wp\/v2\/types\/page"}],"author":[{"embeddable":true,"href":"https:\/\/www.bakirkoyrotaract.org\/tr\/wp-json\/wp\/v2\/users\/2"}],"replies":[{"embeddable":true,"href":"https:\/\/www.bakirkoyrotaract.org\/tr\/wp-json\/wp\/v2\/comments?post=10001"}],"version-history":[{"count":7,"href":"https:\/\/www.bakirkoyrotaract.org\/tr\/wp-json\/wp\/v2\/pages\/10001\/revisions"}],"predecessor-version":[{"id":10040,"href":"https:\/\/www.bakirkoyrotaract.org\/tr\/wp-json\/wp\/v2\/pages\/10001\/revisions\/10040"}],"wp:attachment":[{"href":"https:\/\/www.bakirkoyrotaract.org\/tr\/wp-json\/wp\/v2\/media?parent=10001"}],"curies":[{"name":"wp","href":"https:\/\/api.w.org\/{rel}","templated":true}]}}