{"id":5102,"date":"2018-08-13T23:17:06","date_gmt":"2018-08-13T20:17:06","guid":{"rendered":"http:\/\/www.bakirkoyrotaract.org\/tr\/?page_id=5102"},"modified":"2018-10-04T16:55:45","modified_gmt":"2018-10-04T13:55:45","slug":"uyelik-gelisim-ana-komitesi","status":"publish","type":"page","link":"http:\/\/www.bakirkoyrotaract.org\/tr\/uyelik-gelisim-ana-komitesi\/","title":{"rendered":"\u00dcyelik Geli\u015fim Ana Komitesi"},"content":{"rendered":"<section class=\"kc-elm kc-css-786479 kc_row xt_kc_row_has_container xt_kc_row_has_padding\"><div class=\"kc-row-container  kc-container\"><div class=\"kc-wrap-columns\"><div class=\"kc-elm kc-css-395285 kc_col-sm-12 kc_column kc_col-sm-12\"><div class=\"kc-col-container\">        <div class=\"sec-title text-center section-title-margin-bottom-medium section-title-color-default\">\n            <h2>\u00dcyelik Geli\u015fim Ana Komitesi<\/h2>        <\/div>\n\n\t\t<div class=\"kc-elm kc-css-407281 kc_text_block\"><\/p>\n<p>\u00dcyelik Geli\u015fim Ana Komitesi&#039;nin temel g\u00f6revi kul\u00fcb\u00fcn \u00fcye say\u0131s\u0131n\u0131 ve mevcut \u00fcyelerin kalitesini art\u0131rmakt\u0131r. Komite \u00f6\u011frenci\/\u00e7al\u0131\u015fan, kad\u0131n\/erkek ve farkl\u0131 meslek gruplar\u0131n\u0131n da\u011f\u0131l\u0131m\u0131 a\u00e7\u0131s\u0131dan dengeli bir \u00fcye portf\u00f6y\u00fc olu\u015fturmal\u0131d\u0131r. \u00dcyelik ba\u015fvurusunda bulunan misafirlerin de\u011ferlendirilmesi, adayl\u0131k s\u00fcrecinin y\u00f6netilmesi, aday \u00fcyelerin bu s\u00fcre\u00e7te gerekli \u00f6zellikleri edinmesini sa\u011flayacak e\u011fitimlerin verilmesi ve mevcut \u00fcyelerin \u00fcyelik kalitesini art\u0131r\u0131c\u0131 e\u011fitimlerin d\u00fczenlenmesi \u00dcyelik Geli\u015fim Ana Komitesi sorumlulu\u011fundad\u0131r. Ayr\u0131ca komite kul\u00fcp mevcudunu art\u0131r\u0131c\u0131 tan\u0131t\u0131m projelerinde de Halkla \u0130li\u015fkiler Ana Komitesi ile koordineli \u00e7al\u0131\u015fmal\u0131d\u0131r.<\/p>\n<p style=\"text-align: center;\"><a href=\"http:\/\/www.bakirkoyrotaract.org\/tr\/uyelik-gelisim-ana-komitesi-arsivi\/\">\u00dcyelik Geli\u015fim Komitesi Proje Ar\u015fivi i\u00e7in T\u0131klay\u0131n\u0131z<\/a><\/p>\n<p>\n<\/div><\/div><\/div><\/div><\/div><\/section>\n","protected":false},"excerpt":{"rendered":"","protected":false},"author":1,"featured_media":0,"parent":0,"menu_order":0,"comment_status":"closed","ping_status":"closed","template":"","meta":{"footnotes":""},"class_list":["post-5102","page","type-page","status-publish","hentry"],"_links":{"self":[{"href":"http:\/\/www.bakirkoyrotaract.org\/tr\/wp-json\/wp\/v2\/pages\/5102","targetHints":{"allow":["GET"]}}],"collection":[{"href":"http:\/\/www.bakirkoyrotaract.org\/tr\/wp-json\/wp\/v2\/pages"}],"about":[{"href":"http:\/\/www.bakirkoyrotaract.org\/tr\/wp-json\/wp\/v2\/types\/page"}],"author":[{"embeddable":true,"href":"http:\/\/www.bakirkoyrotaract.org\/tr\/wp-json\/wp\/v2\/users\/1"}],"replies":[{"embeddable":true,"href":"http:\/\/www.bakirkoyrotaract.org\/tr\/wp-json\/wp\/v2\/comments?post=5102"}],"version-history":[{"count":3,"href":"http:\/\/www.bakirkoyrotaract.org\/tr\/wp-json\/wp\/v2\/pages\/5102\/revisions"}],"predecessor-version":[{"id":7106,"href":"http:\/\/www.bakirkoyrotaract.org\/tr\/wp-json\/wp\/v2\/pages\/5102\/revisions\/7106"}],"wp:attachment":[{"href":"http:\/\/www.bakirkoyrotaract.org\/tr\/wp-json\/wp\/v2\/media?parent=5102"}],"curies":[{"name":"wp","href":"https:\/\/api.w.org\/{rel}","templated":true}]}}