{"id":3508,"date":"2018-02-12T19:26:06","date_gmt":"2018-02-12T16:26:06","guid":{"rendered":"http:\/\/humane.xoothemes.com\/?page_id=3508"},"modified":"2018-11-28T14:09:31","modified_gmt":"2018-11-28T11:09:31","slug":"bultenler","status":"publish","type":"page","link":"http:\/\/www.bakirkoyrotaract.org\/tr\/bultenler\/","title":{"rendered":"B\u00fcltenler"},"content":{"rendered":"<p><section class=\"kc-elm kc-css-525911 kc_row xt_kc_row_has_container xt_kc_row_has_padding\"><div class=\"kc-row-container  kc-container\"><div class=\"kc-wrap-columns\"><div class=\"kc-elm kc-css-91505 kc_col-sm-4 kc_column kc_col-sm-4\"><div class=\"kc-col-container\">\n<div class=\"kc-elm kc-css-319145 kc-title-wrap \">\n\n\t<h3 class=\"kc_title\">2011-2012<\/h3>\n<\/div>\n\n<div class=\"kc-elm kc-css-935103\">\n\t<a class=\"kc_button xt-theme-primary-btn btn btn-common\" href=\"#\" target=\"_self\" title=\"\" onclick=\"\">\n\t\t<i class=\"fa-file-pdf\"><\/i> 21.03.2012 \/ Toplant\u0131 14\/14 \/ B\u00fclten 7\t<\/a>\n<\/div>\n\n<div class=\"kc-elm kc-css-784523\">\n\t<a class=\"kc_button xt-theme-primary-btn btn btn-common\" href=\"#\" target=\"_self\" title=\"\" onclick=\"\">\n\t\t<i class=\"fa-file-pdf\"><\/i> 15.05.2012  \/  Toplant\u0131 13\/13  \/  B\u00fclten 6\t<\/a>\n<\/div>\n\n<div class=\"kc-elm kc-css-835136\">\n\t<a class=\"kc_button xt-theme-primary-btn btn btn-common\" href=\"#\" target=\"_self\" title=\"\" onclick=\"\">\n\t\t<i class=\"fa-file-pdf\"><\/i> 12.04.2012  \/  Toplant\u0131 12\/12  \/  B\u00fclten 5\t<\/a>\n<\/div>\n\n<div class=\"kc-elm kc-css-357348\">\n\t<a class=\"kc_button xt-theme-primary-btn btn btn-common\" href=\"#\" target=\"_self\" title=\"\" onclick=\"\">\n\t\t<i class=\"fa-file-pdf\"><\/i> 05.04.2012  \/  Toplant\u0131 11\/11  \/  B\u00fclten 4\t<\/a>\n<\/div>\n\n<div class=\"kc-elm kc-css-276612\">\n\t<a class=\"kc_button xt-theme-primary-btn btn btn-common\" href=\"#\" target=\"_self\" title=\"\" onclick=\"\">\n\t\t<i class=\"fa-file-pdf\"><\/i> 22.03.2012  \/  Toplant\u0131 10\/10  \/  B\u00fclten 3\t<\/a>\n<\/div>\n\n<div class=\"kc-elm kc-css-255189\">\n\t<a class=\"kc_button xt-theme-primary-btn btn btn-common\" href=\"#\" target=\"_self\" title=\"\" onclick=\"\">\n\t\t<i class=\"fa-file-pdf\"><\/i> 14.03.2012  \/  Toplant\u0131 9\/9  \/  B\u00fclten 2\t<\/a>\n<\/div>\n\n<div class=\"kc-elm kc-css-963171\">\n\t<a class=\"kc_button xt-theme-primary-btn btn btn-common\" href=\"#\" target=\"_self\" title=\"\" onclick=\"\">\n\t\t<i class=\"fa-file-pdf\"><\/i> 07.03.2012  \/  Toplant\u0131 8\/8  \/  B\u00fclten 1\t<\/a>\n<\/div>\n<\/div><\/div><div class=\"kc-elm kc-css-801701 kc_col-sm-4 kc_column kc_col-sm-4\"><div class=\"kc-col-container\">\n<div class=\"kc-elm kc-css-75721 kc-title-wrap \">\n\n\t<h3 class=\"kc_title\">2012-2013<\/h3>\n<\/div>\n\n<div class=\"kc-elm kc-css-50975\">\n\t<a class=\"kc_button xt-theme-primary-btn btn btn-common\" href=\"http:\/\/bakirkoyrotaract.org\/bultenler\/Bulten25-Toplant\u013126-39-16.05.13.pdf\" target=\"_self\" title=\"\" onclick=\"\">\n\t\t<i class=\"fa-file-pdf\"><\/i>  16.05.2013  \/  Toplant\u0131 26\/37  \/  B\u00fclten 25\t<\/a>\n<\/div>\n\n<div class=\"kc-elm kc-css-777857\">\n\t<a class=\"kc_button xt-theme-primary-btn btn btn-common\" href=\"http:\/\/bakirkoyrotaract.org\/bultenler\/Bulten24-Toplant\u013125-39-06.05.13.pdf\" target=\"_self\" title=\"\" onclick=\"\">\n\t\t<i class=\"fa-file-pdf\"><\/i> 06.05.2013  \/  Toplant\u0131 25\/37  \/  B\u00fclten 24\t<\/a>\n<\/div>\n\n<div class=\"kc-elm kc-css-33696\">\n\t<a class=\"kc_button xt-theme-primary-btn btn btn-common\" href=\"http:\/\/bakirkoyrotaract.org\/bultenler\/Bulten23-Toplant\u013124-38-18.04.13.pdf\" target=\"_self\" title=\"\" onclick=\"\">\n\t\t<i class=\"fa-file-pdf\"><\/i> 18.04.2013  \/  Toplant\u0131 24\/37  \/  B\u00fclten 23\t<\/a>\n<\/div>\n\n<div class=\"kc-elm kc-css-60398\">\n\t<a class=\"kc_button xt-theme-primary-btn btn btn-common\" href=\"http:\/\/bakirkoyrotaract.org\/bultenler\/Bulten22-Toplant\u013123-37-04.04.13.pdf\" target=\"_self\" title=\"\" onclick=\"\">\n\t\t<i class=\"fa-file-pdf\"><\/i> 04.04.2013  \/  Toplant\u0131 23\/37  \/  B\u00fclten 22\t<\/a>\n<\/div>\n\n<div class=\"kc-elm kc-css-10536\">\n\t<a class=\"kc_button xt-theme-primary-btn btn btn-common\" href=\"http:\/\/bakirkoyrotaract.org\/bultenler\/Bulten21-Toplant\u013122-36-21.03.13.pdf\" target=\"_self\" title=\"\" onclick=\"\">\n\t\t<i class=\"fa-file-pdf\"><\/i> 21.03.2013  \/  Toplant\u0131 22\/36  \/  B\u00fclten 21\t<\/a>\n<\/div>\n\n<div class=\"kc-elm kc-css-765441\">\n\t<a class=\"kc_button xt-theme-primary-btn btn btn-common\" href=\"http:\/\/bakirkoyrotaract.org\/bultenler\/Bulten20-Toplant\u013121-35-15.03.13.pdf\" target=\"_self\" title=\"\" onclick=\"\">\n\t\t<i class=\"fa-file-pdf\"><\/i> 15.03.2013  \/  Toplant\u0131 21\/35  \/  B\u00fclten 20\t<\/a>\n<\/div>\n\n<div class=\"kc-elm kc-css-370323\">\n\t<a class=\"kc_button xt-theme-primary-btn btn btn-common\" href=\"http:\/\/bakirkoyrotaract.org\/bultenler\/\" target=\"_self\" title=\"(Istanbul-Bak\u0131rk\u00f6y RAC &amp; H\u0131rvatistan-Zagreb Centar RAC Ortak B\u00fclten)\" onclick=\"\">\n\t\t<i class=\"fa-file-pdf\"><\/i> 07.03.2013  \/  Toplant\u0131 20\/34  \/  B\u00fclten 19\t<\/a>\n<\/div>\n\n<div class=\"kc-elm kc-css-972412\">\n\t<a class=\"kc_button xt-theme-primary-btn btn btn-common\" href=\"http:\/\/bakirkoyrotaract.org\/bultenler\/Bulten18-Toplant\u013119-33-28.02.13.pdf\" target=\"_self\" title=\"\" onclick=\"\">\n\t\t<i class=\"fa-file-pdf\"><\/i> 28.02.2013  \/  Toplant\u0131 19\/33  \/  B\u00fclten 18\t<\/a>\n<\/div>\n\n<div class=\"kc-elm kc-css-520366\">\n\t<a class=\"kc_button xt-theme-primary-btn btn btn-common\" href=\"http:\/\/bakirkoyrotaract.org\/bultenler\/Bulten17-Toplant\u013118-32-21.02.13.pdf\" target=\"_self\" title=\"\" onclick=\"\">\n\t\t<i class=\"fa-file-pdf\"><\/i>  21.02.2013  \/  Toplant\u0131 18\/32  \/  B\u00fclten 17\t<\/a>\n<\/div>\n\n<div class=\"kc-elm kc-css-763634\">\n\t<a class=\"kc_button xt-theme-primary-btn btn btn-common\" href=\"http:\/\/bakirkoyrotaract.org\/bultenler\/Bulten16-Toplant\u013117-31-01.02.13.pdf\" target=\"_self\" title=\"(Istanbul-Bak\u0131rk\u00f6y RAC &amp; L\u00fcbnan-Sahel Metn RAC Ortak B\u00fclten)\" onclick=\"\">\n\t\t<i class=\"fa-file-pdf\"><\/i> 01.02.2013  \/  Toplant\u0131 17\/31  \/  B\u00fclten 16  \t<\/a>\n<\/div>\n\n<div class=\"kc-elm kc-css-398930\">\n\t<a class=\"kc_button xt-theme-primary-btn btn btn-common\" href=\"http:\/\/bakirkoyrotaract.org\/bultenler\/Bulten15-Toplant\u013116-30-24.01.13.pdf\" target=\"_self\" title=\"\" onclick=\"\">\n\t\t<i class=\"fa-file-pdf\"><\/i> 24.01.2013  \/  Toplant\u0131 16\/30  \/  B\u00fclten 15\t<\/a>\n<\/div>\n\n<div class=\"kc-elm kc-css-981631\">\n\t<a class=\"kc_button xt-theme-primary-btn btn btn-common\" href=\"http:\/\/bakirkoyrotaract.org\/bultenler\/Bulten14-Toplant\u013114-28-10.01.13.pdf\" target=\"_self\" title=\"\" onclick=\"\">\n\t\t<i class=\"fa-file-pdf\"><\/i>   10.01.2013  \/  Toplant\u0131 14\/28  \/  B\u00fclten 14\t<\/a>\n<\/div>\n\n<div class=\"kc-elm kc-css-304966\">\n\t<a class=\"kc_button xt-theme-primary-btn btn btn-common\" href=\"http:\/\/bakirkoyrotaract.org\/bultenler\/Bulten13-Toplant\u013113-27-03.01.13.pdf\" target=\"_self\" title=\"\" onclick=\"\">\n\t\t<i class=\"fa-file-pdf\"><\/i> 03.01.2012  \/  Toplant\u0131 13\/27  \/  B\u00fclten 13\t<\/a>\n<\/div>\n\n<div class=\"kc-elm kc-css-395982\">\n\t<a class=\"kc_button xt-theme-primary-btn btn btn-common\" href=\"http:\/\/bakirkoyrotaract.org\/bultenler\/Bulten12-Toplant\u013112-26-20.12.12.pdf\" target=\"_self\" title=\"\" onclick=\"\">\n\t\t<i class=\"fa-file-pdf\"><\/i>  20.12.2012  \/  Toplant\u0131 12\/26  \/  B\u00fclten 12\t<\/a>\n<\/div>\n\n<div class=\"kc-elm kc-css-216227\">\n\t<a class=\"kc_button xt-theme-primary-btn btn btn-common\" href=\"http:\/\/bakirkoyrotaract.org\/bultenler\/Bulten11-Toplant\u013111-25-07.12.12.pdf\" target=\"_self\" title=\"\" onclick=\"\">\n\t\t<i class=\"fa-file-pdf\"><\/i>  07.12.2012  \/  Toplant\u0131 11\/25  \/  B\u00fclten 11\t<\/a>\n<\/div>\n\n<div class=\"kc-elm kc-css-507746\">\n\t<a class=\"kc_button xt-theme-primary-btn btn btn-common\" href=\"http:\/\/bakirkoyrotaract.org\/bultenler\/Bulten10-Toplant\u013110-24-28.11.12.pdf\" target=\"_self\" title=\"\" onclick=\"\">\n\t\t<i class=\"fa-file-pdf\"><\/i> 29.11.2012  \/  Toplant\u0131 10\/24  \/  B\u00fclten 10\t<\/a>\n<\/div>\n\n<div class=\"kc-elm kc-css-238696\">\n\t<a class=\"kc_button xt-theme-primary-btn btn btn-common\" href=\"http:\/\/bakirkoyrotaract.org\/bultenler\/Bulten9-Toplant\u01319-23-15.11.12.pdf\" target=\"_self\" title=\"\" onclick=\"\">\n\t\t<i class=\"fa-file-pdf\"><\/i> 15.11.2012  \/  Toplant\u0131 9\/23  \/  B\u00fclten 9\t<\/a>\n<\/div>\n\n<div class=\"kc-elm kc-css-844954\">\n\t<a class=\"kc_button xt-theme-primary-btn btn btn-common\" href=\"http:\/\/bakirkoyrotaract.org\/bultenler\/Bulten8-Toplant\u01318-22-01.11.12.pdf\" target=\"_self\" title=\"\" onclick=\"\">\n\t\t<i class=\"fa-file-pdf\"><\/i> 01.11.2012  \/  Toplant\u0131 8\/22  \/  B\u00fclten 8\t<\/a>\n<\/div>\n\n<div class=\"kc-elm kc-css-464320\">\n\t<a class=\"kc_button xt-theme-primary-btn btn btn-common\" href=\"#\" onclick=\"\">\n\t\t<i class=\"fa-file-pdf\"><\/i> 18.10.2012  \/  Toplant\u0131 7\/21  \/  B\u00fclten 7\t<\/a>\n<\/div>\n\n<div class=\"kc-elm kc-css-239189\">\n\t<a class=\"kc_button xt-theme-primary-btn btn btn-common\" href=\"#\" onclick=\"\">\n\t\t<i class=\"fa-file-pdf\"><\/i> 05.10.2012  \/  Toplant\u0131 6\/20  \/  B\u00fclten 6\t<\/a>\n<\/div>\n\n<div class=\"kc-elm kc-css-425910\">\n\t<a class=\"kc_button xt-theme-primary-btn btn btn-common\" href=\"#\" onclick=\"\">\n\t\t<i class=\"fa-file-pdf\"><\/i> 20.09.2012  \/  Toplant\u0131 5\/19  \/  B\u00fclten 5\t<\/a>\n<\/div>\n\n<div class=\"kc-elm kc-css-34458\">\n\t<a class=\"kc_button xt-theme-primary-btn btn btn-common\" href=\"#\" onclick=\"\">\n\t\t<i class=\"fa-file-pdf\"><\/i> 06.09.2012  \/  Toplant\u0131 4\/18  \/  B\u00fclten 4\t<\/a>\n<\/div>\n\n<div class=\"kc-elm kc-css-134137\">\n\t<a class=\"kc_button xt-theme-primary-btn btn btn-common\" href=\"#\" onclick=\"\">\n\t\t<i class=\"fa-file-pdf\"><\/i> 28.08.2012  \/  Toplant\u0131 3\/17  \/  B\u00fclten 3\t<\/a>\n<\/div>\n\n<div class=\"kc-elm kc-css-508016\">\n\t<a class=\"kc_button xt-theme-primary-btn btn btn-common\" href=\"#\" onclick=\"\">\n\t\t<i class=\"fa-file-pdf\"><\/i> 03.08.2012  \/  Toplant\u0131 2\/16  \/  B\u00fclten 2\t<\/a>\n<\/div>\n\n<div class=\"kc-elm kc-css-698755\">\n\t<a class=\"kc_button xt-theme-primary-btn btn btn-common\" href=\"#\" onclick=\"\">\n\t\t<i class=\"fa-file-pdf\"><\/i> 11.07.2012  \/  Toplant\u0131 1\/15  \/  B\u00fclten 1\t<\/a>\n<\/div>\n<\/div><\/div><div class=\"kc-elm kc-css-462739 kc_col-sm-4 kc_column kc_col-sm-4\"><div class=\"kc-col-container\">\n<div class=\"kc-elm kc-css-351142 kc-title-wrap \">\n\n\t<h3 class=\"kc_title\">2013-2014<\/h3>\n<\/div>\n\n<div class=\"kc-elm kc-css-534968\">\n\t<a class=\"kc_button xt-theme-primary-btn btn btn-common\" href=\"http:\/\/bakirkoyrotaract.org\/bultenler\/29.05.2014-Toplant\u0131-24-65-B\u00fclten24.pdf\" target=\"_self\" title=\"\" onclick=\"\">\n\t\t<i class=\"fa-file-pdf\"><\/i>  29.05.2014  \/  Toplant\u0131 24\/65  \/  B\u00fclten24\t<\/a>\n<\/div>\n\n<div class=\"kc-elm kc-css-954466\">\n\t<a class=\"kc_button xt-theme-primary-btn btn btn-common\" href=\"http:\/\/bakirkoyrotaract.org\/bultenler\/08.05.2014-Toplant\u0131-23-64-B\u00fclten23.pdf\" target=\"_self\" title=\"08.05.2014 \/ Toplant\u0131 23 \/ 64 \/ B\u00fclten 23\" onclick=\"\">\n\t\t<i class=\"fa-file-pdf\"><\/i> 08.05.2014 \/ Toplant\u0131 23 \/ 64 \/ B\u00fclten 23\t<\/a>\n<\/div>\n\n<div class=\"kc-elm kc-css-22224\">\n\t<a class=\"kc_button xt-theme-primary-btn btn btn-common\" href=\"http:\/\/bakirkoyrotaract.org\/bultenler\/17.04.2014-Toplant\u0131-22-63-B\u00fclten22.pdf\" target=\"_self\" title=\"\" onclick=\"\">\n\t\t<i class=\"fa-file-pdf\"><\/i>  17.04.2014  \/  Toplant\u0131 22\/63  \/  B\u00fclten22\t<\/a>\n<\/div>\n\n<div class=\"kc-elm kc-css-130504\">\n\t<a class=\"kc_button xt-theme-primary-btn btn btn-common\" href=\"http:\/\/bakirkoyrotaract.org\/bultenler\/10.04.2014-Toplant\u0131-21-62-B\u00fclten21.pdf\" target=\"_self\" title=\"10.04.2014 \/ Toplant\u0131 21 \/ 62 \/ B\u00fclten 21\" onclick=\"\">\n\t\t<i class=\"fa-file-pdf\"><\/i> 10.04.2014 \/ Toplant\u0131 21 \/ 62 \/ B\u00fclten 21\t<\/a>\n<\/div>\n\n<div class=\"kc-elm kc-css-927072\">\n\t<a class=\"kc_button xt-theme-primary-btn btn btn-common\" href=\"http:\/\/bakirkoyrotaract.org\/bultenler\/20.03.2014-Toplant\u0131-20-61-B\u00fclten20.pdf\" target=\"_self\" title=\"\" onclick=\"\">\n\t\t<i class=\"fa-file-pdf\"><\/i> 20.03.2014  \/  Toplant\u0131 20\/61  \/  B\u00fclten20\t<\/a>\n<\/div>\n\n<div class=\"kc-elm kc-css-852630\">\n\t<a class=\"kc_button xt-theme-primary-btn btn btn-common\" href=\"http:\/\/bakirkoyrotaract.org\/bultenler\/13.03.2014-Toplant\u0131-19-60-B\u00fclten19.pdf\" target=\"_self\" title=\"\" onclick=\"\">\n\t\t<i class=\"fa-file-pdf\"><\/i> 13.03.2014  \/  Toplant\u0131 19\/60  \/  B\u00fclten19\t<\/a>\n<\/div>\n\n<div class=\"kc-elm kc-css-521346\">\n\t<a class=\"kc_button xt-theme-primary-btn btn btn-common\" href=\"http:\/\/bakirkoyrotaract.org\/bultenler\/05.03.2014-Toplant\u0131-18-59-B\u00fclten18.pdf\" target=\"_self\" title=\"05.03.2014 \/ Toplant\u013118 \/ 59 \/ B\u00fclten18\" onclick=\"\">\n\t\t<i class=\"fa-file-pdf\"><\/i> 05.03.2014 \/ Toplant\u013118 \/ 59 \/ B\u00fclten18\t<\/a>\n<\/div>\n\n<div class=\"kc-elm kc-css-772718\">\n\t<a class=\"kc_button xt-theme-primary-btn btn btn-common\" href=\"http:\/\/bakirkoyrotaract.org\/bultenler\/27.02.2014-Toplant\u0131-17-58-B\u00fclten17.pdf\" target=\"_self\" title=\"\" onclick=\"\">\n\t\t<i class=\"fa-file-pdf\"><\/i>  27.02.2014  \/  Toplant\u0131 17\/58  \/  B\u00fclten17\t<\/a>\n<\/div>\n\n<div class=\"kc-elm kc-css-159859\">\n\t<a class=\"kc_button xt-theme-primary-btn btn btn-common\" href=\"http:\/\/bakirkoyrotaract.org\/bultenler\/30.01.2014-Toplant\u0131-15-56-B\u00fclten15.pdf\" target=\"_self\" title=\"\" onclick=\"\">\n\t\t<i class=\"fa-file-pdf\"><\/i>  30.01.2014  \/  Toplant\u0131 15\/56  \/  B\u00fclten15 \t<\/a>\n<\/div>\n\n<div class=\"kc-elm kc-css-8800\">\n\t<a class=\"kc_button xt-theme-primary-btn btn btn-common\" href=\"http:\/\/bakirkoyrotaract.org\/bultenler\/16.01.2014-Toplant\u0131-14-55-B\u00fclten14.pdf\" target=\"_self\" title=\"\" onclick=\"\">\n\t\t<i class=\"fa-file-pdf\"><\/i> 16.01.2014  \/  Toplant\u0131 14\/55  \/  B\u00fclten14\t<\/a>\n<\/div>\n\n<div class=\"kc-elm kc-css-965119\">\n\t<a class=\"kc_button xt-theme-primary-btn btn btn-common\" href=\"http:\/\/bakirkoyrotaract.org\/bultenler\/26.12.2013-Toplant\u0131-13-54-B\u00fclten13.pdf\" target=\"_self\" title=\"\" onclick=\"\">\n\t\t<i class=\"fa-file-pdf\"><\/i> 26.12.2013  \/  Toplant\u0131 13\/54  \/  B\u00fclten13\t<\/a>\n<\/div>\n\n<div class=\"kc-elm kc-css-718769\">\n\t<a class=\"kc_button xt-theme-primary-btn btn btn-common\" href=\"http:\/\/bakirkoyrotaract.org\/bultenler\/17.12.2013-Toplant\u0131-12-53-B\u00fclten12.pdf\" target=\"_self\" title=\"\" onclick=\"\">\n\t\t<i class=\"fa-file-pdf\"><\/i> 17.12.2013  \/  Toplant\u0131 12\/53  \/  B\u00fclten12\t<\/a>\n<\/div>\n\n<div class=\"kc-elm kc-css-463883\">\n\t<a class=\"kc_button xt-theme-primary-btn btn btn-common\" href=\"http:\/\/bakirkoyrotaract.org\/bultenler\/22.11.2013-Toplant\u0131-11-52-B\u00fclten11.pdf\" target=\"_self\" title=\"\" onclick=\"\">\n\t\t<i class=\"fa-file-pdf\"><\/i> 22.11.2013  \/  Toplant\u0131 11\/52  \/  B\u00fclten11\t<\/a>\n<\/div>\n\n<div class=\"kc-elm kc-css-874436\">\n\t<a class=\"kc_button xt-theme-primary-btn btn btn-common\" href=\"http:\/\/bakirkoyrotaract.org\/bultenler\/21.11.2013-Toplant\u0131-10-51-B\u00fclten10.pdf\" target=\"_self\" title=\"\" onclick=\"\">\n\t\t<i class=\"fa-file-pdf\"><\/i> 21.11.2013  \/  Toplant\u0131 10\/51  \/  B\u00fclten10\t<\/a>\n<\/div>\n\n<div class=\"kc-elm kc-css-810286\">\n\t<a class=\"kc_button xt-theme-primary-btn btn btn-common\" href=\"http:\/\/bakirkoyrotaract.org\/bultenler\/13.11.2013-Toplant\u0131-9-50-B\u00fclten9.pdf\" target=\"_self\" title=\"\" onclick=\"\">\n\t\t<i class=\"fa-file-pdf\"><\/i> 13.11.2013  \/  Toplant\u0131 9\/50  \/  B\u00fclten9\t<\/a>\n<\/div>\n\n<div class=\"kc-elm kc-css-250776\">\n\t<a class=\"kc_button xt-theme-primary-btn btn btn-common\" href=\"http:\/\/bakirkoyrotaract.org\/bultenler\/07.11.2013-Toplant\u0131-8-49-B\u00fclten8.pdf\" target=\"_self\" title=\"07.11.2013 \/ Toplant\u0131 8 \/ 49 \/ B\u00fclten 8\" onclick=\"\">\n\t\t<i class=\"fa-file-pdf\"><\/i> 07.11.2013 \/ Toplant\u0131 8 \/ 49 \/ B\u00fclten 8\t<\/a>\n<\/div>\n\n<div class=\"kc-elm kc-css-699390\">\n\t<a class=\"kc_button xt-theme-primary-btn btn btn-common\" href=\"http:\/\/bakirkoyrotaract.org\/bultenler\/22.10.2013-Toplant\u0131-7-48-B\u00fclten7.pdf\" target=\"_self\" title=\"\" onclick=\"\">\n\t\t<i class=\"fa-file-pdf\"><\/i> 22.10.2013  \/  Toplant\u0131 7\/48  \/  B\u00fclten7\t<\/a>\n<\/div>\n\n<div class=\"kc-elm kc-css-30127\">\n\t<a class=\"kc_button xt-theme-primary-btn btn btn-common\" href=\"http:\/\/bakirkoyrotaract.org\/bultenler\/03.10.2013-Toplant\u01316-47-B\u00fclten6.pdf\" target=\"_self\" title=\"\" onclick=\"\">\n\t\t<i class=\"fa-file-pdf\"><\/i> 03.10.2013  \/  Toplant\u0131 6-47  \/  B\u00fclten 6\t<\/a>\n<\/div>\n\n<div class=\"kc-elm kc-css-375490\">\n\t<a class=\"kc_button xt-theme-primary-btn btn btn-common\" href=\"http:\/\/bakirkoyrotaract.org\/bultenler\/\" target=\"_self\" title=\"\" onclick=\"\">\n\t\t<i class=\"fa-file-pdf\"><\/i> 03.10.2013  \/  Toplant\u0131 5\/46  \/  B\u00fclten5\t<\/a>\n<\/div>\n\n<div class=\"kc-elm kc-css-875826\">\n\t<a class=\"kc_button xt-theme-primary-btn btn btn-common\" href=\"http:\/\/bakirkoyrotaract.org\/bultenler\/28.08.2013-Toplant\u01314-45-B\u00fclten4.pdf\" target=\"_self\" title=\"\" onclick=\"\">\n\t\t<i class=\"fa-file-pdf\"><\/i>  28.08.2013  \/  Toplant\u0131 4\/45  \/  B\u00fclten4\t<\/a>\n<\/div>\n\n<div class=\"kc-elm kc-css-162224\">\n\t<a class=\"kc_button xt-theme-primary-btn btn btn-common\" href=\"http:\/\/bakirkoyrotaract.org\/bultenler\/\" target=\"_self\" title=\"\" onclick=\"\">\n\t\t<i class=\"fa-file-pdf\"><\/i> 15.08.2013  \/  Toplant\u0131 3\/44  \/  B\u00fclten3\t<\/a>\n<\/div>\n\n<div class=\"kc-elm kc-css-736731\">\n\t<a class=\"kc_button xt-theme-primary-btn btn btn-common\" href=\"http:\/\/bakirkoyrotaract.org\/bultenler\/23.07.2013-Toplant\u01312-43-B\u00fclten2.pdf\" target=\"_self\" title=\"\" onclick=\"\">\n\t\t<i class=\"fa-file-pdf\"><\/i> 23.07.2013  \/  Toplant\u0131 2\/43  \/  B\u00fclten2\t<\/a>\n<\/div>\n\n<div class=\"kc-elm kc-css-777931\">\n\t<a class=\"kc_button xt-theme-primary-btn btn btn-common\" href=\"http:\/\/bakirkoyrotaract.org\/bultenler\/11.07.2013-Toplant\u01311-42-Bulten1.pdf\" target=\"_self\" title=\"\" onclick=\"\">\n\t\t<i class=\"fa-file-pdf\"><\/i> 11.07.2013  \/  Toplant\u0131 1\/42  \/  B\u00fclten 1\t<\/a>\n<\/div>\n<\/div><\/div><\/div><\/div><\/section><section class=\"kc-elm kc-css-280332 kc_row xt_kc_row_has_container xt_kc_row_has_padding\"><div class=\"kc-row-container  kc-container\"><div class=\"kc-wrap-columns\"><div class=\"kc-elm kc-css-741244 kc_col-sm-12 kc_column kc_col-sm-12\"><div class=\"kc-col-container\"><\/div><\/div><\/div><\/div><\/section><\/p>\n","protected":false},"excerpt":{"rendered":"","protected":false},"author":1,"featured_media":0,"parent":0,"menu_order":0,"comment_status":"closed","ping_status":"closed","template":"","meta":{"footnotes":""},"class_list":["post-3508","page","type-page","status-publish","hentry"],"_links":{"self":[{"href":"http:\/\/www.bakirkoyrotaract.org\/tr\/wp-json\/wp\/v2\/pages\/3508","targetHints":{"allow":["GET"]}}],"collection":[{"href":"http:\/\/www.bakirkoyrotaract.org\/tr\/wp-json\/wp\/v2\/pages"}],"about":[{"href":"http:\/\/www.bakirkoyrotaract.org\/tr\/wp-json\/wp\/v2\/types\/page"}],"author":[{"embeddable":true,"href":"http:\/\/www.bakirkoyrotaract.org\/tr\/wp-json\/wp\/v2\/users\/1"}],"replies":[{"embeddable":true,"href":"http:\/\/www.bakirkoyrotaract.org\/tr\/wp-json\/wp\/v2\/comments?post=3508"}],"version-history":[{"count":26,"href":"http:\/\/www.bakirkoyrotaract.org\/tr\/wp-json\/wp\/v2\/pages\/3508\/revisions"}],"predecessor-version":[{"id":9123,"href":"http:\/\/www.bakirkoyrotaract.org\/tr\/wp-json\/wp\/v2\/pages\/3508\/revisions\/9123"}],"wp:attachment":[{"href":"http:\/\/www.bakirkoyrotaract.org\/tr\/wp-json\/wp\/v2\/media?parent=3508"}],"curies":[{"name":"wp","href":"https:\/\/api.w.org\/{rel}","templated":true}]}}